
{"id":1991,"date":"2025-10-15T05:00:00","date_gmt":"2025-10-15T05:00:00","guid":{"rendered":"https:\/\/overline-poetry.de\/?page_id=1991"},"modified":"2025-10-15T12:52:23","modified_gmt":"2025-10-15T12:52:23","slug":"eu-parlament-es-geht-um-die-wurst","status":"publish","type":"page","link":"https:\/\/overline-poetry.de\/index.php\/eu-parlament-es-geht-um-die-wurst\/","title":{"rendered":"EU-Parlament \u2013 es geht um die Wurst"},"content":{"rendered":"\n<p>Bestimmt hat S\u00f6der die <strong>Wurst<\/strong> der EU als Sitzungpunkt aufgedr\u00e4ngt<br>und Manfred Weber, Abgesandter von Bayern, sich da &#8222;reingeh\u00e4ngt&#8220;.<br>Diese Hilfe f\u00fcr <strong>Fleischesser<\/strong>, damit ohne Nachzudenken sie erkennen,<br>darf man die <strong>fleischlose<\/strong> <strong>Wurst<\/strong>, nicht mehr als eine <strong>Wurst<\/strong> benennen.<br>Als <strong>Wurst<\/strong> ist eine l\u00e4ngliche Variante f\u00fcr Grill oder Braten dargestellt,<br>die in verschiedensten Rezepturen als Fastfood-Speise dann gef\u00e4llt.<br><br><strong>Fleischpflanzerl<\/strong>, so wird in Bayern die Frikadelle mit <strong>Fleisch<\/strong> benannt.<br>In anderen Gegenden als Bulette, Fleischklops, Fleischk\u00fcchle bekannt.<br>Bei diesem Produkt wird mit dem Wort <strong>Pflanzerl<\/strong> Veganes suggeriert <br>und auch das sollte ge\u00e4ndert, so dass der Veganer wird nicht irritiert.<br>Auch bei dem Fleischk\u00e4se wird inhaltlich eine K\u00e4sezugabe suggeriert,<br>aber es betrifft nur die Konsistenz der Teigmasse, falls es interessiert.<br><br>Der Hersteller von den veganen <strong>Fleischalternativen<\/strong> ist stets bestrebt,<br>dass beim Verpackungsaufdruck, sich von <strong>Fleischprodukten <\/strong>abhebt.<br>Auf Verpackungen ist deutlich vegan oder vegetarisch aufgedruckt,<br>wenn der Verbraucher sich die Verpackung dann genauer anguckt.<br>Um auch &#8222;Nichtlesenden&#8220; den Packungsinhalt einfach zu erkl\u00e4ren,<br>sind Tiere aufgedruckt und kann damit einen Fehlkauf verwehren.<br><br>Auch an den St\u00e4nden oder an Buden, wo <strong>W\u00fcrste<\/strong> werden offeriert,<br>gibt es deutliche Hinweise, f\u00fcr Konsumenten, die dieses interessiert.<br>Probleme bei Mitmenschen, die religi\u00f6s kein Schweinefleisch essen,<br>ist vegane <strong>Wurst<\/strong> sicher: <strong>Wurst<\/strong> vom Schwein sollte man vergessen.<br>Auch bei koscher oder halal Wurst ist dieses vor Genuss zu fragen<br>oder bedient sich bei seinem Lieferanten, die einem dieses sagen.<br><br>Auch der Begriff <strong>Kackwurst<\/strong> sollte von der EU entg\u00fcltig umbenannt,<br>denn sie beinhaltet kein <strong>Fleisch<\/strong> und ist als Abfallprodukt bekannt.<br>Es besteht somit eine Verwechslungsgefahr f\u00fcr den <strong>Fleischesser<\/strong>,<br>selbst nach dem Grillen oder Braten wird diese <strong>Wurst <\/strong>nicht besser.<br>Auf einerTagesordung des EU-Parlament sollte <strong>Kackwurst<\/strong> stehen,<br>die EU k\u00fcmmert sich um jeden Scheiss, so kann man dieses sehen.<br><br><strong>\u00a9 Rainer Dambroth \u2013 15.10.2025 \u2013 www.overline-poetry.de<\/strong><br><\/p>\n","protected":false},"excerpt":{"rendered":"<p>Bestimmt hat S\u00f6der die Wurst der EU als Sitzungpunkt aufgedr\u00e4ngtund Manfred Weber, Abgesandter von Bayern, sich da &#8222;reingeh\u00e4ngt&#8220;.Diese Hilfe f\u00fcr Fleischesser, damit ohne Nachzudenken sie erkennen,darf man die fleischlose Wurst, nicht mehr als eine Wurst benennen.Als Wurst ist eine l\u00e4ngliche Variante f\u00fcr Grill oder Braten dargestellt,die in verschiedensten Rezepturen als Fastfood-Speise dann gef\u00e4llt. Fleischpflanzerl, so [&hellip;]<\/p>\n","protected":false},"author":1,"featured_media":0,"parent":0,"menu_order":0,"comment_status":"closed","ping_status":"closed","template":"","meta":{"footnotes":""},"class_list":["post-1991","page","type-page","status-publish","hentry"],"jetpack_sharing_enabled":true,"_links":{"self":[{"href":"https:\/\/overline-poetry.de\/index.php\/wp-json\/wp\/v2\/pages\/1991","targetHints":{"allow":["GET"]}}],"collection":[{"href":"https:\/\/overline-poetry.de\/index.php\/wp-json\/wp\/v2\/pages"}],"about":[{"href":"https:\/\/overline-poetry.de\/index.php\/wp-json\/wp\/v2\/types\/page"}],"author":[{"embeddable":true,"href":"https:\/\/overline-poetry.de\/index.php\/wp-json\/wp\/v2\/users\/1"}],"replies":[{"embeddable":true,"href":"https:\/\/overline-poetry.de\/index.php\/wp-json\/wp\/v2\/comments?post=1991"}],"version-history":[{"count":2,"href":"https:\/\/overline-poetry.de\/index.php\/wp-json\/wp\/v2\/pages\/1991\/revisions"}],"predecessor-version":[{"id":1999,"href":"https:\/\/overline-poetry.de\/index.php\/wp-json\/wp\/v2\/pages\/1991\/revisions\/1999"}],"wp:attachment":[{"href":"https:\/\/overline-poetry.de\/index.php\/wp-json\/wp\/v2\/media?parent=1991"}],"curies":[{"name":"wp","href":"https:\/\/api.w.org\/{rel}","templated":true}]}}