
{"id":2000,"date":"2025-08-15T13:16:00","date_gmt":"2025-08-15T13:16:00","guid":{"rendered":"https:\/\/overline-poetry.de\/?page_id=2000"},"modified":"2025-10-15T13:18:49","modified_gmt":"2025-10-15T13:18:49","slug":"auch-alaska-gehoerte-einst-zu-russland-treffen-donald-trump-und-wladimir-putin","status":"publish","type":"page","link":"https:\/\/overline-poetry.de\/index.php\/auch-alaska-gehoerte-einst-zu-russland-treffen-donald-trump-und-wladimir-putin\/","title":{"rendered":"Auch Alaska geh\u00f6rte einst zu Russland \u2013 Treffen Donald Trump und Wladimir Putin"},"content":{"rendered":"\n<p>Alaska wurde 1867 als US-Bundesstaat von Russland \u00fcbernommen<br>7,2 Millionen Dollar hat Russland f\u00fcr den Alaska-Verkauf bekommen<br>Vielleicht will <strong>Wladimir Putin<\/strong> auch diesen Landverkauf \u201eannullieren\u201c,<br>weil ihm genau wie <strong>Donald Trump<\/strong> nur \u201eLandgewinne\u201c interessieren.<br><br>Warum hat denn <strong>Donald Trump<\/strong> f\u00fcr das Treffen Alaska ausgesucht?<br>Weil Alaska die Grenze zu Russland ist, hat man diesen Ort gebucht.<br>So kamen die beiden Pr\u00e4sidenten sich auf halben Wege entgegen,<br><strong>Donald Trump<\/strong> mit der gro\u00dfen Hoffnung, er k\u00f6nnte was bewegen.<br><br>Beim Empfang in Alaska hat <strong>Donald Trump<\/strong> <strong>Wladimir Putin<\/strong> hofiert,<br>sogar nach <strong>Wladimir Putins<\/strong> Ankunft ihm frenetisch dann applaudiert<br>Sogar der rote Teppich wurde f\u00fcr den <strong>Despoten Putin<\/strong> ausgebreitet,<br>und huldigend zugesehen, wie <strong>Wladimir Putin<\/strong> diesen beschreitet.<br><br>Der gro\u00dfe Wunsch von <strong>Donald Trump<\/strong> w\u00e4re in der Ukraine Frieden,<br>aber daf\u00fcr sind beide Positionen f\u00fcr einen Frieden zu verschieden.<br><strong>Wladimir Putin<\/strong> will die ganze Ukraine besitzen oder sie zerst\u00f6ren,<br>scheint an Frieden nicht interessiert und l\u00e4sst sich nicht bet\u00f6ren.<br><br><strong>Wladimir Putin<\/strong> glaubt, es geht um wirtschaftliche Zusammenarbeit<br>und war deshalb zu dem Treffen mit <strong>Donald Trump<\/strong> in Alaska bereit.<br><strong>Donald Trump<\/strong> hat von <strong>Wladimir<\/strong> <strong>Putin<\/strong> einen Ukraine-Deal erhofft,<br>aber auch diesmal von <strong>Wladimir<\/strong> <strong>Putin<\/strong> get\u00e4uscht, wie schon so oft.<br><br><strong>Donald Trump<\/strong> denkt wie eine \u201eKr\u00e4merseele\u201c, nur an seinen Gewinn,<br>aber <strong>Wladimir Putin<\/strong> sucht wirtschaftliche Kooperation, so sein Sinn.<br>Nach einer fast &#8222;freundschaftlichen Begegnung&#8220; nach frostiger Zeit,<br>sollte <strong>Wladimir Putin<\/strong> f\u00fcr dauerhaften Frieden in der Ukraine bereit.<br><br><strong>\u00a9 Rainer Dambroth \u2013 15.08.2025 \u2013 www.overline-poetry.de<\/strong><br><br><em>16.08.2025 \u2014 Das Treffen von US-Pr\u00e4sident Trump und Kreml-Chef Putin ergab keinen Durchbruch im Ukraine-Krieg<\/em><\/p>\n","protected":false},"excerpt":{"rendered":"<p>Alaska wurde 1867 als US-Bundesstaat von Russland \u00fcbernommen7,2 Millionen Dollar hat Russland f\u00fcr den Alaska-Verkauf bekommenVielleicht will Wladimir Putin auch diesen Landverkauf \u201eannullieren\u201c,weil ihm genau wie Donald Trump nur \u201eLandgewinne\u201c interessieren. Warum hat denn Donald Trump f\u00fcr das Treffen Alaska ausgesucht?Weil Alaska die Grenze zu Russland ist, hat man diesen Ort gebucht.So kamen die beiden [&hellip;]<\/p>\n","protected":false},"author":1,"featured_media":0,"parent":0,"menu_order":0,"comment_status":"closed","ping_status":"closed","template":"","meta":{"footnotes":""},"class_list":["post-2000","page","type-page","status-publish","hentry"],"jetpack_sharing_enabled":true,"_links":{"self":[{"href":"https:\/\/overline-poetry.de\/index.php\/wp-json\/wp\/v2\/pages\/2000","targetHints":{"allow":["GET"]}}],"collection":[{"href":"https:\/\/overline-poetry.de\/index.php\/wp-json\/wp\/v2\/pages"}],"about":[{"href":"https:\/\/overline-poetry.de\/index.php\/wp-json\/wp\/v2\/types\/page"}],"author":[{"embeddable":true,"href":"https:\/\/overline-poetry.de\/index.php\/wp-json\/wp\/v2\/users\/1"}],"replies":[{"embeddable":true,"href":"https:\/\/overline-poetry.de\/index.php\/wp-json\/wp\/v2\/comments?post=2000"}],"version-history":[{"count":1,"href":"https:\/\/overline-poetry.de\/index.php\/wp-json\/wp\/v2\/pages\/2000\/revisions"}],"predecessor-version":[{"id":2004,"href":"https:\/\/overline-poetry.de\/index.php\/wp-json\/wp\/v2\/pages\/2000\/revisions\/2004"}],"wp:attachment":[{"href":"https:\/\/overline-poetry.de\/index.php\/wp-json\/wp\/v2\/media?parent=2000"}],"curies":[{"name":"wp","href":"https:\/\/api.w.org\/{rel}","templated":true}]}}