
{"id":2027,"date":"2025-10-19T15:29:52","date_gmt":"2025-10-19T15:29:52","guid":{"rendered":"https:\/\/overline-poetry.de\/?page_id=2027"},"modified":"2025-10-22T05:48:57","modified_gmt":"2025-10-22T05:48:57","slug":"donald-trump-und-sein-trumpbogen","status":"publish","type":"page","link":"https:\/\/overline-poetry.de\/index.php\/donald-trump-und-sein-trumpbogen\/","title":{"rendered":"Donald Trump und sein Trumpbogen"},"content":{"rendered":"\n<p>Bei <strong>Donald Trump<\/strong> ist der Gr\u00f6\u00dfenwahn schon lange angekommen,<br>mit dem, was er sich zur Kr\u00f6nung seines Triumphs, vorgenommen.<br>Ein Triumphbogen soll dann als Ehrenmal f\u00fcr <strong>Donald Trump<\/strong> gebaut,<br>damit das Volk ehrf\u00fcrchtig zum Denkmal ihres Herrscher aufschaut<br><br>Die Pressefreiheit im <strong>Wei\u00dfen Haus<\/strong> durch die Zensur eingeschr\u00e4nkt,<br>im dem <strong>Wei\u00dfen Haus<\/strong> will man vorab lesen, was die Presse so denkt.<br>Die Konsequenz dieser fragw\u00fcrdigen Anordnung, so stellte man fest,<br>dass daraufhin die Presse fast geschlossen das <strong>Wei\u00dfe Haus<\/strong> verl\u00e4sst.<br><br>Was ist das f\u00fcr eine \u201efreie Meinung\u201c, die zuvor streng wird zensiert<br>und Kritik an <strong>Donald<\/strong> <strong>Trump<\/strong> und der Regierung wird gleich kassiert?<br>Wenn von Medien nur zensierte Informationen von <strong>Trump<\/strong> gesendet,<br>kann nicht berichtet, wenn Demokratie in Autokratie sich gewendet.<br><br><strong>Donald Trump<\/strong> bei mindestens sieben Kriegen &#8222;Einfluss&#8220; genommen,<br>so dass es doch zu einem Waffenstillstand der Parteien gekommen?<br>Das ist die Wahrnehmung von <strong>Donald Trump<\/strong> aus dem <strong>Wei\u00dfen Haus<\/strong>.<br>Mit Pressezensur sieht eine gedruckte Pressemitteilung so dann aus.<br><br>Ob das in Realit\u00e4t den &#8222;Heldentaten&#8220; von <strong>Donald Trump<\/strong> entspricht, <br>das erf\u00e4hrt der get\u00e4uschte Leser in den &#8222;zensierten Berichten&#8220; nicht.<br>Wenn das Volk dumm gehalten, kann <strong>Donald Trump<\/strong> durchregieren,<br>und mit &#8222;frisierten Informationen&#8220; dem Pr\u00e4sidenten nichts passieren. <br><br>In <strong>Amerika<\/strong> kann man zur Zeit den<strong> Rechtsextremismus pur<\/strong> erleben,<br>wenn einem durchgeknallten Egomanen wird zu viel Macht gegeben.<br>W\u00e4re bei uns die <strong>rechtsextremistische<\/strong> <strong>AFD<\/strong> an der Regierungsmacht,<br>w\u00e4re derselbe Zustand wie in Amerika, dieses schneller als gedacht.<br><br>Die Amerikaner jetzt den Fehler mit <strong>Donald Trump<\/strong> bitter erfahren,<br>diesen Fehler sollten wir uns mit der <strong>AFD<\/strong> schon im Vorfeld ersparen.<br><strong>Donald Trump<\/strong> den Staatsapparat nur zu seinem Vorteil &#8222;angepasst&#8220;,<br>Personen ersetzt oder &#8222;gefeuert&#8220;, die <strong>Donald<\/strong> <strong>Trump<\/strong> sehr &#8222;gehasst&#8220;.<br><br>Personen mit &#8222;ausl\u00e4ndischen Wurzeln&#8220; nicht mehr gut aufgehoben<br>und diese werden, weil es die Quote so will, grundlos abgeschoben.<br>Selbst mit Aufenthaltsgenehmigung, bei der Arbeit heraus gerissen,<br>brutal inhaftiert oder ohne Hab und Gut aus dem Land geschmissen.<br><br>Auch in Amerika wird das &#8222;billige Fu\u00dfvolk&#8220; zum Arbeiten gebraucht,<br>damit auch bei den <strong>TEC-Milliard\u00e4ren<\/strong> dann der &#8222;Schornstein raucht&#8220;.<br><strong>Donald Trump<\/strong> g\u00f6nnerhaft <strong>TEC-Milliard\u00e4re<\/strong> zum Essen eingeladen<br>und hofft inst\u00e4ndig, dass er bald wie sie, kann im Geld dann baden. <br><br><strong>\u00a9 Rainer Dambroth \u2013 19.10.2025 \u2013 www.overline-poetry.de<\/strong><\/p>\n","protected":false},"excerpt":{"rendered":"<p>Bei Donald Trump ist der Gr\u00f6\u00dfenwahn schon lange angekommen,mit dem, was er sich zur Kr\u00f6nung seines Triumphs, vorgenommen.Ein Triumphbogen soll dann als Ehrenmal f\u00fcr Donald Trump gebaut,damit das Volk ehrf\u00fcrchtig zum Denkmal ihres Herrscher aufschaut Die Pressefreiheit im Wei\u00dfen Haus durch die Zensur eingeschr\u00e4nkt,im dem Wei\u00dfen Haus will man vorab lesen, was die Presse so [&hellip;]<\/p>\n","protected":false},"author":1,"featured_media":0,"parent":0,"menu_order":0,"comment_status":"closed","ping_status":"closed","template":"","meta":{"footnotes":""},"class_list":["post-2027","page","type-page","status-publish","hentry"],"jetpack_sharing_enabled":true,"_links":{"self":[{"href":"https:\/\/overline-poetry.de\/index.php\/wp-json\/wp\/v2\/pages\/2027","targetHints":{"allow":["GET"]}}],"collection":[{"href":"https:\/\/overline-poetry.de\/index.php\/wp-json\/wp\/v2\/pages"}],"about":[{"href":"https:\/\/overline-poetry.de\/index.php\/wp-json\/wp\/v2\/types\/page"}],"author":[{"embeddable":true,"href":"https:\/\/overline-poetry.de\/index.php\/wp-json\/wp\/v2\/users\/1"}],"replies":[{"embeddable":true,"href":"https:\/\/overline-poetry.de\/index.php\/wp-json\/wp\/v2\/comments?post=2027"}],"version-history":[{"count":2,"href":"https:\/\/overline-poetry.de\/index.php\/wp-json\/wp\/v2\/pages\/2027\/revisions"}],"predecessor-version":[{"id":2052,"href":"https:\/\/overline-poetry.de\/index.php\/wp-json\/wp\/v2\/pages\/2027\/revisions\/2052"}],"wp:attachment":[{"href":"https:\/\/overline-poetry.de\/index.php\/wp-json\/wp\/v2\/media?parent=2027"}],"curies":[{"name":"wp","href":"https:\/\/api.w.org\/{rel}","templated":true}]}}