
{"id":203,"date":"2024-12-03T08:26:00","date_gmt":"2024-12-03T08:26:00","guid":{"rendered":"https:\/\/overline-poetry.de\/?page_id=203"},"modified":"2025-08-26T08:58:29","modified_gmt":"2025-08-26T08:58:29","slug":"friedrich-merz-und-sein-csu-schatten","status":"publish","type":"page","link":"https:\/\/overline-poetry.de\/index.php\/friedrich-merz-und-sein-csu-schatten\/","title":{"rendered":"Friedrich Merz und sein CSU-Schatten"},"content":{"rendered":"\n<p>Merz erzeugt nur einen &#8222;kleinen Schatten\u201c, selbst im hellsten Licht?<br>Nein, das ist der Dobrindt von der CSU, den sieht man sofort nicht!<br>Alexander Dobrindt, der Vorsitzende der \u201ebayrischen Bierzeltpartei\u201c,<br>denn die wittert die Chance, dass sie als Regierung ist wieder dabei.<br><br>Wo Kanzleranw\u00e4rter Merz, CDU, leiert seine Phrasen herunter gern,<br>steht \u201eSchatten\u201c, Alexander Dobrindt von der CSU, nicht allzu fern.<br>Die bayrische Minipartei CSU sich jetzt st\u00e4rker in den Fokus dr\u00e4ngt,<br>weil sie mit der CDU, ihrer gro\u00dfen Schwester, eng zusammenh\u00e4ngt.<br><br>Wird dem Merz seine Reden von der CSU vielleicht sogar \u201esouffliert\u201c,<br>oder der Dobrindt passt auf, das Friedrich Merz verbal nichts riskiert?<br>Der christlichen Gruppe wurde eine mehrj\u00e4hrige Amnesie attestiert,<br>aber sollten sie Macht erlangen, die Amnesie nicht mehr interessiert.<br><br><strong>\u00a9 Rainer Dambroth &#8211; 03.12.2024 &#8211; <a href=\"http:\/\/www.overline-poetry.de\/\">www.overline-poetry.de<\/a><\/strong><\/p>\n","protected":false},"excerpt":{"rendered":"<p>Merz erzeugt nur einen &#8222;kleinen Schatten\u201c, selbst im hellsten Licht?Nein, das ist der Dobrindt von der CSU, den sieht man sofort nicht!Alexander Dobrindt, der Vorsitzende der \u201ebayrischen Bierzeltpartei\u201c,denn die wittert die Chance, dass sie als Regierung ist wieder dabei. Wo Kanzleranw\u00e4rter Merz, CDU, leiert seine Phrasen herunter gern,steht \u201eSchatten\u201c, Alexander Dobrindt von der CSU, nicht [&hellip;]<\/p>\n","protected":false},"author":1,"featured_media":0,"parent":0,"menu_order":0,"comment_status":"closed","ping_status":"closed","template":"","meta":{"footnotes":""},"class_list":["post-203","page","type-page","status-publish","hentry"],"jetpack_sharing_enabled":true,"_links":{"self":[{"href":"https:\/\/overline-poetry.de\/index.php\/wp-json\/wp\/v2\/pages\/203","targetHints":{"allow":["GET"]}}],"collection":[{"href":"https:\/\/overline-poetry.de\/index.php\/wp-json\/wp\/v2\/pages"}],"about":[{"href":"https:\/\/overline-poetry.de\/index.php\/wp-json\/wp\/v2\/types\/page"}],"author":[{"embeddable":true,"href":"https:\/\/overline-poetry.de\/index.php\/wp-json\/wp\/v2\/users\/1"}],"replies":[{"embeddable":true,"href":"https:\/\/overline-poetry.de\/index.php\/wp-json\/wp\/v2\/comments?post=203"}],"version-history":[{"count":3,"href":"https:\/\/overline-poetry.de\/index.php\/wp-json\/wp\/v2\/pages\/203\/revisions"}],"predecessor-version":[{"id":606,"href":"https:\/\/overline-poetry.de\/index.php\/wp-json\/wp\/v2\/pages\/203\/revisions\/606"}],"wp:attachment":[{"href":"https:\/\/overline-poetry.de\/index.php\/wp-json\/wp\/v2\/media?parent=203"}],"curies":[{"name":"wp","href":"https:\/\/api.w.org\/{rel}","templated":true}]}}