
{"id":2061,"date":"2021-08-24T14:36:00","date_gmt":"2021-08-24T14:36:00","guid":{"rendered":"https:\/\/overline-poetry.de\/?page_id=2061"},"modified":"2025-10-24T14:38:07","modified_gmt":"2025-10-24T14:38:07","slug":"wie-quer-denken-querdenker","status":"publish","type":"page","link":"https:\/\/overline-poetry.de\/index.php\/wie-quer-denken-querdenker\/","title":{"rendered":"Wie quer denken Querdenker?"},"content":{"rendered":"\n<p>Wenn ein Querdenker einmal quer denkt,<br>denkt er normal, oder sehr eingeschr\u00e4nkt?<br>So ist es mir letztens im Web doch passiert,<br>als eine Querdenkerin ihre Haltung verliert.<br><br>Das Thema Impfung, vom Staat favorisiert,<br>wo man einen &#8222;Chip von Bill Gates&#8220; riskiert.<br>Sehr \u00fcberrascht war ich von ihren Gedanken,<br>denkt sie normal oder zwischen Schranken?<br><br>Solche Wirren kreisen nicht in meinem Hirn,<br>wenn es zwangsbefohlen, biete ich die Stirn.<br>Nur da ist etwas, was da zwischen uns steht,<br>dass ist das Problem der &#8222;Herdenimmunit\u00e4t&#8220;.<br><br>Wer nicht durch die Impfung wird gesch\u00fctzt,<br>dem sein Protest auch nicht viel dann n\u00fctzt.<br>T\u00fcren bleiben f\u00fcr Impfgegner verschlossen,<br>wo Geimpfte schon ihre Freiheit genossen.<br><br>Man mu\u00df man sich letztendlich entscheiden,<br>will man dabei sein, oder es lieber vermeiden.<br>Die Querdenker werden schnell verdrossen,<br>wenn man sie vom Leben hat ausgeschlossen.<br><br>Sie wollen nur die Vorteile uneingeschr\u00e4nkt,<br>aber die Voraussetzungen werden verdr\u00e4ngt.<br>Das ist f\u00fcr die Querdenker eine gro\u00dfe Qual,<br>denen ist die Gesundheit der Mitb\u00fcrger egal.<br><br>Man sich dann einer Protestpartei anh\u00e4ngt,<br>die, wie man selbst, die Wahrheit verdr\u00e4ngt.<br>Weil man sich vom System f\u00fchlt &#8222;eingeengt&#8220;,<br>hat man sich dieser Protestpartei angeh\u00e4ngt.<br><br>Gegen die Regierung sie dann demonstrieren,<br>sie wollen nicht gegen die Regierung verlieren.<br>Proteste werden von auch einer Partei gest\u00fctzt,<br>die die Demonstration nat\u00fcrlich f\u00fcr sich n\u00fctzt.<br><br>Die Regierung ist den Querdenkern so verhasst,<br>dass sie die am liebsten h\u00e4tten gleich geschasst.<br>Die Regierung ist dem B\u00fcrgerwohl verpflichtet,<br>so dass sie nicht auf eine Impfung verzichtet.<br><br>Man kann die Bundesregierung nur kritisieren,<br>wenn bei Corona nur deutsche B\u00fcrger verlieren.<br>Da es auf der ganzen Welt grassiert und mutiert,<br>in jedem Land auf dieser Welt der B\u00fcrger verliert.<br><br><strong>\u00a9<\/strong> Rainer Dambroth &#8211; 24.08.2021 &#8211; <strong><a href=\"http:\/\/www.overline-poetry.de\">www.overline-poetry.de<\/a><\/strong><br><\/p>\n","protected":false},"excerpt":{"rendered":"<p>Wenn ein Querdenker einmal quer denkt,denkt er normal, oder sehr eingeschr\u00e4nkt?So ist es mir letztens im Web doch passiert,als eine Querdenkerin ihre Haltung verliert. Das Thema Impfung, vom Staat favorisiert,wo man einen &#8222;Chip von Bill Gates&#8220; riskiert.Sehr \u00fcberrascht war ich von ihren Gedanken,denkt sie normal oder zwischen Schranken? Solche Wirren kreisen nicht in meinem Hirn,wenn [&hellip;]<\/p>\n","protected":false},"author":1,"featured_media":0,"parent":0,"menu_order":0,"comment_status":"closed","ping_status":"closed","template":"","meta":{"footnotes":""},"class_list":["post-2061","page","type-page","status-publish","hentry"],"jetpack_sharing_enabled":true,"_links":{"self":[{"href":"https:\/\/overline-poetry.de\/index.php\/wp-json\/wp\/v2\/pages\/2061","targetHints":{"allow":["GET"]}}],"collection":[{"href":"https:\/\/overline-poetry.de\/index.php\/wp-json\/wp\/v2\/pages"}],"about":[{"href":"https:\/\/overline-poetry.de\/index.php\/wp-json\/wp\/v2\/types\/page"}],"author":[{"embeddable":true,"href":"https:\/\/overline-poetry.de\/index.php\/wp-json\/wp\/v2\/users\/1"}],"replies":[{"embeddable":true,"href":"https:\/\/overline-poetry.de\/index.php\/wp-json\/wp\/v2\/comments?post=2061"}],"version-history":[{"count":1,"href":"https:\/\/overline-poetry.de\/index.php\/wp-json\/wp\/v2\/pages\/2061\/revisions"}],"predecessor-version":[{"id":2065,"href":"https:\/\/overline-poetry.de\/index.php\/wp-json\/wp\/v2\/pages\/2061\/revisions\/2065"}],"wp:attachment":[{"href":"https:\/\/overline-poetry.de\/index.php\/wp-json\/wp\/v2\/media?parent=2061"}],"curies":[{"name":"wp","href":"https:\/\/api.w.org\/{rel}","templated":true}]}}