
{"id":2068,"date":"2022-02-12T14:46:00","date_gmt":"2022-02-12T14:46:00","guid":{"rendered":"https:\/\/overline-poetry.de\/?page_id=2068"},"modified":"2025-10-24T14:50:36","modified_gmt":"2025-10-24T14:50:36","slug":"querdenker-in-pflegenden-berufen","status":"publish","type":"page","link":"https:\/\/overline-poetry.de\/index.php\/querdenker-in-pflegenden-berufen\/","title":{"rendered":"Querdenker in pflegenden Berufen"},"content":{"rendered":"\n<p>Wenn Querdenker in ihrem Beruf kranke oder alte Menschen pflegen,<br>dann kann man sie auch mit \u201eWerbung\u201c nicht zu einer Impfung bewegen.<br>Sehr &#8222;tief verwurzelt&#8220; und &#8222;unverr\u00fcckbar fest&#8220; sind doch ihre Gedanken,<br>das man durch eine Corona-Impfung kann dann sehr schwer erkranken.<br><br>Dieses Querdenken nat\u00fcrlich auch jeder vern\u00fcnftigen Logik entbehrt,<br>bisher blieben die Geimpften alle gesund und somit auch unversehrt.<br>Querdenker sind die Schwachstelle in unserem demokratischen System,<br>denn die \u201equerdenkenden\u201c Impfgegner werden in der Pflege unbequem.<br><br>Sie laufen ungesch\u00fctzt bei Demos und das ist doch auch sehr un\u00fcberlegt,<br>denn morgen werden dann wieder kranke oder alte Menschen gepflegt.<br>So wird der Kontakt mit Querdenkern f\u00fcr die Kranken zu einem Risiko,<br>denn die Kranken k\u00f6nnen sich nicht wehren und das macht nicht froh.<br><br>Die Positionen sind \u201efestgefahren\u201c und das Umfeld dieses auch mit pr\u00e4gt.<br>Sie sollten sich der Verantwortung bewusst sein, wenn Menschen gepflegt.<br>K\u00f6nnen sie es denn verantworten und vereinbaren mit ihrem Gewissen,<br>wenn durch diese Haltung kranke Menschen leiden oder sterben m\u00fcssen.<br><br>Was kann die Politik mit einer Impfpflicht bei den Impfgegnern erreichen,<br>dass die Pflegenden mit Widerstand aus dem Pflegeberuf dann entweichen.<br>Es sei den den Demonstranten als einen Kritikpunkt aber schon zugedacht,<br>dass Politik mit unkoordinierten Handeln und ihrer Strategie Fehler macht.<br><br>So werden dann die kranken und alten Menschen vielleicht darunter leiden,<br>die doch den Umgang mit den &#8222;Querdenkenden&#8220; k\u00f6nnen nicht vermeiden.<br>Warum denken blo\u00df die Kr\u00e4fte in der Pflege so festgefahren und \u201everquert\u201c,<br>ist denen denn der zu pflegende alte oder kranke Mensch nichts mehr wert?<br><br><strong>\u00a9<\/strong> Rainer Dambroth &#8211; 12.02.2022 &#8211; <strong><a href=\"http:\/\/www.overline-poetry.de\/\">www.overline-poetry.de<\/a><\/strong><br><br><strong><a href=\"https:\/\/overline-poetry.de\/wp-admin\/post.php?post=2061&amp;action=edit\">Wie quer denken Querdenker?<\/a><\/strong><\/p>\n","protected":false},"excerpt":{"rendered":"<p>Wenn Querdenker in ihrem Beruf kranke oder alte Menschen pflegen,dann kann man sie auch mit \u201eWerbung\u201c nicht zu einer Impfung bewegen.Sehr &#8222;tief verwurzelt&#8220; und &#8222;unverr\u00fcckbar fest&#8220; sind doch ihre Gedanken,das man durch eine Corona-Impfung kann dann sehr schwer erkranken. Dieses Querdenken nat\u00fcrlich auch jeder vern\u00fcnftigen Logik entbehrt,bisher blieben die Geimpften alle gesund und somit auch [&hellip;]<\/p>\n","protected":false},"author":1,"featured_media":0,"parent":0,"menu_order":0,"comment_status":"closed","ping_status":"closed","template":"","meta":{"footnotes":""},"class_list":["post-2068","page","type-page","status-publish","hentry"],"jetpack_sharing_enabled":true,"_links":{"self":[{"href":"https:\/\/overline-poetry.de\/index.php\/wp-json\/wp\/v2\/pages\/2068","targetHints":{"allow":["GET"]}}],"collection":[{"href":"https:\/\/overline-poetry.de\/index.php\/wp-json\/wp\/v2\/pages"}],"about":[{"href":"https:\/\/overline-poetry.de\/index.php\/wp-json\/wp\/v2\/types\/page"}],"author":[{"embeddable":true,"href":"https:\/\/overline-poetry.de\/index.php\/wp-json\/wp\/v2\/users\/1"}],"replies":[{"embeddable":true,"href":"https:\/\/overline-poetry.de\/index.php\/wp-json\/wp\/v2\/comments?post=2068"}],"version-history":[{"count":2,"href":"https:\/\/overline-poetry.de\/index.php\/wp-json\/wp\/v2\/pages\/2068\/revisions"}],"predecessor-version":[{"id":2073,"href":"https:\/\/overline-poetry.de\/index.php\/wp-json\/wp\/v2\/pages\/2068\/revisions\/2073"}],"wp:attachment":[{"href":"https:\/\/overline-poetry.de\/index.php\/wp-json\/wp\/v2\/media?parent=2068"}],"curies":[{"name":"wp","href":"https:\/\/api.w.org\/{rel}","templated":true}]}}