
{"id":2078,"date":"2025-10-27T14:53:32","date_gmt":"2025-10-27T14:53:32","guid":{"rendered":"https:\/\/overline-poetry.de\/?page_id=2078"},"modified":"2025-10-27T15:22:37","modified_gmt":"2025-10-27T15:22:37","slug":"friedrich-merz-und-sein-stadtbild","status":"publish","type":"page","link":"https:\/\/overline-poetry.de\/index.php\/friedrich-merz-und-sein-stadtbild\/","title":{"rendered":"Friedrich Merz und sein Stadtbild"},"content":{"rendered":"\n<p><strong>Friedrich Merz<\/strong> sich sehr an den <strong>Rechtspopulismus<\/strong> <strong>der<\/strong> <strong>AFD<\/strong> anlehnt,<br>denn er verwendet doch schon dasselbe Vokabular, sei hier erw\u00e4hnt.<br>Ich liebe Multikulturalit\u00e4t, denn f\u00fcr mich ist unsere Erde \u201ekugelrund\u201c,<br>wir alle sind willkommene Mitbewohner, mein Weltbild das ist bunt.<br>F\u00fcr Denjenigen, f\u00fcr deren Sicht, die Erde gestaltet sich als &#8222;Scheibe&#8220;,<br>der m\u00f6ge sofort ausreisen, oder das er auch in seiner Heimat bleibe.<br><br>Das sich ein weltoffenes Deutschland sich multikulturell offen zeigt,<br>hei\u00dft nicht, dass man den radikalen Glaubensanh\u00e4ngern zugeneigt.<br>Als Willkommensgru\u00df sollte man den jungen M\u00e4nnern doch erkl\u00e4ren,<br>das unsere Frauen per Gesetz gesch\u00fctzt, \u00fcber Bestrafung belehren.<br>Wer von den <strong>Ankommenden<\/strong>, mit unserem Gesetz kommt in Konflikt,<br>sollte ohne R\u00fccksichtnahme, wieder in seine Heimat zur\u00fcck geschickt.<br><br>Bei den <strong>Ankommenden<\/strong> sollte man die \u201eSpreu vom Weizen\u201c trennen<br>und die unter Kontrolle stellen, die nur zu den \u201eZahl\u00e4mtern\u201c rennen.<br>Die regierende Politik sollte Beh\u00f6rden und \u00c4mter umstrukturieren,<br>so wie die <strong>Ankommenden<\/strong> jetzt verwaltet, k\u00f6nnen wir nur verlieren.<br>Viele wollen arbeiten und f\u00fcr den Unterhalt auch selbst aufkommen,<br>denen, durch \u00fcberbordende Verwaltung, die Motivation genommen.<br><br>Bei den <strong>Ankommenden<\/strong>, da sollte man den Arbeitswillen erkunden,<br>denn so manche Firma w\u00e4re froh, wenn sie Mitarbeiter gefunden.<br>In der Dienstleistung, im Pflegebereich und auch im Krankenhaus,<br>da sehe es ohne die arbeitswilligen Migranten recht trostlos aus.<br>Diese unterversorgte L\u00fccke aufzuf\u00fcllen mit \u201efaulen Arbeitslosen\u201c,<br>geht im Umgang mit \u201ezu Pflegenden\u201c oder Kranken \u201ein die Hosen\u201c.<br><br>Der Tourismus aus \u201eanderen Kulturen&#8220; sollte dringend \u201e\u00fcberdacht\u201c,<br>auf keinen Fall sollten sie in den St\u00e4dten dann bleiben, \u00fcber Nacht.<br>Sie verf\u00e4lschen das \u201e<strong>Stadtbild<\/strong>\u201c, weil sie nicht \u201edeutsch\u201c aussehen,<br>dadurch wirken sie &#8222;bedrohlich&#8220;, so k\u00f6nnte man dieses verstehen.<br>Die \u201efremdl\u00e4ndischen Lokale\u201c sollten abends geschlossen werden,<br>denn auch sie &#8222;beherbergen Unsicherheit&#8220;, auf \u201edeutschen Erden\u201c.<br><br><strong>\u00a9 Rainer Dambroth \u2013 27.10.2025 \u2013 www.overline-poetry.de<\/strong><br><br><strong><a href=\"https:\/\/overline-poetry.de\/wp-admin\/post.php?post=1041&amp;action=edit\">Warum hast du solch einen Hass?<\/a><\/strong><\/p>\n","protected":false},"excerpt":{"rendered":"<p>Friedrich Merz sich sehr an den Rechtspopulismus der AFD anlehnt,denn er verwendet doch schon dasselbe Vokabular, sei hier erw\u00e4hnt.Ich liebe Multikulturalit\u00e4t, denn f\u00fcr mich ist unsere Erde \u201ekugelrund\u201c,wir alle sind willkommene Mitbewohner, mein Weltbild das ist bunt.F\u00fcr Denjenigen, f\u00fcr deren Sicht, die Erde gestaltet sich als &#8222;Scheibe&#8220;,der m\u00f6ge sofort ausreisen, oder das er auch in [&hellip;]<\/p>\n","protected":false},"author":1,"featured_media":0,"parent":0,"menu_order":0,"comment_status":"closed","ping_status":"closed","template":"","meta":{"footnotes":""},"class_list":["post-2078","page","type-page","status-publish","hentry"],"jetpack_sharing_enabled":true,"_links":{"self":[{"href":"https:\/\/overline-poetry.de\/index.php\/wp-json\/wp\/v2\/pages\/2078","targetHints":{"allow":["GET"]}}],"collection":[{"href":"https:\/\/overline-poetry.de\/index.php\/wp-json\/wp\/v2\/pages"}],"about":[{"href":"https:\/\/overline-poetry.de\/index.php\/wp-json\/wp\/v2\/types\/page"}],"author":[{"embeddable":true,"href":"https:\/\/overline-poetry.de\/index.php\/wp-json\/wp\/v2\/users\/1"}],"replies":[{"embeddable":true,"href":"https:\/\/overline-poetry.de\/index.php\/wp-json\/wp\/v2\/comments?post=2078"}],"version-history":[{"count":2,"href":"https:\/\/overline-poetry.de\/index.php\/wp-json\/wp\/v2\/pages\/2078\/revisions"}],"predecessor-version":[{"id":2085,"href":"https:\/\/overline-poetry.de\/index.php\/wp-json\/wp\/v2\/pages\/2078\/revisions\/2085"}],"wp:attachment":[{"href":"https:\/\/overline-poetry.de\/index.php\/wp-json\/wp\/v2\/media?parent=2078"}],"curies":[{"name":"wp","href":"https:\/\/api.w.org\/{rel}","templated":true}]}}