
{"id":2086,"date":"2025-10-28T07:01:51","date_gmt":"2025-10-28T07:01:51","guid":{"rendered":"https:\/\/overline-poetry.de\/?page_id=2086"},"modified":"2025-10-28T09:24:12","modified_gmt":"2025-10-28T09:24:12","slug":"stephen-miller-influencer-von-donald-trump","status":"publish","type":"page","link":"https:\/\/overline-poetry.de\/index.php\/stephen-miller-influencer-von-donald-trump\/","title":{"rendered":"Stephen Miller, Influencer von Donald Trump"},"content":{"rendered":"\n<p>Stellvertretender Stabschef und Redenschreiber im <strong>Wei\u00dfen Haus<\/strong>.<br>Ohne ihn, k\u00e4men von <strong>Donald Trump<\/strong> nur sinnloses Gerede heraus.<br><strong>Stephen Miller<\/strong> ist der \u201eScharfmacher\u201c, auch in der Migrationspolitik<br>und hat die strategische Planung f\u00fcr <strong>Donald Trump<\/strong> fest im Blick.<br><br>Was <strong>Donald Trump<\/strong> redet und welche Strategie <strong>Donald Trump<\/strong> denkt,<br>wird von dem stellvertretenden Stabschef <strong>Stephen Miller<\/strong> gelenkt.<br>Denn <strong>Stephen Miller<\/strong> ist Stratege, der f\u00fcr <strong>Donald Trump<\/strong> alles plant,<br>zust\u00e4ndig f\u00fcr \u201eSch\u00e4rfe\u201c bei den Migranten, so wie es nicht geahnt.<br><br><strong>Stephen Miller&#8217;s<\/strong> Reden <strong>Donald Trump<\/strong> auf Telepromptern pr\u00e4sentiert,<br>damit <strong>Donald Trump<\/strong>, sich nicht nur in \u201einhaltsloses Gerede\u201c verliert.<br>Darum ist <strong>Donald Trump<\/strong> auch jedes Mal v\u00f6llig frustiert und irritiert,<br>wenn ihm wird kein funktionierender Teleprompter dann pr\u00e4sentiert.<br><br>Eine Rolltreppe im Not-Stillstand brachten ihn dann in Wut und Rage,<br>durch sein mitreisenden Personal verursacht, wurde es seine Blamage.<br>In dem UNO-Geb\u00e4ude in New York, ist dieses \u201eUngl\u00fcck\u201c so passiert,<br>als der Teleprompter auch versagte, ist <strong>Donald Trump<\/strong> \u201eexplodiert\u201c.<br><br>Pr\u00e4sident <strong>Donald Trump<\/strong> will das <strong>Wei\u00dfe Haus<\/strong> komplett umgestalten,<br>nur die Kuppel und die geschichtstr\u00e4chtige Fassade bleiben erhalten.<br><strong>Donald Trump<\/strong> sieht sich, als &#8222;von Gott auserw\u00e4hlt&#8220;, dazu autorisiert,<br>alles nur das so zu machen, was ihn als eine Kr\u00e4merseele interessiert.<br><br>Ohne Baugenehmigung hat er den Abriss vom Ostfl\u00fcgel organisiert,<br>denn kein Gesetz dem K\u00f6nig <strong>Donald Trump<\/strong> sein Handeln blockiert.<br>Wenn <strong>Donald Trump<\/strong> hat das <strong>Wei\u00dfe Haus<\/strong> komplett weg \u201eradiert\u201c,<br>zu sp\u00e4t, ihm erst dann eine Unzurechnungsf\u00e4higkeit wird attestiert.<br><br><strong>\u00a9 Rainer Dambroth \u2013 28.10.2025 \u2013 <a href=\"http:\/\/www.overline-poetry.de\/\">www.overline-poetry.de<\/a><br><\/strong><br><em>Stephen Miller: der dunkle Einfl\u00fcsterer des Pr\u00e4sidenten<br>Stern.de \u2013 07.10.2025<br><br>Donalds Trumps oberster Hexenj\u00e4ger \u2013 Stephen Miller<br>FAZ \u2013 21.09.2025<\/em><\/p>\n","protected":false},"excerpt":{"rendered":"<p>Stellvertretender Stabschef und Redenschreiber im Wei\u00dfen Haus.Ohne ihn, k\u00e4men von Donald Trump nur sinnloses Gerede heraus.Stephen Miller ist der \u201eScharfmacher\u201c, auch in der Migrationspolitikund hat die strategische Planung f\u00fcr Donald Trump fest im Blick. Was Donald Trump redet und welche Strategie Donald Trump denkt,wird von dem stellvertretenden Stabschef Stephen Miller gelenkt.Denn Stephen Miller ist Stratege, [&hellip;]<\/p>\n","protected":false},"author":1,"featured_media":0,"parent":0,"menu_order":0,"comment_status":"closed","ping_status":"closed","template":"","meta":{"footnotes":""},"class_list":["post-2086","page","type-page","status-publish","hentry"],"jetpack_sharing_enabled":true,"_links":{"self":[{"href":"https:\/\/overline-poetry.de\/index.php\/wp-json\/wp\/v2\/pages\/2086","targetHints":{"allow":["GET"]}}],"collection":[{"href":"https:\/\/overline-poetry.de\/index.php\/wp-json\/wp\/v2\/pages"}],"about":[{"href":"https:\/\/overline-poetry.de\/index.php\/wp-json\/wp\/v2\/types\/page"}],"author":[{"embeddable":true,"href":"https:\/\/overline-poetry.de\/index.php\/wp-json\/wp\/v2\/users\/1"}],"replies":[{"embeddable":true,"href":"https:\/\/overline-poetry.de\/index.php\/wp-json\/wp\/v2\/comments?post=2086"}],"version-history":[{"count":2,"href":"https:\/\/overline-poetry.de\/index.php\/wp-json\/wp\/v2\/pages\/2086\/revisions"}],"predecessor-version":[{"id":2093,"href":"https:\/\/overline-poetry.de\/index.php\/wp-json\/wp\/v2\/pages\/2086\/revisions\/2093"}],"wp:attachment":[{"href":"https:\/\/overline-poetry.de\/index.php\/wp-json\/wp\/v2\/media?parent=2086"}],"curies":[{"name":"wp","href":"https:\/\/api.w.org\/{rel}","templated":true}]}}