
{"id":2102,"date":"2021-04-09T15:09:00","date_gmt":"2021-04-09T15:09:00","guid":{"rendered":"https:\/\/overline-poetry.de\/?page_id=2102"},"modified":"2025-10-28T15:11:41","modified_gmt":"2025-10-28T15:11:41","slug":"impfzentrum-bassum-es-geht-immer-besser","status":"publish","type":"page","link":"https:\/\/overline-poetry.de\/index.php\/impfzentrum-bassum-es-geht-immer-besser\/","title":{"rendered":"Impfzentrum Bassum &#8211; es geht (immer) besser!"},"content":{"rendered":"\n<p>Als Fahrer durfte ich das Impfzentrum Bassum im M\u00e4rz erleben,<br>aber mein Urteil war, so ein Chaos darf es doch nicht geben.<br>Es wehte ein kalter Wind, aber wenigstens war es nicht na\u00df,<br>aber ein so langes Warten in der Schlange macht keinen Spa\u00df.<br><br>Ob es nun den Impfwilligen im Impfzentrum Bassum gef\u00e4llt,<br>angestanden wird unter dem freiem Himmel vor dem Zelt.<br>Ob es nun in Str\u00f6men regnet, schneit oder sehr stark windet, <br>keiner Schutz unter den noch unbelaubten B\u00e4umen findet.<br><br>Es dauerte, denn eine gute B\u00fcrokratie braucht eben seine Zeit,<br>bevor der Impfwillige ist an der Reihe und man ist f\u00fcr ihn bereit.<br>Als man endlich als Impfwilliger seinen Anmeldung hat vollzogen,<br>war doch schon ein bisschen zuviel von der Tageszeit verpflogen.<br><br>Dann geht es weiter zum Haupteingang direkt ins Krankenhaus.<br>Patienten nutzen den gleichen &#8222;Flaschenhals&#8220;, welch ein Graus.<br>Auch hier wird wieder sich ungesch\u00fctzt in der Reihe angestellt,<br>egal ob den gehschwachen Impfwilligen die Abfolge so gef\u00e4llt.<br><br>Die Schnelleren eilen noch vorbei, weil es schnell gehen muss,<br>denn nicht alle der Impfwilligen sind noch sehr gut zu Fu\u00df.<br>&#8222;Kampf der Rollatoren&#8220;, so konnte man dieses Rennen nennen,<br>denn den Eindruck von Respekt konnte ich hier nicht erkennen.<br><br>Ganz Gewitze versuchten Ihren Vorteil durch eine Nebent\u00fcr<br>welche Zeit wollen sie gewinnen und was tun sie jetzt daf\u00fcr.<br>Um so die Schlange vor dem Eingang der Klinik zu umgehen,<br>diese R\u00fccksichtlosigkeit, die kann ich einfach nicht verstehen.<br><br>Am 13. M\u00e4rz habe ich mich f\u00fcr einen Impftermin interessiert<br>und dieses wurde von Niedersachsen als best\u00e4tigt registriert.<br>Auch die Stadt Bassum hat sich Ende M\u00e4rz an mich gewandt.<br>Geduldig warte ich auf eine Nachricht von Stadt oder Land.<br><br>Ein Anruf vom Landkreis Diepholz verk\u00fcndete zur Mittagszeit<br>ich bek\u00e4me f\u00fcr morgen ein Impfangebot und ob ich h\u00e4tte Zeit.<br>Nat\u00fcrlich stehe ich p\u00fcnktlich f\u00fcr den morgigen Termin bereit,<br>denn nach der Impfung, gibt es wieder ein bisschen Sicherheit.<br><br>Heute war ich auch an der Reihe und ich habe erstaunt geschaut<br>f\u00fcr die Wartenden hatte man hier ein zus\u00e4tzliches Zelt aufgebaut.<br>Auch der Ablauf war bestens und zeitlich sehr straff organisiert<br>so dass es keine Schlange und man kaum noch Wartezeit verliert.<br><br>Ein Lob an das Team, was heute durfte seinen Dienst versehen,<br>so m\u00fcsste der organisatorische Ablauf jeden Impftag geschehen.<br>Wenn auch noch gen\u00fcgend Impfstoff f\u00fcr die Zentren da w\u00e4re,<br>dann w\u00e4ren wir schon bald raus aus dieser bedr\u00fcckenden Misere. <br><br><strong>\u00a9<\/strong> Rainer Dambroth &#8211; 08.04.2021 &#8211; <strong><a href=\"https:\/\/www.overline-poetry.de\">www.overline-poetry.de<\/a><\/strong><br><\/p>\n","protected":false},"excerpt":{"rendered":"<p>Als Fahrer durfte ich das Impfzentrum Bassum im M\u00e4rz erleben,aber mein Urteil war, so ein Chaos darf es doch nicht geben.Es wehte ein kalter Wind, aber wenigstens war es nicht na\u00df,aber ein so langes Warten in der Schlange macht keinen Spa\u00df. Ob es nun den Impfwilligen im Impfzentrum Bassum gef\u00e4llt,angestanden wird unter dem freiem Himmel [&hellip;]<\/p>\n","protected":false},"author":1,"featured_media":0,"parent":0,"menu_order":0,"comment_status":"closed","ping_status":"closed","template":"","meta":{"footnotes":""},"class_list":["post-2102","page","type-page","status-publish","hentry"],"jetpack_sharing_enabled":true,"_links":{"self":[{"href":"https:\/\/overline-poetry.de\/index.php\/wp-json\/wp\/v2\/pages\/2102","targetHints":{"allow":["GET"]}}],"collection":[{"href":"https:\/\/overline-poetry.de\/index.php\/wp-json\/wp\/v2\/pages"}],"about":[{"href":"https:\/\/overline-poetry.de\/index.php\/wp-json\/wp\/v2\/types\/page"}],"author":[{"embeddable":true,"href":"https:\/\/overline-poetry.de\/index.php\/wp-json\/wp\/v2\/users\/1"}],"replies":[{"embeddable":true,"href":"https:\/\/overline-poetry.de\/index.php\/wp-json\/wp\/v2\/comments?post=2102"}],"version-history":[{"count":1,"href":"https:\/\/overline-poetry.de\/index.php\/wp-json\/wp\/v2\/pages\/2102\/revisions"}],"predecessor-version":[{"id":2106,"href":"https:\/\/overline-poetry.de\/index.php\/wp-json\/wp\/v2\/pages\/2102\/revisions\/2106"}],"wp:attachment":[{"href":"https:\/\/overline-poetry.de\/index.php\/wp-json\/wp\/v2\/media?parent=2102"}],"curies":[{"name":"wp","href":"https:\/\/api.w.org\/{rel}","templated":true}]}}