
{"id":2109,"date":"2020-12-27T15:34:00","date_gmt":"2020-12-27T15:34:00","guid":{"rendered":"https:\/\/overline-poetry.de\/?page_id=2109"},"modified":"2025-10-28T15:37:33","modified_gmt":"2025-10-28T15:37:33","slug":"corona-impfung-konzeptlosigkeit","status":"publish","type":"page","link":"https:\/\/overline-poetry.de\/index.php\/corona-impfung-konzeptlosigkeit\/","title":{"rendered":"Corona Impfung Konzept(losigkeit)"},"content":{"rendered":"\n<p>Die Ank\u00fcndigung: Die Impfzentren sind aufgebaut und bereit.<br>Was interessiert den B\u00fcrger, wenn er bekommt noch keine Zeit.<br>Gro\u00df angek\u00fcndigt wurde auch der Impfstart und was ist nun?<br>Was mu\u00df und sollte der impfbereite B\u00fcrger jetzt daf\u00fcr tun?<br><br>Ein klare Ansage f\u00fcr die B\u00fcrger und zu ihrem Verhalten,<br>wie man f\u00fcr die B\u00fcrger gedenkt, die Termine zu gestalten.<br>Hier hilft nur die richtige Strategie und ein richtiger Plan<br>und nicht, wie komme ich als Person bei den B\u00fcrgern an.<br><br>Dem \u00f6ffentlichen Fernsehen das Thema Corona sehr erfreut<br>haben sie endlich wieder ein Thema zur besten Sendezeit.<br>&#8222;Gebetsm\u00fchlenartig&#8220; kommt neue Beschl\u00fcsse zur besten Zeit, <br>aber zum Zuh\u00f6ren ist man irgendwann nun nicht mehr bereit.<br><br>Jedes Ereigniss wird &#8222;lang und breit&#8220; auch noch kommentiert,<br>aber nicht jedes Ereigniss den B\u00fcrger auch wirklich interessiert.<br>In dieser &#8222;verr\u00fcckten&#8220; Zeit will man sich Abends nur ablenken<br>und nicht nur an das Thema Corona den ganzen Tag denken.<br> <br>Politiker sich zeigen und wollen, dass ihre Worte werden geh\u00f6rt,<br>wohl nicht wissend, dass manche Corona-Information nur st\u00f6rt.<br>&#8222;Weniger ist mehr&#8220;, dieser Spruch w\u00e4re hier wohl angebracht,<br>welche Information ist wichtig und nur f\u00fcr den B\u00fcrger gemacht.<br><br>Jedes Bundesland leider sein eigenes &#8222;Corona-S\u00fcppchen&#8220; kocht.<br>dieses politische &#8222;Hauen und Stechen&#8220; habe ich noch nie gemocht.<br>So werden die B\u00fcrger durch neue Politik-Aktionen nur verwirrt.<br>wenn schon wieder eine Mitteilung durch die Nachrichten irrt.<br><br>Silvester das alte Jahr wird verabschiedet und das neu begr\u00fc\u00dft,<br>in dem man &#8222;b\u00f6llert&#8220; und Raketen in den Himmel abschie\u00dft.<br>Das ist in Bremen verboten, aber doch in Niedersachsen erlaubt,<br>wenn man den neuesten Verordnungen und Nachrichten glaubt.<br><br>Was hat die Politik mit diesem Gesinnungswechsel denn erreicht,<br>wenn sie ihre eigenen Vorgaben st\u00e4ndig ver\u00e4ndert und aufweicht.<br>Hier w\u00e4re ein nationales und einheitliches Verbot doch angebracht,<br>damit der jetzt v\u00f6llig irritierte B\u00fcrger auch keinen Fehler macht.<br><br>Der Politik w\u00fcnsche ich weise Entscheidungen f\u00fcr das Neue Jahr,<br>das die Vorgabe der Richtung ist deutlich und f\u00fcr den B\u00fcrger klar!<br>Die Corona-Pandemie als politischen Wahlvorteil f\u00fcr sich zu nutzen,<br>wird bei den B\u00fcrgern das Ansehen der Politiker nur beschmutzen.<br> <br><strong>\u00a9<\/strong> Rainer Dambroth &#8211; 27.12.2020 &#8211; <strong><a href=\"https:\/\/www.overline-poetry.de\" data-type=\"URL\" data-id=\"https:\/\/www.overline-poetry.de\">www.overline-poetry.de<\/a><\/strong><\/p>\n","protected":false},"excerpt":{"rendered":"<p>Die Ank\u00fcndigung: Die Impfzentren sind aufgebaut und bereit.Was interessiert den B\u00fcrger, wenn er bekommt noch keine Zeit.Gro\u00df angek\u00fcndigt wurde auch der Impfstart und was ist nun?Was mu\u00df und sollte der impfbereite B\u00fcrger jetzt daf\u00fcr tun? Ein klare Ansage f\u00fcr die B\u00fcrger und zu ihrem Verhalten,wie man f\u00fcr die B\u00fcrger gedenkt, die Termine zu gestalten.Hier hilft [&hellip;]<\/p>\n","protected":false},"author":1,"featured_media":0,"parent":0,"menu_order":0,"comment_status":"closed","ping_status":"closed","template":"","meta":{"footnotes":""},"class_list":["post-2109","page","type-page","status-publish","hentry"],"jetpack_sharing_enabled":true,"_links":{"self":[{"href":"https:\/\/overline-poetry.de\/index.php\/wp-json\/wp\/v2\/pages\/2109","targetHints":{"allow":["GET"]}}],"collection":[{"href":"https:\/\/overline-poetry.de\/index.php\/wp-json\/wp\/v2\/pages"}],"about":[{"href":"https:\/\/overline-poetry.de\/index.php\/wp-json\/wp\/v2\/types\/page"}],"author":[{"embeddable":true,"href":"https:\/\/overline-poetry.de\/index.php\/wp-json\/wp\/v2\/users\/1"}],"replies":[{"embeddable":true,"href":"https:\/\/overline-poetry.de\/index.php\/wp-json\/wp\/v2\/comments?post=2109"}],"version-history":[{"count":1,"href":"https:\/\/overline-poetry.de\/index.php\/wp-json\/wp\/v2\/pages\/2109\/revisions"}],"predecessor-version":[{"id":2113,"href":"https:\/\/overline-poetry.de\/index.php\/wp-json\/wp\/v2\/pages\/2109\/revisions\/2113"}],"wp:attachment":[{"href":"https:\/\/overline-poetry.de\/index.php\/wp-json\/wp\/v2\/media?parent=2109"}],"curies":[{"name":"wp","href":"https:\/\/api.w.org\/{rel}","templated":true}]}}