
{"id":2124,"date":"2021-01-08T16:39:00","date_gmt":"2021-01-08T16:39:00","guid":{"rendered":"https:\/\/overline-poetry.de\/?page_id=2124"},"modified":"2025-10-28T16:41:50","modified_gmt":"2025-10-28T16:41:50","slug":"corona-app-luca","status":"publish","type":"page","link":"https:\/\/overline-poetry.de\/index.php\/corona-app-luca\/","title":{"rendered":"Corona App &#8222;Luca&#8220;"},"content":{"rendered":"\n<p>Ich habe eine Corona-App, die Luca-App, entdeckt.<br>Mit der wird sich einfach per Handy &#8222;eingecheckt&#8220;.<br>Sie macht auch genau das, was man von ihr will<br>und \u00fcber die Person, die sie nutzt, da h\u00e4lt sie still.<br><br>V\u00f6llig anonym checkt man sich per QR-Code ein.<br>und ist man eingecheckt, dann darf man erst rein.<br>Erspart die G\u00e4stelisten, die nicht ehrlich ausgef\u00fcllt,<br>ist der Besuch nicht offiziell, bleibt man so verh\u00fcllt.<br><br>Auch die Begleitung wird anonym per Luca erfasst,<br>es gibt Situationen, da ist die Wahrheit sehr verhasst.<br>Will man den Abend gerne &#8222;unerkannt&#8220; verbringen,<br>dem Betreiber fehlen Rechte, Auskunft zu erzwingen.<br><br>Gehst du auf eine Veranstaltung oder einem Konzert,<br>dann merkst du, dass diese App ist den Einsatz wert.<br>Sie erfasst nur Zeiten und Gruppen der Anwesenheit,<br>wann man gekommen und gegangen, nur diese Zeit.<br><br>Wenn man wieder geht, dann loggt man sich nur aus,<br>dann geht es ohne weitere \u00dcberwachung nach Haus.<br>Die erforderlichen Datenmengen sind gut zu speichern,<br>ohne unseren Datenschutz mit Aufgaben zu bereichern.<br><br>Bei der n\u00e4chsten Veranstaltung der gleiche &#8222;Checkin&#8220;!<br>Per QR-Code eingeloggt und man ist wieder mittendrin.<br>So werden die m\u00f6glichen Infektionsherde eingekreist<br>und auch die m\u00f6glichen Infizierten gefunden meist.<br><br>Hat sich ein Gast m\u00f6glichweise mit Corona infiziert,<br>wird die Anwesenheitszeit der Gruppe kontrolliert.<br>Man wird \u00fcber die Mailadresse dann informiert<br>und dann kann sich testen lassen, ob man infiziert.<br><br>Ich hoffe, dass diese App f\u00fcr uns n\u00fctzlich bleibt<br>und nicht ein Konzern, der sich diese einverleibt.<br>Denn hier geht es nicht um die Konzerninteressen<br>und wie viel Geld kann man dem Staat &#8222;abpressen&#8220;.<br><br><strong>\u00a9<\/strong> Rainer Dambroth &#8211; 08.01.2021 &#8211; <strong><a href=\"https:\/\/www.overline-poetry.de\">www.overline-poetry.de<\/a><\/strong><br><br><strong>Hinweis:<\/strong><br>Die <strong>Luca-App<\/strong> arbeitet anonym und dient als Zeiterfassung bei Lokalbesuchen oder Veranstaltungen anstatt der G\u00e4stelisten!<br>Von der Praxis f\u00fcr die Praxis! Das Konzept hat mich \u00fcberzeugt!<\/p>\n","protected":false},"excerpt":{"rendered":"<p>Ich habe eine Corona-App, die Luca-App, entdeckt.Mit der wird sich einfach per Handy &#8222;eingecheckt&#8220;.Sie macht auch genau das, was man von ihr willund \u00fcber die Person, die sie nutzt, da h\u00e4lt sie still. V\u00f6llig anonym checkt man sich per QR-Code ein.und ist man eingecheckt, dann darf man erst rein.Erspart die G\u00e4stelisten, die nicht ehrlich ausgef\u00fcllt,ist [&hellip;]<\/p>\n","protected":false},"author":1,"featured_media":0,"parent":0,"menu_order":0,"comment_status":"closed","ping_status":"closed","template":"","meta":{"footnotes":""},"class_list":["post-2124","page","type-page","status-publish","hentry"],"jetpack_sharing_enabled":true,"_links":{"self":[{"href":"https:\/\/overline-poetry.de\/index.php\/wp-json\/wp\/v2\/pages\/2124","targetHints":{"allow":["GET"]}}],"collection":[{"href":"https:\/\/overline-poetry.de\/index.php\/wp-json\/wp\/v2\/pages"}],"about":[{"href":"https:\/\/overline-poetry.de\/index.php\/wp-json\/wp\/v2\/types\/page"}],"author":[{"embeddable":true,"href":"https:\/\/overline-poetry.de\/index.php\/wp-json\/wp\/v2\/users\/1"}],"replies":[{"embeddable":true,"href":"https:\/\/overline-poetry.de\/index.php\/wp-json\/wp\/v2\/comments?post=2124"}],"version-history":[{"count":1,"href":"https:\/\/overline-poetry.de\/index.php\/wp-json\/wp\/v2\/pages\/2124\/revisions"}],"predecessor-version":[{"id":2128,"href":"https:\/\/overline-poetry.de\/index.php\/wp-json\/wp\/v2\/pages\/2124\/revisions\/2128"}],"wp:attachment":[{"href":"https:\/\/overline-poetry.de\/index.php\/wp-json\/wp\/v2\/media?parent=2124"}],"curies":[{"name":"wp","href":"https:\/\/api.w.org\/{rel}","templated":true}]}}