
{"id":2131,"date":"2025-11-01T08:11:49","date_gmt":"2025-11-01T08:11:49","guid":{"rendered":"https:\/\/overline-poetry.de\/?page_id=2131"},"modified":"2025-11-01T15:05:05","modified_gmt":"2025-11-01T15:05:05","slug":"praesident-recep-erdogan-erlaesst-weiteren-haftbefehl-gegen-ekrem-imamoglu","status":"publish","type":"page","link":"https:\/\/overline-poetry.de\/index.php\/praesident-recep-erdogan-erlaesst-weiteren-haftbefehl-gegen-ekrem-imamoglu\/","title":{"rendered":"Pr\u00e4sident Recep Erdogan erl\u00e4sst weiteren Haftbefehl gegen Ekrem Imamoglu"},"content":{"rendered":"\n<p><strong>Recep Erdogan<\/strong> von der Angst einer Bedeutungslosigkeit getrieben,<br>denn er w\u00e4re doch gerne als Pr\u00e4sident der T\u00fcrkei im Amt geblieben.<br>Konkurrenz deshalb gnadenlos verhaftet, angeklagt und eingesperrt,<br>damit den Konkurrenten der <strong>AKP<\/strong> die Pr\u00e4sidentschaft wird verwehrt.<br><br><strong>Recep Erdogan<\/strong> will die Autokratie in der T\u00fcrkei, f\u00fcr sich installieren<br>und alle inhaftieren, die als eine Konkurrenz dagegen \u201eprotestieren\u201c<br>So kann er als Pr\u00e4sident ungehindert die Korruption weiter \u201epflegen&#8220;,<br>denn kein Oppositioneller kann ihm \u201eSteine in den Weg\u201c dann legen.<br><br><strong>Recep Erdogan<\/strong> wieder Politik und den Glauben zusammen gelegt,<br>die Islamgl\u00e4ubigen an sich zu binden, haben ihn wohl dazu bewegt.<br>So kann <strong>Erdogan<\/strong> die Imame finanziell bei ihrer Arbeit unterst\u00fctzen,<br>sie als Multiplikator und &#8222;Wahlhelfer&#8220; f\u00fcr seine Zwecke &#8222;ben\u00fctzen&#8220;.<br> <br>S\u00e4kularismus wurde von <strong>Kemal Atat\u00fcrk<\/strong> f\u00fcr die T\u00fcrkei durchgesetzt.<br>Die Trennung von Politik und Glaube wurden bei ihm wertgesch\u00e4tzt.<br>\u00dcber die Imame in den Moscheen politische Meinung zu verbreiten,<br>heisst, dass der Pr\u00e4sident will gottgleich seine Wege nur beschreiten.<br><br><strong>Recep Erdogan<\/strong>, <strong>AKP<\/strong>, will das &#8222;t\u00fcrkische Reich&#8220; autokratisch regieren,<br>mit Weisung an Gerichte sorgen, das nur die Konkurrenten verlieren.<br><strong>Erdogan<\/strong> betont: &#8222;Das die Gerichte regierungsunabh\u00e4ngig agieren!&#8220; <br>Aber nur mit parteiloyalen Richtern besetzt, wird das nicht passieren. <br><br>Auch Imame in Deutschland werden von <strong>Recep Erdogan<\/strong> instruiert<br>und Nachrichten in t\u00fcrkischen Medien wurden von der <strong>AKP<\/strong> zensiert.<br>So erfahren T\u00fcrken, die in demokratischer Freiheit im Ausland leben, <br>&#8222;die Wahrheit&#8220;, die von <strong>Erdogan<\/strong> und der <strong>AKP<\/strong> wurde frei gegeben. <br><br><strong>\u00a9 Rainer Dambroth \u2013 01.11.2025 \u2013 www.overline-poetry.de<\/strong><br><em><br><mark>Legislative, Exekutive und Judikative sind die drei Staatsgewalten, die eine wichtige Rolle in Demokratien spielen<\/mark>. Die Legislative (gesetzgebende Gewalt) ist f\u00fcr die Gesetzgebung zust\u00e4ndig, die Exekutive (ausf\u00fchrende Gewalt) setzt die Gesetze um, und die Judikative (rechtsprechende Gewalt) interpretiert und vollstreckt sie durch die Gerichte. Dieses Prinzip der Gewaltenteilung verhindert eine Machtkonzentration und sch\u00fctzt die Freiheiten der B\u00fcrger, indem die drei Gewalten sich gegenseitig kontrollieren.\u00a0<br>Internet KI<\/em><\/p>\n\n\n\n<p><\/p>\n","protected":false},"excerpt":{"rendered":"<p>Recep Erdogan von der Angst einer Bedeutungslosigkeit getrieben,denn er w\u00e4re doch gerne als Pr\u00e4sident der T\u00fcrkei im Amt geblieben.Konkurrenz deshalb gnadenlos verhaftet, angeklagt und eingesperrt,damit den Konkurrenten der AKP die Pr\u00e4sidentschaft wird verwehrt. Recep Erdogan will die Autokratie in der T\u00fcrkei, f\u00fcr sich installierenund alle inhaftieren, die als eine Konkurrenz dagegen \u201eprotestieren\u201cSo kann er als [&hellip;]<\/p>\n","protected":false},"author":1,"featured_media":0,"parent":0,"menu_order":0,"comment_status":"closed","ping_status":"closed","template":"","meta":{"footnotes":""},"class_list":["post-2131","page","type-page","status-publish","hentry"],"jetpack_sharing_enabled":true,"_links":{"self":[{"href":"https:\/\/overline-poetry.de\/index.php\/wp-json\/wp\/v2\/pages\/2131","targetHints":{"allow":["GET"]}}],"collection":[{"href":"https:\/\/overline-poetry.de\/index.php\/wp-json\/wp\/v2\/pages"}],"about":[{"href":"https:\/\/overline-poetry.de\/index.php\/wp-json\/wp\/v2\/types\/page"}],"author":[{"embeddable":true,"href":"https:\/\/overline-poetry.de\/index.php\/wp-json\/wp\/v2\/users\/1"}],"replies":[{"embeddable":true,"href":"https:\/\/overline-poetry.de\/index.php\/wp-json\/wp\/v2\/comments?post=2131"}],"version-history":[{"count":4,"href":"https:\/\/overline-poetry.de\/index.php\/wp-json\/wp\/v2\/pages\/2131\/revisions"}],"predecessor-version":[{"id":2143,"href":"https:\/\/overline-poetry.de\/index.php\/wp-json\/wp\/v2\/pages\/2131\/revisions\/2143"}],"wp:attachment":[{"href":"https:\/\/overline-poetry.de\/index.php\/wp-json\/wp\/v2\/media?parent=2131"}],"curies":[{"name":"wp","href":"https:\/\/api.w.org\/{rel}","templated":true}]}}