
{"id":2175,"date":"2025-11-21T18:01:55","date_gmt":"2025-11-21T18:01:55","guid":{"rendered":"https:\/\/overline-poetry.de\/?page_id=2175"},"modified":"2025-11-21T18:01:58","modified_gmt":"2025-11-21T18:01:58","slug":"friedrich-merz-auf-dem-parcours-der-fettnaepfchen","status":"publish","type":"page","link":"https:\/\/overline-poetry.de\/index.php\/friedrich-merz-auf-dem-parcours-der-fettnaepfchen\/","title":{"rendered":"Friedrich Merz auf dem Parcours der Fettn\u00e4pfchen"},"content":{"rendered":"\n<p><strong>Bundeskanzler Merz<\/strong> verf\u00fcgt \u00fcber kein &#8222;diplomatisches Geschick&#8220;,<br>darum \u201eeckt\u201c er auch an, mit seinem Vorangehen und seiner Politik.<br>Als Opposition konnte er Kritik an der Regierungsleistung benennen,<br>aber als regierender <strong>Kanzler<\/strong> sollte er doch seine \u201eGrenzen\u201c kennen.<br>Wer im <strong>gl\u00e4sernen<\/strong> <strong>Kanzlerhaus <\/strong>sitzt, sollte keine Steine schmei\u00dfen,<br>denn so wird er die bisherige Regierungsarbeit mit \u201eniederrei\u00dfen\u201c.<br><br>Mit Stimmen der <strong>AFD<\/strong> wollte er eine negative Abstimmung umgehen<br>und man diesen \u201eFehlgriff\u201c nur als Trotzreaktion von ihm verstehen.<br>\u00d6ffnet man der <strong>AFD<\/strong> bei einer Abstimmung die T\u00fcr nur einen Spalt,<br>deuten sie diese Abstimmung als &#8222;Reichen der Hand&#8220; schon bald.<br>Wenn wir nicht die <strong>AFD<\/strong> und den \u201eRechtsruck\u201c auf Abstand halten,<br>wird die <strong>AFD<\/strong> das freie Deutschland als russische Provinz verwalten.<br><br>Das &#8222;Stadtbild&#8220; wird nicht nur durch gef\u00e4hrliche Migranten gepr\u00e4gt,<br>sondern durch stigmatisierende Aussagen kein Miteinander gepflegt.<br>\u201eFragen sie ihre T\u00f6chter&#8220;, so zeichnet <strong>Merz<\/strong> die Migranten als Feind.<br>Was er mit dieser Aussage anrichtet, wenn er dieses auch so meint?<br>Ich will einige Mitl\u00e4ufern der <strong>AFD<\/strong> nicht in meinem &#8222;Stadtbild&#8220; sehen,<br>dann f\u00fchle ich mich bedroht, werde sie als Gefahr f\u00fcr uns verstehen.<br><br>B\u00fcrgergeldempf\u00e4nger werden generell als arbeitsunwillig dargestellt,<br>diese plakative Aussage nicht allen Parteien des Bundestages gef\u00e4llt<br>Soll diese Kritik nur von den unbequemen Problemfeldern ablenken,<br>so dass man wichtige Reformen kann \u201eohne Zeitdruck\u201c \u00fcberdenken?<br>Der <strong>Markus S\u00f6der<\/strong> von der <strong>CSU<\/strong> doch in die \u201egleiche Kerbe\u201c schl\u00e4gt<br>und als abgelehnter <strong>Kanzler<\/strong> am Stuhl von <strong>Kanzler Merz<\/strong> mit \u201es\u00e4gt\u201c.<br><br>Die Regierung sollte nur \u201e<strong>mit einer Stimme<\/strong>\u201c den B\u00fcrger informieren.<br>Zu viele und verschiedene Richtungsweisungen die B\u00fcrger irritieren<br>Vom <strong>Verteidigungsminister Pistorius<\/strong> angek\u00fcndigt \u201eDrohnenabwehr\u201c<br><strong>Innenminister Dobrindt<\/strong> korrigiert: &#8222;der zeitige Einsatz wird schwer&#8220;<br>Jedes Mitglied dieser Koalition will nur &#8222;mit eigenem Senf garnieren&#8220;,<br>aber dadurch wird die Akzeptanz in der Bev\u00f6lkerung weiter verlieren.<br><br><strong>Brasiliens Pr\u00e4sident Lula<\/strong> war nach einer Aussage von Merz entsetzt,<br>wie sich <strong>Bundeskanzler Friedrich Merz<\/strong> in der Wortwahl \u201eversch\u00e4tzt\u201c.<br><strong>Kanzler Merz<\/strong> kann Deutschland und das Sauerland \u00fcber alles lieben,<br>mit dieser \u00f6ffentlichen Aussage, w\u00e4re er besser zu Hause geblieben.<br>Der vom Klima bedrohte brasilianische Tagungsort bewusst gew\u00e4hlt,<br>nicht vorhersehen, dass <strong>Kanzler Merz<\/strong> solch eine Abf\u00e4lligkeit erz\u00e4hlt.<br><br>\u00a9 Rainer Dambroth \u2013 21.11.2025 \u2013 www.overline-poetry.de<br><\/p>\n","protected":false},"excerpt":{"rendered":"<p>Bundeskanzler Merz verf\u00fcgt \u00fcber kein &#8222;diplomatisches Geschick&#8220;,darum \u201eeckt\u201c er auch an, mit seinem Vorangehen und seiner Politik.Als Opposition konnte er Kritik an der Regierungsleistung benennen,aber als regierender Kanzler sollte er doch seine \u201eGrenzen\u201c kennen.Wer im gl\u00e4sernen Kanzlerhaus sitzt, sollte keine Steine schmei\u00dfen,denn so wird er die bisherige Regierungsarbeit mit \u201eniederrei\u00dfen\u201c. Mit Stimmen der AFD wollte [&hellip;]<\/p>\n","protected":false},"author":1,"featured_media":0,"parent":0,"menu_order":0,"comment_status":"closed","ping_status":"closed","template":"","meta":{"footnotes":""},"class_list":["post-2175","page","type-page","status-publish","hentry"],"jetpack_sharing_enabled":true,"_links":{"self":[{"href":"https:\/\/overline-poetry.de\/index.php\/wp-json\/wp\/v2\/pages\/2175","targetHints":{"allow":["GET"]}}],"collection":[{"href":"https:\/\/overline-poetry.de\/index.php\/wp-json\/wp\/v2\/pages"}],"about":[{"href":"https:\/\/overline-poetry.de\/index.php\/wp-json\/wp\/v2\/types\/page"}],"author":[{"embeddable":true,"href":"https:\/\/overline-poetry.de\/index.php\/wp-json\/wp\/v2\/users\/1"}],"replies":[{"embeddable":true,"href":"https:\/\/overline-poetry.de\/index.php\/wp-json\/wp\/v2\/comments?post=2175"}],"version-history":[{"count":1,"href":"https:\/\/overline-poetry.de\/index.php\/wp-json\/wp\/v2\/pages\/2175\/revisions"}],"predecessor-version":[{"id":2179,"href":"https:\/\/overline-poetry.de\/index.php\/wp-json\/wp\/v2\/pages\/2175\/revisions\/2179"}],"wp:attachment":[{"href":"https:\/\/overline-poetry.de\/index.php\/wp-json\/wp\/v2\/media?parent=2175"}],"curies":[{"name":"wp","href":"https:\/\/api.w.org\/{rel}","templated":true}]}}