
{"id":2182,"date":"2025-11-21T08:41:09","date_gmt":"2025-11-21T08:41:09","guid":{"rendered":"https:\/\/overline-poetry.de\/?page_id=2182"},"modified":"2025-11-23T09:27:15","modified_gmt":"2025-11-23T09:27:15","slug":"unsoziale-wohnungsbaugesellschaft-bremen","status":"publish","type":"page","link":"https:\/\/overline-poetry.de\/index.php\/unsoziale-wohnungsbaugesellschaft-bremen\/","title":{"rendered":"(Un)soziale Wohnungsbaugesellschaft Bremen"},"content":{"rendered":"\n<p>Ein Interessent mit <strong>WBS<\/strong> sich f\u00fcr eine Wohnungssuche eingetragen.<br>Die gro\u00dfe Hoffnung, es einmal mit einer <strong>Sozialwohnung<\/strong> zu wagen.<br>Das monatliche Einkommen war der <strong>Wohnbaugesellschaft<\/strong> bekannt,<br>denn es musste bei dem <strong>Wohnungssuchauftrag<\/strong> zuvor auch genannt<br><br>Das Gl\u00fcck, denn er wurde eingeladen zu einem Besichtigungstermin.<br>In einem Neubau und zu einer <strong>bezahlbaren<\/strong> <strong>Sozialwohnung<\/strong>, f\u00fcr ihn.<br>Per eMail wurde bei einer \u201eAuslosung\u201c die Wohnung ihm zugedacht<br>und ging davon aus, dass bei der Vorauswahl keine Fehler gemacht.<br><br>Der <strong>Wohnberechtigungsschein<\/strong> und das Einkommen sind zu belegen,<br>danach wird die <strong>Baugesellschaft<\/strong> sich mit dem Mietvertrag bewegen.<br>Anmerkung: Die gleiche Miete plus Nebenkosten auch jetzt gezahlt,<br>also bei dem <strong>Wohnungsgesuch<\/strong> nicht mit falschen Angaben geprahlt.<br><br>Auch reagierten der &#8222;<strong>Kundenservice<\/strong>(?)&#8220; auf Anfragen desinteressiert<br>und das Mieter planen, k\u00fcndigen m\u00fcssen, somit &#8222;die Zeit pressiert&#8220;.<br>Wie k\u00f6nnen diese \u201eungeduldigen\u201c Mietinteressenten es nur wagen,<br>w\u00e4hrend der Bearbeitung nach dem Bearbeitungsstatus anzufragen.<br><br><strong>Der Gipfel:<\/strong> W\u00e4hrend der Bearbeitungszeit wurde eine Mail geschickt:<br><strong>&#8222;Ob noch an Wohnungen interessiert&#8220;<\/strong>, wird hier nicht durchgeblickt?<br><strong>\u201eAnsonsten w\u00fcrde man dann die Wohnungssuchanfrage stornieren\u201c<\/strong>,<br>den \u00dcberblick verloren, aber f\u00fcr diese Fehlleistung Gehalt kassieren?<br><br>Aber nach Einreichung des <strong>WBS<\/strong> und der Einkommensunterlagen,<br>hatte die <strong>Wohnbaugesellschaft<\/strong> auf einmal nichts Positives zu sagen.<br>Hatte hier \u201e<strong>Vitamin B<\/strong>\u201c f\u00fcr einen Interessenten zum Vorteil gereicht,<br>oder die Grundvoraussetzung f\u00fcr eine Sozialwohnung aufgeweicht?<br><br>Auf einmal, war das Einkommen f\u00fcr die Monatsmiete nicht genug?<br>Eine Bearbeitung und \u201e<strong>Erbsenz\u00e4hlerei<\/strong>\u201c ohne jeglichen Kundenbezug.<br>Der <strong>WBS<\/strong> wird bis einem Jahreseinkommen von <strong>12.000\u20ac<\/strong> ausgestellt,<br>ein Verdienst erst ab <strong>21.600\u20ac<\/strong> der <strong>Wohnungsbaugesellschaft<\/strong> gef\u00e4llt.<br><br>Es gibt <strong>Versicherungen<\/strong>, die bei einem Ausfall die Miete garantieren,<br>so w\u00fcrde die <strong>Wohnungsbaugesellschaft<\/strong> keinen Geldverlust riskieren.<br>Den <strong>Versicherungsbeitrag<\/strong> h\u00e4tte der Interessent gerne \u00fcbernommen,<br>wenn es dadurch zu einem Mietvertragsabschluss w\u00e4re gekommen.<br><br><strong>Ich werde die Wohnungsbaugesellschaft nicht beim Namen nennen,<br>denn die \u201eAngeklagten\u201c werden sich im Text schon wieder erkennen!<\/strong><br><br><strong>\u00a9 Rainer Dambroth \u2013 21.11.2025 \u2013 <a href=\"http:\/\/www.overline-poetry.de\/\">www.overline-poetry.de<\/a><\/strong><br><br><strong>WBS = Wohnberechtigungsschein<\/strong><br><br><em><strong>Bremen: Die Voraussetzung f\u00fcr einen Wohnberechtigungsschein<\/strong><\/em><br><em>Alleinstehende k\u00f6nnen bis zu 12.000 \u20ac verdienen, 2-Personenhaushalte bis zu 18.000 \u20ac. F\u00fcr jede weitere Person erh\u00f6ht sich die Einkommensgrenze um weitere &#8230;..<br>Internetfund<\/em><br><br><em>Ob einem Haushalt ein B-Schein erteilt werden kann, entscheidet die Wohnberechtigungsschein-Stelle bei der Senatorin f\u00fcr Bau, Mobilit\u00e4t und Stadtentwicklung. Sie pr\u00fcft auf Antrag, ob von dem Haushalt die jeweils geltende Einkommensgrenze eingehalten wird.<\/em><br><em>Internetfund<\/em><br><\/p>\n","protected":false},"excerpt":{"rendered":"<p>Ein Interessent mit WBS sich f\u00fcr eine Wohnungssuche eingetragen.Die gro\u00dfe Hoffnung, es einmal mit einer Sozialwohnung zu wagen.Das monatliche Einkommen war der Wohnbaugesellschaft bekannt,denn es musste bei dem Wohnungssuchauftrag zuvor auch genannt Das Gl\u00fcck, denn er wurde eingeladen zu einem Besichtigungstermin.In einem Neubau und zu einer bezahlbaren Sozialwohnung, f\u00fcr ihn.Per eMail wurde bei einer \u201eAuslosung\u201c [&hellip;]<\/p>\n","protected":false},"author":1,"featured_media":0,"parent":0,"menu_order":0,"comment_status":"closed","ping_status":"closed","template":"","meta":{"footnotes":""},"class_list":["post-2182","page","type-page","status-publish","hentry"],"jetpack_sharing_enabled":true,"_links":{"self":[{"href":"https:\/\/overline-poetry.de\/index.php\/wp-json\/wp\/v2\/pages\/2182","targetHints":{"allow":["GET"]}}],"collection":[{"href":"https:\/\/overline-poetry.de\/index.php\/wp-json\/wp\/v2\/pages"}],"about":[{"href":"https:\/\/overline-poetry.de\/index.php\/wp-json\/wp\/v2\/types\/page"}],"author":[{"embeddable":true,"href":"https:\/\/overline-poetry.de\/index.php\/wp-json\/wp\/v2\/users\/1"}],"replies":[{"embeddable":true,"href":"https:\/\/overline-poetry.de\/index.php\/wp-json\/wp\/v2\/comments?post=2182"}],"version-history":[{"count":4,"href":"https:\/\/overline-poetry.de\/index.php\/wp-json\/wp\/v2\/pages\/2182\/revisions"}],"predecessor-version":[{"id":2191,"href":"https:\/\/overline-poetry.de\/index.php\/wp-json\/wp\/v2\/pages\/2182\/revisions\/2191"}],"wp:attachment":[{"href":"https:\/\/overline-poetry.de\/index.php\/wp-json\/wp\/v2\/media?parent=2182"}],"curies":[{"name":"wp","href":"https:\/\/api.w.org\/{rel}","templated":true}]}}