
{"id":2195,"date":"2025-11-25T06:21:17","date_gmt":"2025-11-25T06:21:17","guid":{"rendered":"https:\/\/overline-poetry.de\/?page_id=2195"},"modified":"2025-12-24T12:48:11","modified_gmt":"2025-12-24T12:48:11","slug":"weihnachtsmarkt-magdeburg-fuer-terroristen-den-kurzen-prozess-und-keine-oeffentliche-buehne","status":"publish","type":"page","link":"https:\/\/overline-poetry.de\/index.php\/weihnachtsmarkt-magdeburg-fuer-terroristen-den-kurzen-prozess-und-keine-oeffentliche-buehne\/","title":{"rendered":"Weihnachtsmarkt Magdeburg &#8211; F\u00fcr Terroristen den \u201ekurzen Prozess\u201c und keine \u201e\u00f6ffentliche B\u00fchne\u201c"},"content":{"rendered":"\n<p>Der T\u00e4ter, der viele Menschen in <strong>Magdeburg<\/strong> hat brutal umgebracht,<br>sollte keine <strong>\u201eB\u00fchne\u201c<\/strong> bekommen, sonst Gefahr, dieses nachgemacht.<br>Ich w\u00e4re nicht abgeneigt, h\u00e4tte man ihn ohne Aufsehen erschossen,<br>denn so bekommt er eine <strong>\u201eB\u00fchne\u201c<\/strong> und das macht mich verdrossen.<br><br>Er kann so beim Prozess, seine <strong>Botschaften<\/strong> gut sichtbar verbreiten,<br>weil \u00f6ffentliches Interesse, wird kein Richter dagegen einschreiten.<br>Der <strong>Gerichtsprozess<\/strong> ist auf sehr viele Verhandlungstage angesetzt,<br>so kann der T\u00e4ter berichten, was in unserer Welt ihn hat aufgehetzt.<br><br>Kommt er, weil <strong>geistesgest\u00f6rt<\/strong>, lang in <strong>psychiatrische<\/strong> Behandlung,<br>hofft man auf <strong>psychische<\/strong> Besserung, auf eine positive Verwandlung.<br>Die Sicherungsverwahrung kostet dem B\u00fcrger sehr viel Steuergeld,<br>diese als Strafe zu bezeichnen, bei den Kosten Nutzen, mir missf\u00e4llt.<br><br>Die <strong>Weihnachtsm\u00e4rkte<\/strong> von zu strenggl\u00e4ubigen Muslime abgelehnt,<br>dieses ist eine nicht zu akzeptierende Intoleranz, sei hier erw\u00e4hnt.<br>Wir sollten die Gewaltandrohungen \u201edieser Irren\u201c nicht akzeptieren,<br>sonst werden sie gewinnen und wir werden unsere Freiheit verlieren.<br><br>Die 100-prozentige Sicherheit gibt es nirgendwo auf unserer Welt.<br>Wir sollten diese Traditionen leben, auch wenn es nicht jedem gef\u00e4llt.<br>Die Zeit der Inquisition ist vorbei, jeder sollte seinen Glauben leben.<br>Glaubenskriege darf es in unserem freien <strong>Deutschland<\/strong> nicht geben!<br><br>Wer sich in <strong>Deutschland<\/strong> nicht an unsere Regeln und Gesetze h\u00e4lt,<br>weil ihn Freiheit und unsere demokratische Ordnung nicht gef\u00e4llt,<br>der sollte unser demokratisches <strong>Deutschland<\/strong> schnellstens verlassen,<br>auf den<strong>Mond geschossen<\/strong>, wo sie sich k\u00f6nnen gegenseitig hassen.<br><br><strong>\u00a9 Rainer Dambroth \u2013 25.11.2025 \u2013 <a href=\"http:\/\/www.overline-poetry.de\/\">www.overline-poetry.de<\/a><\/strong><br><br><em><strong>Versch\u00e4rftes Sicherheitskonzept Magdeburger Weihnachtsmarkt ist er\u00f6ffnet<\/strong><br>Der Magdeburger Weihnachtsmarkt ist er\u00f6ffnet worden. Nach Begehungen und Abnahmen Anfang der Woche hat der Veranstalter die Genehmigung erhalten. Stadt, Polizei und Landesverwaltungsamt haben daf\u00fcr ein verst\u00e4rktes Sicherheitskonzept abgestimmt. Auch Ministerpr\u00e4sident Rainer Haseloff hatte sich in die Diskussion eingeschaltet.<br><strong>Tagesschau &#8211; Stand: 23.11.2025 16:51 Uhr<\/strong><\/em><\/p>\n","protected":false},"excerpt":{"rendered":"<p>Der T\u00e4ter, der viele Menschen in Magdeburg hat brutal umgebracht,sollte keine \u201eB\u00fchne\u201c bekommen, sonst Gefahr, dieses nachgemacht.Ich w\u00e4re nicht abgeneigt, h\u00e4tte man ihn ohne Aufsehen erschossen,denn so bekommt er eine \u201eB\u00fchne\u201c und das macht mich verdrossen. Er kann so beim Prozess, seine Botschaften gut sichtbar verbreiten,weil \u00f6ffentliches Interesse, wird kein Richter dagegen einschreiten.Der Gerichtsprozess ist [&hellip;]<\/p>\n","protected":false},"author":1,"featured_media":0,"parent":0,"menu_order":0,"comment_status":"closed","ping_status":"closed","template":"","meta":{"footnotes":""},"class_list":["post-2195","page","type-page","status-publish","hentry"],"jetpack_sharing_enabled":true,"_links":{"self":[{"href":"https:\/\/overline-poetry.de\/index.php\/wp-json\/wp\/v2\/pages\/2195","targetHints":{"allow":["GET"]}}],"collection":[{"href":"https:\/\/overline-poetry.de\/index.php\/wp-json\/wp\/v2\/pages"}],"about":[{"href":"https:\/\/overline-poetry.de\/index.php\/wp-json\/wp\/v2\/types\/page"}],"author":[{"embeddable":true,"href":"https:\/\/overline-poetry.de\/index.php\/wp-json\/wp\/v2\/users\/1"}],"replies":[{"embeddable":true,"href":"https:\/\/overline-poetry.de\/index.php\/wp-json\/wp\/v2\/comments?post=2195"}],"version-history":[{"count":2,"href":"https:\/\/overline-poetry.de\/index.php\/wp-json\/wp\/v2\/pages\/2195\/revisions"}],"predecessor-version":[{"id":2287,"href":"https:\/\/overline-poetry.de\/index.php\/wp-json\/wp\/v2\/pages\/2195\/revisions\/2287"}],"wp:attachment":[{"href":"https:\/\/overline-poetry.de\/index.php\/wp-json\/wp\/v2\/media?parent=2195"}],"curies":[{"name":"wp","href":"https:\/\/api.w.org\/{rel}","templated":true}]}}