
{"id":2203,"date":"2025-11-28T15:48:23","date_gmt":"2025-11-28T15:48:23","guid":{"rendered":"https:\/\/overline-poetry.de\/?page_id=2203"},"modified":"2025-11-29T06:37:36","modified_gmt":"2025-11-29T06:37:36","slug":"donald-trump-ist-ein-primitiver-praesident","status":"publish","type":"page","link":"https:\/\/overline-poetry.de\/index.php\/donald-trump-ist-ein-primitiver-praesident\/","title":{"rendered":"Donald Trump ist ein primitiver Pr\u00e4sident"},"content":{"rendered":"\n<p><strong>Donald Trump<\/strong> und <strong>J.D. Vance<\/strong> erwarten von <strong>Selensky<\/strong> Dankbarkeit!<br>Aber wof\u00fcr, dass sie die <strong>Ukraine<\/strong> zugunsten <strong>Russland<\/strong> \u201eabschreiben\u201c?<br>Pr\u00e4sident <strong>Donald Trump<\/strong> erkennt nicht das russische Signal der Zeit,<br>darum l\u00e4sst er die weiteren Unterst\u00fctzungen f\u00fcr die <strong>Ukraine<\/strong> bleiben.<br><br><strong>Donald Trump<\/strong> sieht sich als der gro\u00dfe Friedensbringer f\u00fcr die Welt,<br>mangels Selbstwertgef\u00fchl, lechzt er nach Anerkennung und Macht.<br>Er nutzt w\u00e4hrend seiner Pr\u00e4sidentschaft nur den Zugewinn von Geld<br>und so mancher Friedensplan erscheint als L\u00f6sung nicht durchdacht.<br><br>Bei Fehlleistungen wird die Schuld auf &#8222;Verantwortliche&#8220; \u00fcbertragen,<br>denn <strong>Donald Trump<\/strong> ist unfehlbar und liegt strategisch immer richtig.<br>Bei den dann &#8222;Verantwortlichen&#8220; war es deren strategisches Versagen,<br>denn seine Unfehlbarkeit, ist Pr\u00e4sident <strong>Donald Trump<\/strong> sehr wichtig.<br><br>Der verachtende und somit abwertende Umgang mit aktiven Frauen,<br>ist bei dem chauvenistischen Pr\u00e4sidenten <strong>Donald Trump<\/strong> ausgepr\u00e4gt.<br>F\u00fcr <strong>Donald Trump<\/strong> scheinen die Frauen, eine &#8222;Sch\u00f6pfung des Grauen&#8220;,<br>so er den Umgang mit Frauen, nur zur seiner Lustbefriedigung pflegt.<br><br><strong>Donald Trump<\/strong> ist wie trotziges Kind, dem ein Spielzeug wird gezeigt<br>und wenn es auch nicht so &#8222;nach seinem Willen&#8220; dann funktioniert,<br>ist er zum Spielen, weil es ihn \u00fcberfordert, schnell wieder abgeneigt<br>und an dem neuen Spielzeug zum Spielen, nicht mehr interessiert.<br><br>Die <strong>Ukraine<\/strong> ist f\u00fcr <strong>Donald Trump<\/strong> ein l\u00e4stiges, zu l\u00f6sendes Projekt<br>und jeder hofft, dass er seine M\u00f6glichkeiten gegen Putin einsetzt.<br>Aber <strong>Donald Trump<\/strong> zeigt f\u00fcr <strong>Putin<\/strong> Sympathie und gro\u00dfen Respekt,<br>somit seine Macht gegen den Despoten<strong> Putin<\/strong> falsch eingesch\u00e4tzt.<br><br>Die <strong>Ukraine<\/strong> wird, in Abwesenheit, zu einem Verlierer ausgehandelt<br>und diese scheint dem Pr\u00e4sidenten <strong>Donald Trump<\/strong> auch v\u00f6llig egal.<br><strong>Donald Trump<\/strong> scheint mehr mit dem <strong>Despoten Putin<\/strong> &#8222;verbandelt&#8220;,<br>deshalb hat er wohl bei der Abw\u00e4gung mit der <strong>Ukraine<\/strong> keine Wahl.<br><strong><br>\u00a9 Rainer Dambroth \u2013 28.11.2025 \u2013 <a href=\"http:\/\/www.overline-poetry.de\/\">www.overline-poetry.de<\/a><\/strong><br><br><em><strong>Das Wort primitiv<\/strong> <strong>bedeutet<\/strong> urspr\u00fcnglich, urt\u00fcmlich und auf einer fr\u00fcheren Entwicklungsstufe stehend. Es kann aber auch abwertend f\u00fcr Dinge werden, die einfach roh, d\u00fcrftig, unzivilisiert oder geistig anspruchslos sind.<br>Internetfund<\/em><\/p>\n","protected":false},"excerpt":{"rendered":"<p>Donald Trump und J.D. Vance erwarten von Selensky Dankbarkeit!Aber wof\u00fcr, dass sie die Ukraine zugunsten Russland \u201eabschreiben\u201c?Pr\u00e4sident Donald Trump erkennt nicht das russische Signal der Zeit,darum l\u00e4sst er die weiteren Unterst\u00fctzungen f\u00fcr die Ukraine bleiben. Donald Trump sieht sich als der gro\u00dfe Friedensbringer f\u00fcr die Welt,mangels Selbstwertgef\u00fchl, lechzt er nach Anerkennung und Macht.Er nutzt w\u00e4hrend [&hellip;]<\/p>\n","protected":false},"author":1,"featured_media":0,"parent":0,"menu_order":0,"comment_status":"closed","ping_status":"closed","template":"","meta":{"footnotes":""},"class_list":["post-2203","page","type-page","status-publish","hentry"],"jetpack_sharing_enabled":true,"_links":{"self":[{"href":"https:\/\/overline-poetry.de\/index.php\/wp-json\/wp\/v2\/pages\/2203","targetHints":{"allow":["GET"]}}],"collection":[{"href":"https:\/\/overline-poetry.de\/index.php\/wp-json\/wp\/v2\/pages"}],"about":[{"href":"https:\/\/overline-poetry.de\/index.php\/wp-json\/wp\/v2\/types\/page"}],"author":[{"embeddable":true,"href":"https:\/\/overline-poetry.de\/index.php\/wp-json\/wp\/v2\/users\/1"}],"replies":[{"embeddable":true,"href":"https:\/\/overline-poetry.de\/index.php\/wp-json\/wp\/v2\/comments?post=2203"}],"version-history":[{"count":6,"href":"https:\/\/overline-poetry.de\/index.php\/wp-json\/wp\/v2\/pages\/2203\/revisions"}],"predecessor-version":[{"id":2216,"href":"https:\/\/overline-poetry.de\/index.php\/wp-json\/wp\/v2\/pages\/2203\/revisions\/2216"}],"wp:attachment":[{"href":"https:\/\/overline-poetry.de\/index.php\/wp-json\/wp\/v2\/media?parent=2203"}],"curies":[{"name":"wp","href":"https:\/\/api.w.org\/{rel}","templated":true}]}}