
{"id":2224,"date":"2025-12-03T04:42:22","date_gmt":"2025-12-03T04:42:22","guid":{"rendered":"https:\/\/overline-poetry.de\/?page_id=2224"},"modified":"2025-12-26T16:37:36","modified_gmt":"2025-12-26T16:37:36","slug":"putins-friedensplanbedingungen-an-donald-trump-zur-uebernahme-der-ukraine-kapitulation","status":"publish","type":"page","link":"https:\/\/overline-poetry.de\/index.php\/putins-friedensplanbedingungen-an-donald-trump-zur-uebernahme-der-ukraine-kapitulation\/","title":{"rendered":"Putins Friedensplanbedingungen an Donald Trump zur \u00dcbernahme der Ukraine (Kapitulation?)"},"content":{"rendered":"\n<p>Die <strong>ukrainische Armee<\/strong> sollte mindestens um die H\u00e4lfte reduziert,<br>damit <strong>Putin<\/strong> will beim n\u00e4chsten <strong>Angriffskrieg<\/strong> kein Personal verliert.<br>Beim neuen Angriff sollen zur Begr\u00fc\u00dfung <strong>russische Fahnen<\/strong> wehen,<br><strong>Despot Putin<\/strong> will keinen Widerstand der <strong>Ukraine<\/strong> dann mehr sehen.<br><br><strong>Despot Putin<\/strong> versichert schriftlich <strong>Europa<\/strong> einen Nichtangriffsvertrag,<br>Nach dem <strong>Ukrainekrieg<\/strong>, an &#8222;<strong>russische Vertr\u00e4ge<\/strong>&#8220; nicht glauben mag.<br><strong>Despot Putin<\/strong> verspricht sehr viel, ohne bei seinen L\u00fcgen zu err\u00f6ten<br>und alle, die nicht &#8222;kooperieren&#8220; wollen, die wird <strong>Despot Putin<\/strong> t\u00f6ten.<br><br>Wenn <strong>Putins Armee<\/strong> kommt, um sich den Rest der <strong>Ukraine<\/strong> zu holen,<br>dann geht es weiter, mit dem Angriff, gegen <strong>Deutschland<\/strong> und <strong>Polen<\/strong>.<br>Der Auftrag an die <strong>AFD<\/strong>, zuvor die <strong>Nato<\/strong> in Zwietracht zu zerschlagen.<br>Nur so kann sich <strong>Despot<\/strong> <strong>Putin<\/strong> in ungesch\u00fctzte <strong>Nato-Staaten<\/strong> wagen.<br><br>Noch bevor von <strong>Europa<\/strong> oder von <strong>Amerika<\/strong> wird richtig \u201ehingeguckt\u201c,<br>hat der Kriegsherr <strong>Putin<\/strong> mit <strong>Russland<\/strong> dann halb Europa &#8222;geschluckt&#8220;.<br>In orthodoxen Kirchen wird <strong>Putin<\/strong> als ein heiliges Kultbild aufgestellt,<br>so dass den Gl\u00e4ubigen der \u201e<strong>Heilige Wladimir<\/strong>\u201c als ein Kultbild gef\u00e4llt.<br><br>Der <strong>Wladimir Putin<\/strong> und <strong>Donald Trump <\/strong>wollen Geschichte schreiben,<br>wenn sie gemeinsam, rohstoffreiche L\u00e4nder, f\u00fcr sich dann auftreiben.<br><strong>Despot Putin<\/strong> den naiven <strong>Donald Trump<\/strong> f\u00fcr seine Zwecke &#8222;ben\u00fctzt&#8220;<br>und <strong>Donald Trump<\/strong> den <strong>Despoten Putin<\/strong> vor EU-Reaktionen sch\u00fctzt.<br><br>Der <strong>Donald Trump<\/strong> wird dem <strong>Despoten Putin<\/strong> stets &#8222;zu Diensten sein&#8220;.<br>und <strong>Despot Putin<\/strong> &#8222;lullt&#8220; den &#8222;<strong>naiven&#8220; Donald Trump<\/strong>  mit L\u00fcgen ein.<br>Der &#8222;<strong>naive<\/strong>&#8222;<strong> Donald Trump<\/strong> dem <strong>Despoten Putin<\/strong> seine L\u00fcgen glaubt,<br>so sich der <strong>Despot Putin<\/strong> mit unwahren Aussagen sich vieles erlaubt.<br><br>Die Sicherheitsgarantien ausschlie\u00dflich von <strong>Russland<\/strong> \u00fcbernommen,<br>so keine Probleme, sollte es zum <strong>Krieg<\/strong> gegen die <strong>Ukraine<\/strong> kommen.<br>Die <strong>ukrainische Armee<\/strong> sollte sich nicht gegen einen <strong>Angriff<\/strong> wehren,<br>wenn <strong>Despot Putins Armee<\/strong>, wird die <strong>Ukraine<\/strong> dann wieder beehren.<br><br><strong>\u00a9 Rainer Dambroth \u2013 03.12.2025 \u2013 <a href=\"http:\/\/www.overline-poetry.de\/\">www.overline-poetry.de<\/a><\/strong><\/p>\n","protected":false},"excerpt":{"rendered":"<p>Die ukrainische Armee sollte mindestens um die H\u00e4lfte reduziert,damit Putin will beim n\u00e4chsten Angriffskrieg kein Personal verliert.Beim neuen Angriff sollen zur Begr\u00fc\u00dfung russische Fahnen wehen,Despot Putin will keinen Widerstand der Ukraine dann mehr sehen. Despot Putin versichert schriftlich Europa einen Nichtangriffsvertrag,Nach dem Ukrainekrieg, an &#8222;russische Vertr\u00e4ge&#8220; nicht glauben mag.Despot Putin verspricht sehr viel, ohne bei [&hellip;]<\/p>\n","protected":false},"author":1,"featured_media":0,"parent":0,"menu_order":0,"comment_status":"closed","ping_status":"closed","template":"","meta":{"footnotes":""},"class_list":["post-2224","page","type-page","status-publish","hentry"],"jetpack_sharing_enabled":true,"_links":{"self":[{"href":"https:\/\/overline-poetry.de\/index.php\/wp-json\/wp\/v2\/pages\/2224","targetHints":{"allow":["GET"]}}],"collection":[{"href":"https:\/\/overline-poetry.de\/index.php\/wp-json\/wp\/v2\/pages"}],"about":[{"href":"https:\/\/overline-poetry.de\/index.php\/wp-json\/wp\/v2\/types\/page"}],"author":[{"embeddable":true,"href":"https:\/\/overline-poetry.de\/index.php\/wp-json\/wp\/v2\/users\/1"}],"replies":[{"embeddable":true,"href":"https:\/\/overline-poetry.de\/index.php\/wp-json\/wp\/v2\/comments?post=2224"}],"version-history":[{"count":3,"href":"https:\/\/overline-poetry.de\/index.php\/wp-json\/wp\/v2\/pages\/2224\/revisions"}],"predecessor-version":[{"id":2230,"href":"https:\/\/overline-poetry.de\/index.php\/wp-json\/wp\/v2\/pages\/2224\/revisions\/2230"}],"wp:attachment":[{"href":"https:\/\/overline-poetry.de\/index.php\/wp-json\/wp\/v2\/media?parent=2224"}],"curies":[{"name":"wp","href":"https:\/\/api.w.org\/{rel}","templated":true}]}}