
{"id":2240,"date":"2023-12-31T14:26:00","date_gmt":"2023-12-31T14:26:00","guid":{"rendered":"https:\/\/overline-poetry.de\/?page_id=2240"},"modified":"2025-12-07T14:34:20","modified_gmt":"2025-12-07T14:34:20","slug":"und-segne-was-du-uns-bescheret-hast","status":"publish","type":"page","link":"https:\/\/overline-poetry.de\/index.php\/und-segne-was-du-uns-bescheret-hast\/","title":{"rendered":"Und segne was du uns bescheret hast"},"content":{"rendered":"\n<p>Dein t\u00e4gliches Essen, wo Tiere wurden gequ\u00e4lt und mussten leiden,<br>das solltest du als verantwortungsbewusster Mensch doch meiden.<br>Dieses mit dem Tischgebet \u201eals von Gott gegeben, somit gesegnet\u201c,<br>dir hoffentlich als \u201eKopfbild\u201c in deinen Gedanken noch oft begegnet.<br><br>Gl\u00fccklich ist kein Tier &#8222;gestorben&#8220; f\u00fcr den \u201egesegneten Essenstisch&#8220;.<br>Nicht das Schwein, weder Lamm noch Kalb, weder Gans noch Fisch.<br>Ein ungl\u00fcckliches Leben hatte jedes Tier aus einem Massentierstall<br>und diese zu essen, darauf sollte man verzichten doch in jedem Fall.<br><br>Die Kirche spricht den Segen f\u00fcr die qu\u00e4lenden Massentierst\u00e4lle aus.<br>So bekommt man vom Betreiber dann Spendengeld ins Kirchenhaus.<br>F\u00fcr gemachte Verfehlungen und die Reinigung der belasteten Seele,<br>man \u201edreimal Vater unser\u201c gegen die Verfehlungen dann empfehle.<br><br>F\u00fcr einen Glockenstuhl wurden Nichtspender in der Predigt benannt<br>und so wurden diese Nichtspender dann in dem ganzen Ort bekannt.<br>Dieses in einer Massentieransiedlung in der Nachbarschaft passierte,<br>weil der Kircheng\u00e4nger sich weigerte, dass man bei ihm &#8222;abkassierte&#8220;.<br><br>Die Kirchen sich bei den Tierqu\u00e4lereien nicht dagegen positionieren,<br>denn sie wollen doch keine zahlenden Gemeindemitglieder verlieren.<br>Ob der Stierkampf, wo Tiere sinnlos sterben, vorher Qualen erleiden.<br>Wo die Tiere nur aus Spa\u00df geschossen, auch das sollte man meiden.<br><br>Vom Papst ein friedliches Miteinander der Menschheit \u201eempfohlen\u201c,<br>aber Aggressoren nicht deutlich verurteilt, die sich L\u00e4nder gestohlen.<br>Zuviel Unrecht wird als Glaubenspr\u00fcfung der Menschen dargestellt,<br>immer mit der Hoffnung, dass diese Aussage den Gl\u00e4ubigen gef\u00e4llt.<br><br><strong>\u00a9<\/strong> Rainer Dambroth &#8211; 31.12.2023 &#8211; <strong><a href=\"https:\/\/www.overline-poetry.de\/\">www.overline-poetry.de<\/a><\/strong><\/p>\n","protected":false},"excerpt":{"rendered":"<p>Dein t\u00e4gliches Essen, wo Tiere wurden gequ\u00e4lt und mussten leiden,das solltest du als verantwortungsbewusster Mensch doch meiden.Dieses mit dem Tischgebet \u201eals von Gott gegeben, somit gesegnet\u201c,dir hoffentlich als \u201eKopfbild\u201c in deinen Gedanken noch oft begegnet. Gl\u00fccklich ist kein Tier &#8222;gestorben&#8220; f\u00fcr den \u201egesegneten Essenstisch&#8220;.Nicht das Schwein, weder Lamm noch Kalb, weder Gans noch Fisch.Ein ungl\u00fcckliches [&hellip;]<\/p>\n","protected":false},"author":1,"featured_media":0,"parent":0,"menu_order":0,"comment_status":"closed","ping_status":"closed","template":"","meta":{"footnotes":""},"class_list":["post-2240","page","type-page","status-publish","hentry"],"jetpack_sharing_enabled":true,"_links":{"self":[{"href":"https:\/\/overline-poetry.de\/index.php\/wp-json\/wp\/v2\/pages\/2240","targetHints":{"allow":["GET"]}}],"collection":[{"href":"https:\/\/overline-poetry.de\/index.php\/wp-json\/wp\/v2\/pages"}],"about":[{"href":"https:\/\/overline-poetry.de\/index.php\/wp-json\/wp\/v2\/types\/page"}],"author":[{"embeddable":true,"href":"https:\/\/overline-poetry.de\/index.php\/wp-json\/wp\/v2\/users\/1"}],"replies":[{"embeddable":true,"href":"https:\/\/overline-poetry.de\/index.php\/wp-json\/wp\/v2\/comments?post=2240"}],"version-history":[{"count":1,"href":"https:\/\/overline-poetry.de\/index.php\/wp-json\/wp\/v2\/pages\/2240\/revisions"}],"predecessor-version":[{"id":2244,"href":"https:\/\/overline-poetry.de\/index.php\/wp-json\/wp\/v2\/pages\/2240\/revisions\/2244"}],"wp:attachment":[{"href":"https:\/\/overline-poetry.de\/index.php\/wp-json\/wp\/v2\/media?parent=2240"}],"curies":[{"name":"wp","href":"https:\/\/api.w.org\/{rel}","templated":true}]}}