
{"id":2251,"date":"2025-12-09T08:17:18","date_gmt":"2025-12-09T08:17:18","guid":{"rendered":"https:\/\/overline-poetry.de\/?page_id=2251"},"modified":"2025-12-26T16:26:55","modified_gmt":"2025-12-26T16:26:55","slug":"die-deutsche-bahn-die-bremsende-personalstruktur","status":"publish","type":"page","link":"https:\/\/overline-poetry.de\/index.php\/die-deutsche-bahn-die-bremsende-personalstruktur\/","title":{"rendered":"Die Deutsche Bahn: Die bremsende Personalstruktur"},"content":{"rendered":"\n<p>Ideal w\u00e4re eine <strong>pyramidale Struktur<\/strong>, wo einer die Richtung vorgibt,<br>aber jeder will auch an die Spitze, denn der <strong>Managerjob<\/strong> ist beliebt.<br>So wird wird vom <strong>Management<\/strong> die Pyramide auf den Kopf gestellt,<br>weil zu vielen <strong>Bahnmanagern<\/strong> \u201emehr das Reden als das Tun gef\u00e4llt\u201c.<br><br>Wer kennt nicht den Cartoon, wo zu viele am <strong>Konferenztisch<\/strong> sitzen<br>und ein Einzelner am Rudern, bei dem zu Leistenden, am schwitzen.<br>Der einzige Ruderer kommt mit der Geschwindigkeit nicht ans Ziel,<br>weil oben bei dem <strong>Management<\/strong> sitzen am <strong>Konferenztisch<\/strong> zu viel.<br><br>So am <strong>Konferenztisch<\/strong> \u00fcber das Problem mit dem Ruderer &#8222;getagt&#8220;,<br>aber nicht erkannt, dass mit zu vielen Kommandeuren wird versagt.<br>Die <strong>Konferierenden<\/strong> beraten sich, wie diese Situation kann gerettet<br>und auf die schwache Leistung des Ruderers als Problem &#8222;gewettet&#8220;.<br><br>Der kraftlose Ruderer soll gegen einen st\u00e4rkeren Ruderer getauscht,<br>dieses als L\u00f6sung bei den <strong>Konferierenden<\/strong> &#8222;durch die K\u00f6pfe rauscht\u201c<br>Die <strong>Konferierenden<\/strong> f\u00fcr die Probleml\u00f6sung eine Pr\u00e4mie bekommen,<br>denn das Geld ohne eingesetzte Leistung wird gerne mitgenommen.<br><br>Wenn bei <strong>Konferierenden<\/strong> ein Problem das eigene K\u00f6nnen \u00fcbersteigt,<br>ist man zur der Beauftragung einer Beratungsfirma dann hingeneigt.<br>Bei Umsetzung der L\u00f6sung, zu der von den Beratern wurde geraten,<br>wird dann durch eigene <strong>Inkompetenz<\/strong> dann zu viel Geld &#8222;verbraten&#8220;.<br><br>An einem gut verzahnten Getriebe sollte der Betrieb sich orientieren,<br>in dem die Zahnr\u00e4der nur in die gemeinsame Richtung funktionieren.<br>Oder wie beim Kochen, wo zu \u201eviele K\u00f6che dann den Brei verderben\u201c,<br>so wird <strong>Inkompetenz<\/strong> vom <strong>Management<\/strong> sich nach unten &#8222;vererben&#8220;.<br><br><strong>\u00a9 Rainer Dambroth \u2013 09.12.2025 \u2013 www.overline-poetry.de<\/strong><br><br><strong><em>Fast die H\u00e4lfte der Stellen im Management gestrichen: So baut die neue Bahn-Chefin um<br>Berliner Zeitung<br><br>Bahn Chefin: 30 Prozent der F\u00fchrungskr\u00e4fte m\u00fcssen gehen<br>Welt<\/em><\/strong><br><\/p>\n\n\n\n<p><\/p>\n","protected":false},"excerpt":{"rendered":"<p>Ideal w\u00e4re eine pyramidale Struktur, wo einer die Richtung vorgibt,aber jeder will auch an die Spitze, denn der Managerjob ist beliebt.So wird wird vom Management die Pyramide auf den Kopf gestellt,weil zu vielen Bahnmanagern \u201emehr das Reden als das Tun gef\u00e4llt\u201c. Wer kennt nicht den Cartoon, wo zu viele am Konferenztisch sitzenund ein Einzelner am [&hellip;]<\/p>\n","protected":false},"author":1,"featured_media":0,"parent":0,"menu_order":0,"comment_status":"closed","ping_status":"closed","template":"","meta":{"footnotes":""},"class_list":["post-2251","page","type-page","status-publish","hentry"],"jetpack_sharing_enabled":true,"_links":{"self":[{"href":"https:\/\/overline-poetry.de\/index.php\/wp-json\/wp\/v2\/pages\/2251","targetHints":{"allow":["GET"]}}],"collection":[{"href":"https:\/\/overline-poetry.de\/index.php\/wp-json\/wp\/v2\/pages"}],"about":[{"href":"https:\/\/overline-poetry.de\/index.php\/wp-json\/wp\/v2\/types\/page"}],"author":[{"embeddable":true,"href":"https:\/\/overline-poetry.de\/index.php\/wp-json\/wp\/v2\/users\/1"}],"replies":[{"embeddable":true,"href":"https:\/\/overline-poetry.de\/index.php\/wp-json\/wp\/v2\/comments?post=2251"}],"version-history":[{"count":3,"href":"https:\/\/overline-poetry.de\/index.php\/wp-json\/wp\/v2\/pages\/2251\/revisions"}],"predecessor-version":[{"id":2260,"href":"https:\/\/overline-poetry.de\/index.php\/wp-json\/wp\/v2\/pages\/2251\/revisions\/2260"}],"wp:attachment":[{"href":"https:\/\/overline-poetry.de\/index.php\/wp-json\/wp\/v2\/media?parent=2251"}],"curies":[{"name":"wp","href":"https:\/\/api.w.org\/{rel}","templated":true}]}}