
{"id":2262,"date":"2025-12-18T08:05:20","date_gmt":"2025-12-18T08:05:20","guid":{"rendered":"https:\/\/overline-poetry.de\/?page_id=2262"},"modified":"2025-12-18T08:05:24","modified_gmt":"2025-12-18T08:05:24","slug":"extremer-preisanstieg-bei-den-weihnachtsleckereien-boykottieren","status":"publish","type":"page","link":"https:\/\/overline-poetry.de\/index.php\/extremer-preisanstieg-bei-den-weihnachtsleckereien-boykottieren\/","title":{"rendered":"Extremer Preisanstieg bei den Weihnachtsleckereien \u2013 Boykottieren!"},"content":{"rendered":"\n<p>Die Verbraucher sollten sich gegen den Preiswucher \u201esolidarisieren\u201c,<br>so dass die Produktion und auch der Handel werden dabei verlieren.<br>Nicht nur, dass bei vielen Produkten die Einwaage wurde reduziert,<br>sondern einen extremen Preisaufschlag beim Verbraucher \u201eriskiert\u201c.<br>Der Handel argumentiert, Rohstoffpreise sind gestiegen expansiv,<br>aber da scheint in der Produktbewertung doch irgend etwas schief.<br><br>Produkte die in keinem Zusammenhang mit einer Teuerung stehen,<br>werden so mit einem \u201esatten Preisaufschlag\u201c vom Handel versehen.<br>Hier wird versucht, mit dem Verbraucher hohe Gewinne zu machen,<br>so werden sie verteuert, f\u00fcr den bunten Teller, die leckeren Sachen.<br>Preise f\u00fcr Rohkakao wurden in den letzten Jahren <strong>um 70%<\/strong> erh\u00f6ht,<br>Das Produkt <strong>um 100% teurer<\/strong>, denn der Handel wei\u00df, wie das geht.<br><br>Die Warenauslagen schon seit September mit Marzipanbrote gef\u00fcllt,<br>aber die Verbraucher haben in ihren leeren Geldb\u00f6rsen nachgef\u00fchlt.<br>Die waren vor einiger Zeit f\u00fcr etwas \u00fcber einen Euro zu bekommen<br>und heute wird fast der doppelte Preis f\u00fcr das Produkt genommen.<br>Wenn Warenauslagen bleiben voll, dann H\u00e4ndler mit Rabatte locken,<br>denn sie bef\u00fcrchten, dass sie auf diese Produkte bleiben \u201ehocken\u201c.<br><br>Dominosteine und Lebkuchen werden zu Wucherpreisen angeboten.<br>Verbraucher, die dieses kaufen, machen sich zu \u201ek\u00e4uflichen Idioten\u201c.<br>Auch hier sollte man verhalten beim \u201eWeihnachtseinkauf\u201c reagieren,<br>dann wird der Handel auch dieses \u201epreislich annehmbar\u201c reduzieren.<br>Extreme Preiserh\u00f6hungen auch \u00fcber Gewichtsreduktionen entdeckt,<br>mit der Hoffnung, dass es dem Verbraucher weihnachtlich schmeckt.<br><br><strong>\u00a9 Rainer Dambroth &#8211; 17.12.2024 &#8211; <a href=\"http:\/\/www.overline-poetry.de\/\">www.overline-poetry.de<\/a><\/strong><\/p>\n","protected":false},"excerpt":{"rendered":"<p>Die Verbraucher sollten sich gegen den Preiswucher \u201esolidarisieren\u201c,so dass die Produktion und auch der Handel werden dabei verlieren.Nicht nur, dass bei vielen Produkten die Einwaage wurde reduziert,sondern einen extremen Preisaufschlag beim Verbraucher \u201eriskiert\u201c.Der Handel argumentiert, Rohstoffpreise sind gestiegen expansiv,aber da scheint in der Produktbewertung doch irgend etwas schief. Produkte die in keinem Zusammenhang mit einer [&hellip;]<\/p>\n","protected":false},"author":1,"featured_media":0,"parent":0,"menu_order":0,"comment_status":"closed","ping_status":"closed","template":"","meta":{"footnotes":""},"class_list":["post-2262","page","type-page","status-publish","hentry"],"jetpack_sharing_enabled":true,"_links":{"self":[{"href":"https:\/\/overline-poetry.de\/index.php\/wp-json\/wp\/v2\/pages\/2262","targetHints":{"allow":["GET"]}}],"collection":[{"href":"https:\/\/overline-poetry.de\/index.php\/wp-json\/wp\/v2\/pages"}],"about":[{"href":"https:\/\/overline-poetry.de\/index.php\/wp-json\/wp\/v2\/types\/page"}],"author":[{"embeddable":true,"href":"https:\/\/overline-poetry.de\/index.php\/wp-json\/wp\/v2\/users\/1"}],"replies":[{"embeddable":true,"href":"https:\/\/overline-poetry.de\/index.php\/wp-json\/wp\/v2\/comments?post=2262"}],"version-history":[{"count":1,"href":"https:\/\/overline-poetry.de\/index.php\/wp-json\/wp\/v2\/pages\/2262\/revisions"}],"predecessor-version":[{"id":2266,"href":"https:\/\/overline-poetry.de\/index.php\/wp-json\/wp\/v2\/pages\/2262\/revisions\/2266"}],"wp:attachment":[{"href":"https:\/\/overline-poetry.de\/index.php\/wp-json\/wp\/v2\/media?parent=2262"}],"curies":[{"name":"wp","href":"https:\/\/api.w.org\/{rel}","templated":true}]}}