
{"id":228,"date":"2021-01-30T13:44:00","date_gmt":"2021-01-30T13:44:00","guid":{"rendered":"https:\/\/overline-poetry.de\/?page_id=228"},"modified":"2025-01-20T14:19:51","modified_gmt":"2025-01-20T14:19:51","slug":"weniger-kuhmilch-weniger-milchkuehe-weniger-kaelber-weniger-lebendtierexporte","status":"publish","type":"page","link":"https:\/\/overline-poetry.de\/index.php\/weniger-kuhmilch-weniger-milchkuehe-weniger-kaelber-weniger-lebendtierexporte\/","title":{"rendered":"Weniger Kuhmilch! = weniger Milchk\u00fche = weniger K\u00e4lber = weniger Lebendtierexporte!"},"content":{"rendered":"\n<p>Diese &#8222;Milchm\u00e4dchenrechnung&#8220; ist so richtig gemacht,<br>ob man dar\u00fcber diskutieren will oder nur dar\u00fcber lacht.<br>Die Molkereien mit der Notwendigkeit der Milch werben,<br>ich will euch auch den Appetit darauf nicht verderben.<br><br>Nur sollte man das gesamte Problem mal \u00fcberdenken<br>und die Agrarwirtschaft in eine andere Richtung lenken.<br>Wir m\u00fcssen wieder lernen, auf \u00dcberfluss zu verzichten,<br>nicht Lebensmittel, weil \u00dcberproduktion, zu vernichten.<br><br>Bullenk\u00e4lber sind Verlierer, denn sie braucht man nicht.<br>Als &#8222;Fleischlieferanten&#8220;, aber da gibt es schon Verzicht.<br>Billiger, Tiere durch Lebendtierexporte zu &#8222;vernichten&#8220;,<br>anstatt, weil eine \u00dcberproduktion, darauf zu verzichten.<br><br>Sie werden nach der Geburt &#8222;veramscht&#8220; zu Billigpreisen<br>kurz &#8222;Turbo&#8220; gem\u00e4stet, dann m\u00fcssen sie auf lange Reisen.<br>Sie kommen an in einer Welt, wo Tiere werden gequ\u00e4lt<br>und wo das Leben von den Tieren nicht mehr viel z\u00e4hlt.<br><br>Ich will keinen dazu dr\u00e4ngen, was er essen darf und soll,<br>wenn Tiere &#8222;verramscht&#8220; werden, das finde ich nicht toll.<br>F\u00fcr ehrliche und faire Landwirte, die arbeiten mit Flei\u00df,<br>muss Milch und Fleisch bekommen, einen fairen Preis.<br><br>Viele schon dem Fleisch aus ethischen Gr\u00fcnden entsagen,<br>weil sie unser &#8222;tierfeinliches&#8220; System nicht mehr ertragen.<br>Man will nicht, dass der Verbraucher die Wahrheit erf\u00e4hrt,<br>weil dieses die Produktion und die Vermarktung nur st\u00f6rt.<br><br>&#8222;Billig &#8211; will ich&#8220; dieser Spruch ist heute vielfach angesagt<br>die Haltung und Herkunft von Tieren wird nicht abgefragt.<br>Von den Tierfabriken wird eine gute Tierhaltung suggeriert,<br>aber die Wahrheit \u00fcber die Haltung nicht jedem interessiert.<br><br>Ein Megastall mit tausend K\u00fchen wird voller Stolz geplant.<br>Ein &#8222;tausendfaches&#8220; Tierleid wird es, wie man schon ahnt.<br>Tausend K\u00e4lber werden dann in jedem Jahr so produziert.<br>Man braucht nicht lange zu \u00fcberlegen, wer dabei verliert.<br><br> <strong>\u00a9<\/strong> Rainer Dambroth &#8211; 30.01.2021 &#8211; <strong><a href=\"https:\/\/www.overline-poetry.de\">www.overline-poetry.de<\/a><\/strong><br><br><strong>Anmerkung:<\/strong><br>Laut einer Statistik aus dem Jahr 2020 gibt es rund 3,9 Millionen Milchk\u00fche in Deutschland. Das hei\u00dft, dass genau so viele K\u00e4lber geboren werden und vermarktet werden m\u00fcssen, n\u00e4mlich 3,9 Millionen K\u00e4lber.<\/p>\n","protected":false},"excerpt":{"rendered":"<p>Diese &#8222;Milchm\u00e4dchenrechnung&#8220; ist so richtig gemacht,ob man dar\u00fcber diskutieren will oder nur dar\u00fcber lacht.Die Molkereien mit der Notwendigkeit der Milch werben,ich will euch auch den Appetit darauf nicht verderben. Nur sollte man das gesamte Problem mal \u00fcberdenkenund die Agrarwirtschaft in eine andere Richtung lenken.Wir m\u00fcssen wieder lernen, auf \u00dcberfluss zu verzichten,nicht Lebensmittel, weil \u00dcberproduktion, zu [&hellip;]<\/p>\n","protected":false},"author":1,"featured_media":0,"parent":0,"menu_order":0,"comment_status":"closed","ping_status":"closed","template":"","meta":{"footnotes":""},"class_list":["post-228","page","type-page","status-publish","hentry"],"jetpack_sharing_enabled":true,"_links":{"self":[{"href":"https:\/\/overline-poetry.de\/index.php\/wp-json\/wp\/v2\/pages\/228","targetHints":{"allow":["GET"]}}],"collection":[{"href":"https:\/\/overline-poetry.de\/index.php\/wp-json\/wp\/v2\/pages"}],"about":[{"href":"https:\/\/overline-poetry.de\/index.php\/wp-json\/wp\/v2\/types\/page"}],"author":[{"embeddable":true,"href":"https:\/\/overline-poetry.de\/index.php\/wp-json\/wp\/v2\/users\/1"}],"replies":[{"embeddable":true,"href":"https:\/\/overline-poetry.de\/index.php\/wp-json\/wp\/v2\/comments?post=228"}],"version-history":[{"count":1,"href":"https:\/\/overline-poetry.de\/index.php\/wp-json\/wp\/v2\/pages\/228\/revisions"}],"predecessor-version":[{"id":232,"href":"https:\/\/overline-poetry.de\/index.php\/wp-json\/wp\/v2\/pages\/228\/revisions\/232"}],"wp:attachment":[{"href":"https:\/\/overline-poetry.de\/index.php\/wp-json\/wp\/v2\/media?parent=228"}],"curies":[{"name":"wp","href":"https:\/\/api.w.org\/{rel}","templated":true}]}}