
{"id":2298,"date":"2025-09-29T09:43:00","date_gmt":"2025-09-29T09:43:00","guid":{"rendered":"https:\/\/overline-poetry.de\/?page_id=2298"},"modified":"2026-02-01T08:27:06","modified_gmt":"2026-02-01T08:27:06","slug":"brutales-robbenschlachten-in-kanada","status":"publish","type":"page","link":"https:\/\/overline-poetry.de\/index.php\/brutales-robbenschlachten-in-kanada\/","title":{"rendered":"Brutales Robbenschlachten in Kanada"},"content":{"rendered":"\n<p>Das <strong>brutale Robbenschlachten<\/strong> in <strong>Kanada<\/strong> findet statt, jedes Jahr.<br>F\u00fcr eine verfehlte Fischereipolitik in <strong>Kanada<\/strong>, ist wohl jedem klar.<br>Der <strong>Robbe<\/strong> wird angelastet, das sie Fischbest\u00e4nde stark reduziert,<br>der eigentliche Fehler, <strong>\u00dcberfischung der Meere<\/strong>, nicht interessiert.<br><br>Jungtiere wegen ihrem Fell brutal durch &#8222;Erschlagen&#8220; umgebracht,<br>diese Brutalit\u00e4t auch unter \u201eProtest\u201c der <strong>Robbenm\u00fctter<\/strong> gemacht.<br>Zu oft, weil nur leicht bet\u00e4ubt, <strong>Robben<\/strong> lebend abgezogen ihr <strong>Fell<\/strong>,<br>bei dieser Jagd, z\u00e4hlen St\u00fcck und darum muss alles gehen schnell.<br><br>Es soll eine \u00dcberwachung geben, nur die k\u00f6nnen nicht \u00fcberall sein<br>und so sind die <strong>brutalen Fellj\u00e4ger<\/strong> mit ihren Opfern meistens allein.<br>Sie k\u00f6nnen so dann ungesehen den <strong>brutalen Jagdtrieb<\/strong> nachgehen,<br>wollen die <strong>Proteste der Tiersch\u00fctzer<\/strong> bei dem <strong>Massaker<\/strong> nicht sehen.<br><br>Staaten durch <strong>Boykott der Felle<\/strong> gegen diese Gr\u00e4ueltat protestieren,<br>dieser <strong>Boykott<\/strong> scheint die <strong>kanadische Politik<\/strong> nicht zu interessieren.<br>In Asien gibt es \u201eoffene M\u00e4rkte\u201c, somit Abnehmer f\u00fcr <strong>Robbenfelle<\/strong>,<br>bei Fellprodukten f\u00e4llt schwer, dieses zu erkennen auf die Schnelle.<br><br>Die blutige Jagd auf <strong>Belugawale<\/strong> zur Befriedigung der Jagdgenossen,<br>indem Harpunen mit Auftriebsk\u00f6rper in die <strong>Wale<\/strong> hinein geschossen.<br>Selbst die Kinder werden mit beteiligt, an dieser <strong>brutalen Qu\u00e4lerei<\/strong>,<br>das die <strong>Wale<\/strong> verzweifelt versuchen abzutauchen, erscheint einerlei.<br><br><strong>Respekt vor Tieren<\/strong>, das sollte Kindern f\u00fcr ihre Zukunft mitgegeben,<br>denn so erfahren sie Brutalit\u00e4t, eine schlechte Pr\u00e4gung f\u00fcrs Leben.<br>Wir sollten lieber die <strong>Ressourcen<\/strong> an Land und in Meeren sch\u00fctzen,<br>sonst k\u00f6nnen wir diese, schon in naher Zukunft, nicht mehr n\u00fctzen.<br><br><strong>Wir s\u00e4gen schon viel zu lange an dem Ast, auf dem wir \u00fcberleben,<\/strong><br>Wenn dieser bricht, wird es Menschen und Tiere nicht mehr geben!<br>Entscheider in der Politik, denken f\u00fcr sich, bis zur der n\u00e4chsten Wahl,<br>sind meistens \u00fcber dem Lebenszenit, erleben nicht mehr diese Qual.<br><br><strong>\u00a9 Rainer Dambroth \u2013 29.09.2025 \u2013 <a href=\"http:\/\/www.overline-poetry.de\/\">www.overline-poetry.de<\/a><\/strong><\/p>\n","protected":false},"excerpt":{"rendered":"<p>Das brutale Robbenschlachten in Kanada findet statt, jedes Jahr.F\u00fcr eine verfehlte Fischereipolitik in Kanada, ist wohl jedem klar.Der Robbe wird angelastet, das sie Fischbest\u00e4nde stark reduziert,der eigentliche Fehler, \u00dcberfischung der Meere, nicht interessiert. Jungtiere wegen ihrem Fell brutal durch &#8222;Erschlagen&#8220; umgebracht,diese Brutalit\u00e4t auch unter \u201eProtest\u201c der Robbenm\u00fctter gemacht.Zu oft, weil nur leicht bet\u00e4ubt, Robben lebend [&hellip;]<\/p>\n","protected":false},"author":1,"featured_media":0,"parent":0,"menu_order":0,"comment_status":"closed","ping_status":"closed","template":"","meta":{"footnotes":""},"class_list":["post-2298","page","type-page","status-publish","hentry"],"jetpack_sharing_enabled":true,"_links":{"self":[{"href":"https:\/\/overline-poetry.de\/index.php\/wp-json\/wp\/v2\/pages\/2298","targetHints":{"allow":["GET"]}}],"collection":[{"href":"https:\/\/overline-poetry.de\/index.php\/wp-json\/wp\/v2\/pages"}],"about":[{"href":"https:\/\/overline-poetry.de\/index.php\/wp-json\/wp\/v2\/types\/page"}],"author":[{"embeddable":true,"href":"https:\/\/overline-poetry.de\/index.php\/wp-json\/wp\/v2\/users\/1"}],"replies":[{"embeddable":true,"href":"https:\/\/overline-poetry.de\/index.php\/wp-json\/wp\/v2\/comments?post=2298"}],"version-history":[{"count":1,"href":"https:\/\/overline-poetry.de\/index.php\/wp-json\/wp\/v2\/pages\/2298\/revisions"}],"predecessor-version":[{"id":2302,"href":"https:\/\/overline-poetry.de\/index.php\/wp-json\/wp\/v2\/pages\/2298\/revisions\/2302"}],"wp:attachment":[{"href":"https:\/\/overline-poetry.de\/index.php\/wp-json\/wp\/v2\/media?parent=2298"}],"curies":[{"name":"wp","href":"https:\/\/api.w.org\/{rel}","templated":true}]}}