
{"id":2303,"date":"2026-01-04T15:15:04","date_gmt":"2026-01-04T15:15:04","guid":{"rendered":"https:\/\/overline-poetry.de\/?page_id=2303"},"modified":"2026-01-04T15:15:38","modified_gmt":"2026-01-04T15:15:38","slug":"black-lives-matter-der-schriftzug-in-washington-musste-auf-anordnung-von-donald-trump-entfernt-werden","status":"publish","type":"page","link":"https:\/\/overline-poetry.de\/index.php\/black-lives-matter-der-schriftzug-in-washington-musste-auf-anordnung-von-donald-trump-entfernt-werden\/","title":{"rendered":"\u201eBlack Lives Matter\u201c \u2013 Der Schriftzug in Washington musste auf Anordnung von Donald Trump entfernt werden"},"content":{"rendered":"\n<p>Auf Anordnung von <strong>Donald Trump<\/strong> musste dieser Schriftzug entfernt,<br>womit man <strong>rassistisches Verhalten der Republikaner<\/strong> kennen lernt.<br>Sonst h\u00e4tte der Kongress wichtige Gelder f\u00fcr Washington \u201egesperrt\u201c.<br>Mit Erpressung den Regierenden die Macht <strong>Donald Trump<\/strong> gelehrt!<\/p>\n\n\n\n<p><strong>Donald Trump<\/strong> ist als Rassist, nur ein Besch\u00fctzer der \u201e<strong>wei\u00dfen Rasse<\/strong>\u201e,<br>Die<strong> \u201eSchwarzen<\/strong>\u201c sind f\u00fcr ihn, noch immer, Menschen zweiter Klasse.<br>Wenn in Afrika, \u201e<strong>schwarzer Kontinent<\/strong>\u201c, wird ein \u201e<strong>Wei\u00dfer<\/strong>\u201c angegriffen<br>schickt <strong>Donald Trump<\/strong> die Armee, Angreifer werden zur\u00fcck gepfiffen.<\/p>\n\n\n\n<p><strong>Donald Trump<\/strong> will in Amerika alle fremden Nationalit\u00e4ten entfernen<br>nur die \u201e<strong>wei\u00dfe Rasse<\/strong>\u201c darf bleiben und was kann man daraus lernen:<br>Selbst Jahrhunderte nach dem \u201e<strong>unr\u00fchmlichen Ende der Sklaverei<\/strong>\u201e,<br>sind die nachfolgenden Generationen der \u201eBefreiten\u201c noch nicht frei.<\/p>\n\n\n\n<p>Donald Trump, als der neue Vorsitzende vom <strong>Ku Klux Klan<\/strong> National,<br>gebrauchte die Stimmen der \u201e<strong>Schwarzen<\/strong>\u201c nur f\u00fcr seine Wiederwahl.<br>Nachdem er ihre Stimmen f\u00fcr seine Wahl zum Pr\u00e4sidenten ben\u00fctzt,<br>werden sie unter seiner Pr\u00e4sidentschaft nicht gesondert gesch\u00fctzt.<\/p>\n\n\n\n<p>Am liebsten wurde er sie wieder auf die Baumwollfelder entsenden,<br>oder als Hauspersonal f\u00fcr die \u201e<strong>wei\u00dfe Rasse<\/strong>\u201c in Amerika verwenden.<br>Die \u201e<strong>Roth\u00e4ute<\/strong>\u201e, Indianer als Ureinwohner, die \u201e<strong>wei\u00dfe Rasse<\/strong>\u201c dulden,<br>solange sie fair sind und \u201e<strong>lassen sich nichts kommen zu Schulden<\/strong>\u201e.<\/p>\n\n\n\n<p><strong>Donald Trump<\/strong> \u201ewill Amerikas Milliard\u00e4re noch viel reicher machen\u201c,<br>aber ohne \u201e<strong>konsumierendes Volk<\/strong>\u201c k\u00f6nnten die Reichen nicht lachen.<br>Denn <strong>Rockefeller<\/strong> hatte schon damals uns einen Grundsatz gelehrt:<br><strong>Ohne Konsum der Armen, Reichtum der Reichen sich nicht mehrt<\/strong>.<br><br>\u00a9 Rainer Dambroth \u2013 03.01.2026 \u2013 www.overline-poetry.de<\/p>\n\n\n\n<p><em><strong>Black Lives Matter (BLM)<\/strong> bedeutet w\u00f6rtlich \u201eSchwarze Leben z\u00e4hlen\u201c und ist eine internationale Bewegung, die gegen rassistische Gewalt und systemischen Rassismus k\u00e4mpfiguret, insbesondere gegen Gewalt gegen Schwarze Menschen durch Polizei und Staat. Die Bewegung wurde 2013 nach dem Freispruch des M\u00f6rders des Teenagers Trayvon Martin gegr\u00fcndet und gewann durch die Morde an George Floyd, Breonna Taylor und anderen an Fahrt, um auf Ungerechtigkeiten wie Racial Profiling und Polizeigewalt aufmerksam zu machen. Es geht darum, zu zeigen, dass Schwarze Leben ebenso wertvoll und sch\u00fctzenswert sind wie alle anderen, besonders in Gesellschaften, in denen sie strukturell benachteiligt werden<br>Internet KI<\/em><\/p>\n","protected":false},"excerpt":{"rendered":"<p>Auf Anordnung von Donald Trump musste dieser Schriftzug entfernt,womit man rassistisches Verhalten der Republikaner kennen lernt.Sonst h\u00e4tte der Kongress wichtige Gelder f\u00fcr Washington \u201egesperrt\u201c.Mit Erpressung den Regierenden die Macht Donald Trump gelehrt! Donald Trump ist als Rassist, nur ein Besch\u00fctzer der \u201ewei\u00dfen Rasse\u201e,Die \u201eSchwarzen\u201c sind f\u00fcr ihn, noch immer, Menschen zweiter Klasse.Wenn in Afrika, \u201eschwarzer [&hellip;]<\/p>\n","protected":false},"author":1,"featured_media":0,"parent":0,"menu_order":0,"comment_status":"closed","ping_status":"closed","template":"","meta":{"footnotes":""},"class_list":["post-2303","page","type-page","status-publish","hentry"],"jetpack_sharing_enabled":true,"_links":{"self":[{"href":"https:\/\/overline-poetry.de\/index.php\/wp-json\/wp\/v2\/pages\/2303","targetHints":{"allow":["GET"]}}],"collection":[{"href":"https:\/\/overline-poetry.de\/index.php\/wp-json\/wp\/v2\/pages"}],"about":[{"href":"https:\/\/overline-poetry.de\/index.php\/wp-json\/wp\/v2\/types\/page"}],"author":[{"embeddable":true,"href":"https:\/\/overline-poetry.de\/index.php\/wp-json\/wp\/v2\/users\/1"}],"replies":[{"embeddable":true,"href":"https:\/\/overline-poetry.de\/index.php\/wp-json\/wp\/v2\/comments?post=2303"}],"version-history":[{"count":1,"href":"https:\/\/overline-poetry.de\/index.php\/wp-json\/wp\/v2\/pages\/2303\/revisions"}],"predecessor-version":[{"id":2307,"href":"https:\/\/overline-poetry.de\/index.php\/wp-json\/wp\/v2\/pages\/2303\/revisions\/2307"}],"wp:attachment":[{"href":"https:\/\/overline-poetry.de\/index.php\/wp-json\/wp\/v2\/media?parent=2303"}],"curies":[{"name":"wp","href":"https:\/\/api.w.org\/{rel}","templated":true}]}}