
{"id":2308,"date":"2026-02-01T08:26:19","date_gmt":"2026-02-01T08:26:19","guid":{"rendered":"https:\/\/overline-poetry.de\/?page_id=2308"},"modified":"2026-02-01T08:28:10","modified_gmt":"2026-02-01T08:28:10","slug":"donald-trump-der-wilde-westen-ist-zurueck","status":"publish","type":"page","link":"https:\/\/overline-poetry.de\/index.php\/donald-trump-der-wilde-westen-ist-zurueck\/","title":{"rendered":"Donald Trump \u2013 Der wilde Westen ist zur\u00fcck"},"content":{"rendered":"\n<p><strong>Donald Trump<\/strong> &#8222;reitet&#8220; in &#8222;<strong>Wildwest-Manier<\/strong>&#8220; rund um die Welt<br>und &#8222;<strong>\u00fcberf\u00e4llt<\/strong>&#8222;, wenn ihn ein &#8222;<strong>rohstoffreiches<\/strong> <strong>Land<\/strong>&#8220; interessiert.<br>Er sieht nicht das Menschenleid, sondern <strong>nur den Deal<\/strong>, <strong>das Geld!<\/strong><br><strong>Donald Trump<\/strong> ist egal, ob ein Volk, durch den Krieg, Land verliert.<br><br><strong>Donald Trump<\/strong> schickt eine Sondereinheit, die <strong>Venezuela<\/strong> \u00fcberf\u00e4llt.<br>&#8222;Landpiraterie&#8220; scheint, als das Zeichen der Zeit, uns zu alarmieren.<br><strong>Donald Trump<\/strong> ist an den <strong>Erd\u00f6lreserven<\/strong> interessiert, nur das z\u00e4hlt<br>und wird Geld f\u00fcr den Einsatz bei <strong>Maduros Verhaftung<\/strong> kassieren.<br><br>Die Person <strong>Maduro<\/strong> entfernt, aber weiter regiert <strong>Maduros-Partei<\/strong>.<br>Die Armee weiterhin die Regierenden der <strong>Maduro-Partei<\/strong> &#8222;st\u00fctzt&#8220;.<br>Mit diesem Statement, sind viele der <strong>Venezolaner<\/strong> noch nicht frei,<br>auch eine Regierungsf\u00fchrung durch <strong>Amerika<\/strong>, dieses nicht sch\u00fctzt.<br><br>Bei <strong>\u00d6lf\u00f6rderung<\/strong> werden wieder <strong>amerikanische Firmen<\/strong> eingesetzt,<br>denn <strong>Donald Trump<\/strong> will \u00fcber die \u00d6lf\u00f6rderung die totale Kontrolle.<br>Auch ein pers\u00f6nlicher Zugewinn beim Verkauf wird wertgesch\u00e4tzt,<br>die Familie und vertrautes Personal, spielt hierbei eine gro\u00dfe Rolle.<br><br>Auch <strong>Gr\u00f6nland<\/strong> will <strong>Donald Trump<\/strong> \u00fcbernehmen, notfalls mit Krieg,<br>aber <strong>Gr\u00f6nland<\/strong> geh\u00f6rt zu <strong>D\u00e4nemark<\/strong> und <strong>D\u00e4nemark<\/strong> <strong>ist Natoland<\/strong>.<br>Wie erzielt das <strong>Natoland<\/strong> <strong>Amerika<\/strong> gegen ein <strong>Natoland<\/strong> einen Sieg?<br><strong>Donald Trump<\/strong> ist es egal, ob das Verh\u00e4ltnis zur <strong>Nato <\/strong>angespannt!<br><br><strong>Donald Trump<\/strong>, die \u00fcber siebzig Jahre <strong>Nato<\/strong> nicht mehr interessiert,<br>denn er will, wie auch <strong>Despot Putin<\/strong>, f\u00fcr sich Geschichte schreiben!<br>Darum er den Friedensplan f\u00fcr die <strong>Ukraine<\/strong> nicht dringlich forciert<br>und <strong>Despot Putin<\/strong> mit <strong>Russland<\/strong> kann die <strong>Ukraine<\/strong> weiter zerreiben.<br><br><strong>\u00a9 Rainer Dambroth \u2013 03.01.2026 \u2013 www.overline-poetry.de<\/strong><br><br><em>Venezuela wurde 1811 von Spanien unabh\u00e4ngig. Seit der Bolivarischen Revolution von 1999 besteht im Land ein Pr\u00e4sidialsystem, seit 2007 unter Herrschaft der Partei PSUV. Von 2013 bis zu dessen Entf\u00fchrung durch die USA am 3. Januar 2026 wurde Venezuela von deren Parteivorsitzenden Nicolas Maduro regiert. W\u00e4hrend seiner Regierungszeit beherrschte er das Land zunehmend autorit\u00e4r.<br>Wikipedia<\/em><\/p>\n","protected":false},"excerpt":{"rendered":"<p>Donald Trump &#8222;reitet&#8220; in &#8222;Wildwest-Manier&#8220; rund um die Weltund &#8222;\u00fcberf\u00e4llt&#8222;, wenn ihn ein &#8222;rohstoffreiches Land&#8220; interessiert.Er sieht nicht das Menschenleid, sondern nur den Deal, das Geld!Donald Trump ist egal, ob ein Volk, durch den Krieg, Land verliert. Donald Trump schickt eine Sondereinheit, die Venezuela \u00fcberf\u00e4llt.&#8222;Landpiraterie&#8220; scheint, als das Zeichen der Zeit, uns zu alarmieren.Donald Trump [&hellip;]<\/p>\n","protected":false},"author":1,"featured_media":0,"parent":0,"menu_order":0,"comment_status":"closed","ping_status":"closed","template":"","meta":{"footnotes":""},"class_list":["post-2308","page","type-page","status-publish","hentry"],"jetpack_sharing_enabled":true,"_links":{"self":[{"href":"https:\/\/overline-poetry.de\/index.php\/wp-json\/wp\/v2\/pages\/2308","targetHints":{"allow":["GET"]}}],"collection":[{"href":"https:\/\/overline-poetry.de\/index.php\/wp-json\/wp\/v2\/pages"}],"about":[{"href":"https:\/\/overline-poetry.de\/index.php\/wp-json\/wp\/v2\/types\/page"}],"author":[{"embeddable":true,"href":"https:\/\/overline-poetry.de\/index.php\/wp-json\/wp\/v2\/users\/1"}],"replies":[{"embeddable":true,"href":"https:\/\/overline-poetry.de\/index.php\/wp-json\/wp\/v2\/comments?post=2308"}],"version-history":[{"count":1,"href":"https:\/\/overline-poetry.de\/index.php\/wp-json\/wp\/v2\/pages\/2308\/revisions"}],"predecessor-version":[{"id":2309,"href":"https:\/\/overline-poetry.de\/index.php\/wp-json\/wp\/v2\/pages\/2308\/revisions\/2309"}],"wp:attachment":[{"href":"https:\/\/overline-poetry.de\/index.php\/wp-json\/wp\/v2\/media?parent=2308"}],"curies":[{"name":"wp","href":"https:\/\/api.w.org\/{rel}","templated":true}]}}