
{"id":2315,"date":"2026-02-01T08:10:36","date_gmt":"2026-02-01T08:10:36","guid":{"rendered":"https:\/\/overline-poetry.de\/?page_id=2315"},"modified":"2026-02-01T08:30:51","modified_gmt":"2026-02-01T08:30:51","slug":"praesident-rotkappe-mutiert-zum-boesen-wolf","status":"publish","type":"page","link":"https:\/\/overline-poetry.de\/index.php\/praesident-rotkappe-mutiert-zum-boesen-wolf\/","title":{"rendered":"Pr\u00e4sident &#8222;Rotkappe&#8220; mutiert zum b\u00f6sen Wolf"},"content":{"rendered":"\n<p><strong>Donald Trump<\/strong> hat sich vom F<strong>rieden<\/strong> f\u00fcr die Welt abkehrt,<br>weil er nicht mit dem <strong>offiziellen Nobelpreis<\/strong> wurde geehrt.<br><strong>Donald Trump<\/strong> h\u00e4tte vielen L\u00e4ndern den Frieden gebracht,<br>sich mit seinem Tun, zum Friedenspreisanw\u00e4rter gemacht?<br><br><strong>Donald Trump<\/strong> sieht sich als besten Pr\u00e4sidenten der Welt,<br>aber ihn interessieren nur Macht, verbunden mit viel Geld.<br><strong>Donald Trump<\/strong> tr\u00e4gt &#8222;<strong>MAGA<\/strong>&#8220; als Slogan in die Welt hinaus,<br>dieser machtbesessene Egomane, ist f\u00fcr Amerika ein Graus. <br><br>Amerikanische B\u00fcrger hofften auf eine Regierungswende,<br>nun interessiert nur das <strong>Donald Trump<\/strong> Regierungsende.<br><strong>Donald Trump<\/strong> zerst\u00f6rt die Friedensordnung unserer Welt<br>und demonstriert seine Machtposition, wie es ihm gef\u00e4llt.<br><br>Fans der <strong>MAGA-Bewegung<\/strong> sind <strong>Donald Trump<\/strong> ergeben,<br>dabei durften sie durch die Z\u00f6lle Preisteuerungen erleben.<br>Was geht in ihnen vor, wenn sie h\u00f6ren seine wirren Reden,<br>denn <strong>Donald Trump<\/strong> macht Politik f\u00fcr die B\u00fcrger, f\u00fcr jeden?<br><br><strong>Donald Trump<\/strong> ist der realen Welt schon sehr weit entr\u00fcckt,<br>weil ihn nur der Reichtum der Superreichen noch &#8222;begl\u00fcckt&#8220;.<br>Alles was er sieht, das wird <strong>Donald Trump<\/strong> als Deal ben\u00fctzen,<br>nur, um es zu beherrschen und nicht, um es zu besch\u00fctzen.<br><br><strong>Donald Trump<\/strong> hat in Davos gegr\u00fcndet, einen <strong>Friedensrat<\/strong><br>in Anlehnung an die UN, aber davon losgel\u00f6st, also separat.<br><strong>Donald Trump<\/strong> sich als Vorsitzenden auf Lebenszeit benannt<br>und auch die Eingeladenen, die Despoten sind ihm bekannt.<br><br>Als erste Handlung, er sich f\u00fcr den <strong>Friedenspreis<\/strong> nominiert,<br>als ob jemanden diese Friedensfakeauszeichnung intressiert.<br>Er wird Wladimir Putin f\u00fcr einen <strong>Friedenspreis<\/strong> vorschlagen,<br>denn <strong>Amerika<\/strong> und <strong>Russland<\/strong> wollen dem Frieden entsagen.<br><br>Die Mitgliedsschaft wurde nur von den Despoten beantragt,<br>f\u00fcr mehrj\u00e4hrige Mitgliedsschaft, eine Milliarde veranschlagt.<br>So kann <strong>Donald Trump<\/strong> f\u00fcr den Frieden ein Preisgeld zahlen<br>und gegen\u00fcber seinen Fans mit gro\u00dfen Erfolgen &#8222;prahlen&#8220;.<br><br>Wir sollten den Mut besitzen, seiner <strong>Zollpoliik<\/strong> begegnen,<br>neue Handelswege suchen und diese erfolreich absegnen.<br><strong>Donald Trump<\/strong> L\u00e4nder durch Erh\u00f6hung der Z\u00f6lle erpresst,<br>wenn wir neue Wege suchen, steckt er ohne Ergebnis fest.<br><br>\u00a9 Rainer Dambroth \u2013 31.01.2026 \u2013 www.overline-poetry.de<\/p>\n","protected":false},"excerpt":{"rendered":"<p>Donald Trump hat sich vom Frieden f\u00fcr die Welt abkehrt,weil er nicht mit dem offiziellen Nobelpreis wurde geehrt.Donald Trump h\u00e4tte vielen L\u00e4ndern den Frieden gebracht,sich mit seinem Tun, zum Friedenspreisanw\u00e4rter gemacht? Donald Trump sieht sich als besten Pr\u00e4sidenten der Welt,aber ihn interessieren nur Macht, verbunden mit viel Geld.Donald Trump tr\u00e4gt &#8222;MAGA&#8220; als Slogan in die [&hellip;]<\/p>\n","protected":false},"author":1,"featured_media":0,"parent":0,"menu_order":0,"comment_status":"closed","ping_status":"closed","template":"","meta":{"footnotes":""},"class_list":["post-2315","page","type-page","status-publish","hentry"],"jetpack_sharing_enabled":true,"_links":{"self":[{"href":"https:\/\/overline-poetry.de\/index.php\/wp-json\/wp\/v2\/pages\/2315","targetHints":{"allow":["GET"]}}],"collection":[{"href":"https:\/\/overline-poetry.de\/index.php\/wp-json\/wp\/v2\/pages"}],"about":[{"href":"https:\/\/overline-poetry.de\/index.php\/wp-json\/wp\/v2\/types\/page"}],"author":[{"embeddable":true,"href":"https:\/\/overline-poetry.de\/index.php\/wp-json\/wp\/v2\/users\/1"}],"replies":[{"embeddable":true,"href":"https:\/\/overline-poetry.de\/index.php\/wp-json\/wp\/v2\/comments?post=2315"}],"version-history":[{"count":1,"href":"https:\/\/overline-poetry.de\/index.php\/wp-json\/wp\/v2\/pages\/2315\/revisions"}],"predecessor-version":[{"id":2316,"href":"https:\/\/overline-poetry.de\/index.php\/wp-json\/wp\/v2\/pages\/2315\/revisions\/2316"}],"wp:attachment":[{"href":"https:\/\/overline-poetry.de\/index.php\/wp-json\/wp\/v2\/media?parent=2315"}],"curies":[{"name":"wp","href":"https:\/\/api.w.org\/{rel}","templated":true}]}}