
{"id":2323,"date":"2026-02-02T07:55:50","date_gmt":"2026-02-02T07:55:50","guid":{"rendered":"https:\/\/overline-poetry.de\/?page_id=2323"},"modified":"2026-02-03T15:52:05","modified_gmt":"2026-02-03T15:52:05","slug":"melania-quaelt-amerika-mit-ihrem-film","status":"publish","type":"page","link":"https:\/\/overline-poetry.de\/index.php\/melania-quaelt-amerika-mit-ihrem-film\/","title":{"rendered":"Melania qu\u00e4lt Amerika mit ihrem Film"},"content":{"rendered":"\n<p>In <strong>Amerika<\/strong> werden die &#8222;<strong>nicht amerikanischen B\u00fcrger<\/strong>&#8220; gequ\u00e4lt<br>indem f\u00fcr sie zwangsweise der Werbefilm &#8222;<strong>Melania<\/strong>&#8220; ausgew\u00e4hlt.<br>Was erhoffte sich <strong>Melania Trump<\/strong> mit diesem Film zu verbreiten,<br>will sie den <strong>fehlorientierten Amerikanern<\/strong> damit Freude bereiten.<br><br>Mit dem k\u00fcnstlichen L\u00e4cheln, was einer gefrosteten Maske gleicht,<br>erntet sie auch nur Mitleid von <strong>amerikanischen B\u00fcrgern<\/strong> vielleicht.<br>Wenn <strong>Melania Trump<\/strong> betriit die politische Weltb\u00fchne voller Stolz,<br>gleicht sie einer unfertigen Statue, grob gefertigt aus rauem Holz.<br><br>Die <strong>Amerikaner<\/strong> erhofften mit <strong>Donald Trump<\/strong> neue Wege zu gehen,<br>aber <strong>Donald Trump<\/strong> sucht als Dealmaker nur neue Gesch\u00e4ftsideen. <br><strong>Donald Trump<\/strong> versucht mit seinen Z\u00f6llen die L\u00e4nder zu erpressen,<br>mit dem Druckmittel Z\u00f6lle, L\u00e4nder alle seine Bedingungen &#8222;fressen&#8220;.<br><br>Pr\u00e4sident <strong>Donald Trump<\/strong> mit seinem <strong>America FIrst<\/strong>, muss erleben<br>dass viele L\u00e4nder nicht mehr seiner &#8222;wirren Zollpolitik&#8220; nachgeben.<br>Sie suchen sich neue Partner f\u00fcr einen fairen Austausch von Waren,<br><strong>Donald Trump<\/strong> mit seiner Zollpolitik <strong>America stand alone<\/strong> erfahren.<br><br>Vorausetzungen f\u00fcr einen <strong>B\u00fcrgerkrieg<\/strong> in <strong>Amerika<\/strong> sind zu erkennen,<br>um die &#8222;schwelende Gefahr&#8220; in Amerikas Bev\u00f6lkerung zu benennen.<br>Die amerikanische <strong>ICE<\/strong>-Beh\u00f6rde, die ethnische S\u00e4uberung garantiert,<br>auch B\u00fcrger mit einem amerkanischen Pass schon mal dabei verliert.<br><br><strong>Donald Trump<\/strong> ist ein <strong>Dealmaker<\/strong>, bei seinem politischen Vorangehen,<br>er handelt schneller, manchmal voreilig, wie diplomtisch vorgesehen.<br>Das ist \u00fcberraschend, weil nicht kalkulierbar, f\u00fcr das &#8222;bedrohte Land&#8220;,<br>&#8222;<strong>\u00fcberf\u00e4llt<\/strong>&#8220; Donald Trump <strong>Gegner<\/strong>, weil diese Reaktion nicht geahnt. <br><br>Wenn <strong>Donald Trump<\/strong> regiert, ist das nicht immer \u00fcberlegtes Lenken,<br>denn wenn er impulsiv fordert, so manches Mal ohne nachzudenken.<br>Bei all seinem Handeln, will sich <strong>Donald Trump<\/strong> allein im Fokus sehen,<br>kann deshalb das kalkulierte Handeln anderer L\u00e4nder nicht verstehen.<br><br><strong>\u00a9 Rainer Dambroth \u2013 02.02.2026 \u2013 www.overline-poetry.de<\/strong><\/p>\n","protected":false},"excerpt":{"rendered":"<p>In Amerika werden die &#8222;nicht amerikanischen B\u00fcrger&#8220; gequ\u00e4ltindem f\u00fcr sie zwangsweise der Werbefilm &#8222;Melania&#8220; ausgew\u00e4hlt.Was erhoffte sich Melania Trump mit diesem Film zu verbreiten,will sie den fehlorientierten Amerikanern damit Freude bereiten. Mit dem k\u00fcnstlichen L\u00e4cheln, was einer gefrosteten Maske gleicht,erntet sie auch nur Mitleid von amerikanischen B\u00fcrgern vielleicht.Wenn Melania Trump betriit die politische Weltb\u00fchne voller [&hellip;]<\/p>\n","protected":false},"author":1,"featured_media":0,"parent":0,"menu_order":0,"comment_status":"closed","ping_status":"closed","template":"","meta":{"footnotes":""},"class_list":["post-2323","page","type-page","status-publish","hentry"],"jetpack_sharing_enabled":true,"_links":{"self":[{"href":"https:\/\/overline-poetry.de\/index.php\/wp-json\/wp\/v2\/pages\/2323","targetHints":{"allow":["GET"]}}],"collection":[{"href":"https:\/\/overline-poetry.de\/index.php\/wp-json\/wp\/v2\/pages"}],"about":[{"href":"https:\/\/overline-poetry.de\/index.php\/wp-json\/wp\/v2\/types\/page"}],"author":[{"embeddable":true,"href":"https:\/\/overline-poetry.de\/index.php\/wp-json\/wp\/v2\/users\/1"}],"replies":[{"embeddable":true,"href":"https:\/\/overline-poetry.de\/index.php\/wp-json\/wp\/v2\/comments?post=2323"}],"version-history":[{"count":3,"href":"https:\/\/overline-poetry.de\/index.php\/wp-json\/wp\/v2\/pages\/2323\/revisions"}],"predecessor-version":[{"id":2331,"href":"https:\/\/overline-poetry.de\/index.php\/wp-json\/wp\/v2\/pages\/2323\/revisions\/2331"}],"wp:attachment":[{"href":"https:\/\/overline-poetry.de\/index.php\/wp-json\/wp\/v2\/media?parent=2323"}],"curies":[{"name":"wp","href":"https:\/\/api.w.org\/{rel}","templated":true}]}}