
{"id":2336,"date":"2026-02-12T09:54:18","date_gmt":"2026-02-12T09:54:18","guid":{"rendered":"https:\/\/overline-poetry.de\/?page_id=2336"},"modified":"2026-02-20T08:28:25","modified_gmt":"2026-02-20T08:28:25","slug":"vw-manager-zahlen-sich-boni","status":"publish","type":"page","link":"https:\/\/overline-poetry.de\/index.php\/vw-manager-zahlen-sich-boni\/","title":{"rendered":"VW-Manager zahlen sich Boni"},"content":{"rendered":"\n<p>Trotz des Sparkurses wurden pl\u00f6tzlich <strong>sechs Milliarden Euro<\/strong> gefunden.<br><strong>VW-Manager<\/strong> werten das als Erfolg, nicht mehr ans Sparen gebunden.<br>Den <strong>VW-Managern<\/strong> ist das empathische Gef\u00fchl abhanden gekommen,<br>wenn nur daran gedacht, wieviel <strong>&#8222;Erfolgs&#8220;-Bonus<\/strong> kann mitgenommen.<br><br>Hat man, als wichtigste Aufgabe, nach <strong>versteckten Milliarden<\/strong> gesucht,<br>dann sollte ein Termin bei seinem betreuenden Therapeuten gebucht.<br>Fr\u00fcher wurden der <strong>Bonus<\/strong> nur bei einem Gesch\u00e4ftserfolgen ausgelobt.<br>Heute gefordert bei Misserfolg, der verantwortliche Betriebsrat &#8222;tobt&#8220;.<br><br>Bei der erbrachten Leistung w\u00fcrde ich mich als <strong>VW-Manager<\/strong> sch\u00e4men,<br>wenn ich bei gek\u00fcrzten L\u00f6hnen, der Firmenkasse etwas zu entnehmen.<br>Erst wenn der Konzernbetrieb wieder in erfolgreiche Bahnen &#8222;gelenkt&#8220;,<br>dann erst man an belohnende <strong>Bonuszahlung<\/strong> f\u00fcr <strong>VW-Manager<\/strong> denkt.<br><br>Konzernweit sollen mehrere tausend Arbeitspl\u00e4tze dann &#8222;vernichtet&#8220;,<br>somit taktvoll, wenn der Vorstand auf <strong>Bonus-Zahlungen<\/strong> verzichtet.<br>F\u00fcr welche (Fehl)Leistungen werden <strong>Bonus-Zahlungen<\/strong> ausgezahlt,<br>denn es sind keine Leistungen erkennbar, womit k\u00f6nnte &#8222;geprahlt&#8220;.<br><br>Die Belegschaft von einem strategisch gesicherten Job getr\u00e4umt,<br>bei dem <strong>Bonus<\/strong>, die leidtragende Belegschaft vor Wut nur sch\u00e4umt.<br><strong>Bonus<\/strong>, f\u00fcr besondere Leistungen, die dem Konzern Vorteile bringt<br>und die <strong>VW-Manager<\/strong> zum Nachdenken oder zum Handeln zwingt.<br><br><strong>\u00a9 Rainer Dambroth \u2013 12.02.2026 \u2013 www.overline-poetry.de<\/strong><br><br><em>Trotz des eingeleiteten Sparkurses f\u00fcr 2025 mit dem Ziel von bis zu 18 Milliarden Euro Einsparungen (2025) zeichnen sich bei VW unerwartete Bonuszahlungen f\u00fcr das Management ab. Aufgrund eines \u00fcberraschenden Cashflow-Plus von rund 6 Milliarden Euro durch Bilanzoptimierungen stehen Vorstands-Boni von <mark>bis zu 1,75 Millionen Euro pro Person<\/mark> im Raum. Diese Zahlungen sorgen f\u00fcr Unruhe und Widerstand beim Betriebsrat, der Aufkl\u00e4rung fordert<\/em><br><\/p>\n","protected":false},"excerpt":{"rendered":"<p>Trotz des Sparkurses wurden pl\u00f6tzlich sechs Milliarden Euro gefunden.VW-Manager werten das als Erfolg, nicht mehr ans Sparen gebunden.Den VW-Managern ist das empathische Gef\u00fchl abhanden gekommen,wenn nur daran gedacht, wieviel &#8222;Erfolgs&#8220;-Bonus kann mitgenommen. Hat man, als wichtigste Aufgabe, nach versteckten Milliarden gesucht,dann sollte ein Termin bei seinem betreuenden Therapeuten gebucht.Fr\u00fcher wurden der Bonus nur bei einem [&hellip;]<\/p>\n","protected":false},"author":1,"featured_media":0,"parent":0,"menu_order":0,"comment_status":"closed","ping_status":"closed","template":"","meta":{"footnotes":""},"class_list":["post-2336","page","type-page","status-publish","hentry"],"jetpack_sharing_enabled":true,"_links":{"self":[{"href":"https:\/\/overline-poetry.de\/index.php\/wp-json\/wp\/v2\/pages\/2336","targetHints":{"allow":["GET"]}}],"collection":[{"href":"https:\/\/overline-poetry.de\/index.php\/wp-json\/wp\/v2\/pages"}],"about":[{"href":"https:\/\/overline-poetry.de\/index.php\/wp-json\/wp\/v2\/types\/page"}],"author":[{"embeddable":true,"href":"https:\/\/overline-poetry.de\/index.php\/wp-json\/wp\/v2\/users\/1"}],"replies":[{"embeddable":true,"href":"https:\/\/overline-poetry.de\/index.php\/wp-json\/wp\/v2\/comments?post=2336"}],"version-history":[{"count":2,"href":"https:\/\/overline-poetry.de\/index.php\/wp-json\/wp\/v2\/pages\/2336\/revisions"}],"predecessor-version":[{"id":2341,"href":"https:\/\/overline-poetry.de\/index.php\/wp-json\/wp\/v2\/pages\/2336\/revisions\/2341"}],"wp:attachment":[{"href":"https:\/\/overline-poetry.de\/index.php\/wp-json\/wp\/v2\/media?parent=2336"}],"curies":[{"name":"wp","href":"https:\/\/api.w.org\/{rel}","templated":true}]}}