
{"id":2342,"date":"2022-01-14T11:06:00","date_gmt":"2022-01-14T11:06:00","guid":{"rendered":"https:\/\/overline-poetry.de\/?page_id=2342"},"modified":"2026-02-24T07:50:46","modified_gmt":"2026-02-24T07:50:46","slug":"fingerabdruck-bei-asylsuchenden","status":"publish","type":"page","link":"https:\/\/overline-poetry.de\/index.php\/fingerabdruck-bei-asylsuchenden\/","title":{"rendered":"Fingerabdruck bei Asylsuchenden"},"content":{"rendered":"\n<p>Um <strong>Asylschmarotzer<\/strong> im europ\u00e4ischen Datenaustausch zu erkennen,<br>w\u00e4re als L\u00f6sung, die<strong> Fingerabdr\u00fccke der Asybewerber<\/strong> zu benennen.<br>So k\u00f6nnten <strong>Asylbewerber mit doppelter Identit\u00e4t<\/strong> &#8222;heraus gefischt&#8220;,<br>auch die mit verlorenem Pass, verschiedene Herk\u00fcnfte &#8222;aufgetischt&#8220;.<br><br>Das h\u00e4tte bei der gro\u00dfen Fl\u00fcchtlingswelle problemlos durchgef\u00fchrt,<br>ohne das einen zu gro\u00dfen Verwaltungsaufwand h\u00e4tte &#8222;hochger\u00fchrt&#8220;.<br>So w\u00e4re auch Verbleib der &#8222;Ankommenden&#8220; sicherer zu lokalisieren,<br>und &#8222;Unterhaltsgeld&#8220; zus\u00e4tzlich mit einem <strong>Fingerabdruck<\/strong> quittieren.<br><br>Es gibt <strong>Asylschmarotzer<\/strong>, die sich an verschieden Orten registrieren,<br>so dass Melde\u00e4mter, die nicht international vernetzt, dabei verlieren.<br>Bei fast jedem Handy kann die Person durch <strong>Fingerabdruck<\/strong> erkannt,<br>auch vom Datenschutz diese Erfassung nicht als Kritikpunkt benannt.<br><br>Es geht nicht darum, wie die <strong>AFD<\/strong>, <strong>Asylsuchende<\/strong> zu stigmatisieren,<br>sondern die Aufnahme von <strong>Asysuchenden<\/strong> nicht zu &#8222;bagatellisieren&#8220;.<br>Bei der noch m\u00f6glichen doppelten Auszahlung von &#8222;Unterhaltsgeld&#8220;,<br>dieses missg\u00fcnstigen oder rechtsextremen Europ\u00e4ern dann missf\u00e4llt.<br><br>Einzelf\u00e4lle, wo Asylsuchende an verschiedenen Orten registrierten<br>und so das &#8222;Unterhaltsgeld&#8220; von den \u00c4mtern doppelt abkassierten.<br>In solchen F\u00e4llen k\u00f6nnte durch <strong>Fingerabdruck<\/strong> der T\u00e4ter identifiziert<br>und diese T\u00e4ter geh\u00f6ren ohne R\u00fccksichtnahme sofort disqualifiziert.<\/p>\n\n\n\n<p>Durch unsachliche Berichtserstattung wird von Mi\u00dfbrauch berichtet,<br>so manches wurde f\u00fcr den aufbauenden Hass auch hinzu gedichtet.<br>Die unterbelichteten <strong>AFD-W\u00e4hler<\/strong> wohl jede Hetze kritiklos glauben,<br>und <strong>Rechtspopulisten<\/strong> sich mit \u00fcbertriebener Hetze alles erlauben.<br><br><strong>\u00a9 Rainer Dambroth \u2013 14.01.2022 \u2013 www.overline-poetry.de<\/strong><br><br><em>Im Jahr 2014 begann in Deutschland ein deutlicher Anstieg der Fl\u00fcchtlingszahlen, der die Registrierungssysteme zunehmend forderte, jedoch noch nicht die extremen Ausma\u00dfe von 2015 erreichte.<br><strong>Registrierungszahlen und Zuwanderung 2014:<\/strong><br><strong>Asylantr\u00e4ge:<\/strong> Im Jahr 2014 wurden beim Bundesamt f\u00fcr Migration und Fl\u00fcchtlinge (BAMF) insgesamt <strong>202.834 Asylantr\u00e4ge<\/strong> gestellt. Dies entsprach einem Anstieg von etwa 60 Prozent gegen\u00fcber dem Vorjahr<\/em><\/p>\n\n\n\n<p><\/p>\n","protected":false},"excerpt":{"rendered":"<p>Um Asylschmarotzer im europ\u00e4ischen Datenaustausch zu erkennen,w\u00e4re als L\u00f6sung, die Fingerabdr\u00fccke der Asybewerber zu benennen.So k\u00f6nnten Asylbewerber mit doppelter Identit\u00e4t &#8222;heraus gefischt&#8220;,auch die mit verlorenem Pass, verschiedene Herk\u00fcnfte &#8222;aufgetischt&#8220;. Das h\u00e4tte bei der gro\u00dfen Fl\u00fcchtlingswelle problemlos durchgef\u00fchrt,ohne das einen zu gro\u00dfen Verwaltungsaufwand h\u00e4tte &#8222;hochger\u00fchrt&#8220;.So w\u00e4re auch Verbleib der &#8222;Ankommenden&#8220; sicherer zu lokalisieren,und &#8222;Unterhaltsgeld&#8220; zus\u00e4tzlich mit [&hellip;]<\/p>\n","protected":false},"author":1,"featured_media":0,"parent":0,"menu_order":0,"comment_status":"closed","ping_status":"closed","template":"","meta":{"footnotes":""},"class_list":["post-2342","page","type-page","status-publish","hentry"],"jetpack_sharing_enabled":true,"_links":{"self":[{"href":"https:\/\/overline-poetry.de\/index.php\/wp-json\/wp\/v2\/pages\/2342","targetHints":{"allow":["GET"]}}],"collection":[{"href":"https:\/\/overline-poetry.de\/index.php\/wp-json\/wp\/v2\/pages"}],"about":[{"href":"https:\/\/overline-poetry.de\/index.php\/wp-json\/wp\/v2\/types\/page"}],"author":[{"embeddable":true,"href":"https:\/\/overline-poetry.de\/index.php\/wp-json\/wp\/v2\/users\/1"}],"replies":[{"embeddable":true,"href":"https:\/\/overline-poetry.de\/index.php\/wp-json\/wp\/v2\/comments?post=2342"}],"version-history":[{"count":2,"href":"https:\/\/overline-poetry.de\/index.php\/wp-json\/wp\/v2\/pages\/2342\/revisions"}],"predecessor-version":[{"id":2347,"href":"https:\/\/overline-poetry.de\/index.php\/wp-json\/wp\/v2\/pages\/2342\/revisions\/2347"}],"wp:attachment":[{"href":"https:\/\/overline-poetry.de\/index.php\/wp-json\/wp\/v2\/media?parent=2342"}],"curies":[{"name":"wp","href":"https:\/\/api.w.org\/{rel}","templated":true}]}}