
{"id":2380,"date":"2026-05-09T18:17:26","date_gmt":"2026-05-09T18:17:26","guid":{"rendered":"https:\/\/overline-poetry.de\/?page_id=2380"},"modified":"2026-05-09T18:17:31","modified_gmt":"2026-05-09T18:17:31","slug":"jens-spahn-will-an-diaetenerhoehung-festhalten","status":"publish","type":"page","link":"https:\/\/overline-poetry.de\/index.php\/jens-spahn-will-an-diaetenerhoehung-festhalten\/","title":{"rendered":"Jens Spahn will an Di\u00e4tenerh\u00f6hung festhalten"},"content":{"rendered":"\n<p><strong>CDU<\/strong>-Fraktionsvorsitzender <strong>Jens Spahn<\/strong> beharrt auf das Geld,<br>dieses als ein falsches Signal gegen\u00fcber den B\u00fcrgern missf\u00e4llt.<br><strong>Jens Spahn<\/strong> vergleicht mit L\u00f6hnen im &#8222;hochpreisigen Segment&#8220;,<br>er wahrscheinlich nur Leute der h\u00f6heren Gehaltsklassen kennt.<br><br>Zur Alterssicherung der <strong>wenig verdienenden Klasse<\/strong> angeraten,<br>nicht nur Geld f\u00fcr Miete und kargen Lebensunterhalt &#8222;verbraten&#8220;.<br>Monatlich sollte von den B\u00fcrgern R\u00fccklagen in Aktien angelegt.<br>Erstaunlich, was sich bei einigen Politikern in deren Kopf bewegt!<br><br>Der <strong>wenig Verdienende<\/strong> muss doch t\u00e4glich f\u00fcr sich entscheiden,<br>soll er noch weniger essen und im Winter das Heizen vermeiden.<br>Wenn der <strong>wenig verdienende<\/strong> Aktion\u00e4r das Rentenalter erreicht,<br>bei zu hohen Mieten und Lebenshaltungskosten, nicht so leicht.<br><br><strong>Jens Spahn<\/strong> wundert sich \u00fcber den zur Zeit herrschenden Trend,<br>das der entt\u00e4uschte B\u00fcrger zur versprechenden <strong>AFD<\/strong> hin &#8222;rennt&#8220;.<br>Die <strong>AFD<\/strong> kann Entt\u00e4uschten das Blaue vom Himmel versprechen,<br>wenn sie nicht verantwortlich regieren, wird es sich nicht r\u00e4chen.<br><br>Wenn die <strong>AFD<\/strong> gewinnt, wird das Versprochene auf Null gestellt,<br>dann wird <strong>undemokratisch<\/strong> durchregiert, so wie es nicht gef\u00e4llt.<br>Motto: &#8222;Was interessiert mein Gew\u00e4sch, was ich B\u00fcrgern erz\u00e4hlt,<br>wenn dadurch mein Ziel erreicht, dass die B\u00fcrger mich gew\u00e4hlt&#8220;. <br><br>Durch Deportation <strong>Nichtv\u00f6lkischer<\/strong> wird schnell Wohnraum frei<br>und die Wohnungen schon m\u00f6bliert, ist ein gro\u00dfe Vorteil dabei.<br>So geschieht in Amerika, von der dazu legitimierten<strong> ICE<\/strong> zurzeit,<br><strong>ICE<\/strong>, Vorbild der <strong>AFD<\/strong>: <strong>Nichtv\u00f6lkische<\/strong> sollten zur Ausreise bereit!<br><br><strong>\u00a9 Rainer Dambroth \u2013 09.05.2026 \u2013 <a href=\"http:\/\/www.overline-poetry.de\/\">www.overline-poetry.de<\/a><\/strong><br><br><em>V\u00f6lkischer Nationalismus und Christentum sind unvereinbar, so die klare Position der Deutschen Bischofskonferenz vom 22. Februar 2024. Die Bisch\u00f6fe sehen im v\u00f6lkischen Nationalismus eine rassistische Ideologie, die dem christlichen Gottes- und Menschenbild widerspricht. Rechtsextreme Parteien wie die AfD, die diese Haltung vertreten, seien f\u00fcr Christen nicht w\u00e4hlbar. <br>Internet KI<\/em><br><br><em>ICE steht in den USA f\u00fcr <strong>Immigration and Customs Enforcement<\/strong> (Einwanderungs- und Zollbeh\u00f6rde der Vereinigten Staaten). Sie ist eine Bundesbeh\u00f6rde unter dem Heimatschutzministerium, die 2003 nach 9\/11 gegr\u00fcndet wurde. Hauptaufgabe ist die Durchsetzung von Einwanderungsgesetzen, Festnahme und Abschiebung von Migranten ohne g\u00fcltige Aufenthaltsgenehmigung im Landesinneren<br>Internet KI<\/em><\/p>\n","protected":false},"excerpt":{"rendered":"<p>CDU-Fraktionsvorsitzender Jens Spahn beharrt auf das Geld,dieses als ein falsches Signal gegen\u00fcber den B\u00fcrgern missf\u00e4llt.Jens Spahn vergleicht mit L\u00f6hnen im &#8222;hochpreisigen Segment&#8220;,er wahrscheinlich nur Leute der h\u00f6heren Gehaltsklassen kennt. Zur Alterssicherung der wenig verdienenden Klasse angeraten,nicht nur Geld f\u00fcr Miete und kargen Lebensunterhalt &#8222;verbraten&#8220;.Monatlich sollte von den B\u00fcrgern R\u00fccklagen in Aktien angelegt.Erstaunlich, was sich bei [&hellip;]<\/p>\n","protected":false},"author":1,"featured_media":0,"parent":0,"menu_order":0,"comment_status":"closed","ping_status":"closed","template":"","meta":{"footnotes":""},"class_list":["post-2380","page","type-page","status-publish","hentry"],"jetpack_sharing_enabled":true,"_links":{"self":[{"href":"https:\/\/overline-poetry.de\/index.php\/wp-json\/wp\/v2\/pages\/2380","targetHints":{"allow":["GET"]}}],"collection":[{"href":"https:\/\/overline-poetry.de\/index.php\/wp-json\/wp\/v2\/pages"}],"about":[{"href":"https:\/\/overline-poetry.de\/index.php\/wp-json\/wp\/v2\/types\/page"}],"author":[{"embeddable":true,"href":"https:\/\/overline-poetry.de\/index.php\/wp-json\/wp\/v2\/users\/1"}],"replies":[{"embeddable":true,"href":"https:\/\/overline-poetry.de\/index.php\/wp-json\/wp\/v2\/comments?post=2380"}],"version-history":[{"count":1,"href":"https:\/\/overline-poetry.de\/index.php\/wp-json\/wp\/v2\/pages\/2380\/revisions"}],"predecessor-version":[{"id":2384,"href":"https:\/\/overline-poetry.de\/index.php\/wp-json\/wp\/v2\/pages\/2380\/revisions\/2384"}],"wp:attachment":[{"href":"https:\/\/overline-poetry.de\/index.php\/wp-json\/wp\/v2\/media?parent=2380"}],"curies":[{"name":"wp","href":"https:\/\/api.w.org\/{rel}","templated":true}]}}