
{"id":239,"date":"2020-10-03T14:35:00","date_gmt":"2020-10-03T14:35:00","guid":{"rendered":"https:\/\/overline-poetry.de\/?page_id=239"},"modified":"2025-01-22T14:39:43","modified_gmt":"2025-01-22T14:39:43","slug":"gestatten-mein-name-ist-trump-donald-trump","status":"publish","type":"page","link":"https:\/\/overline-poetry.de\/index.php\/gestatten-mein-name-ist-trump-donald-trump\/","title":{"rendered":"Gestatten, mein Name ist Trump, Donald Trump"},"content":{"rendered":"\n<p>Mein Name ist Donald Trump und das ihr es wisst,<br>ich bin der einzig wahre und vollkommene Narzisst.<br>Mein Markenzeichen: die orangene Haut und Haare!<br>Das bin ich, der Trump, und ich bin der einzig Wahre.<br><br>Kommt von hinten starker Wind mit viel &#8222;Gebraus&#8220;,<br>sind sehr oft meine Haare meinen Gedanken voraus.<br>Meine &#8222;Per\u00fccke&#8220; ist fest mit meinem Kopf verbunden,<br>sonst w\u00e4re sie bei Wind schon l\u00e4ngst verschwunden.<br><br>Als ich als Pr\u00e4sident von Amerika wurde ich vereidigt,<br>nie waren so viele Leute als Zuschauer daran beteiligt.<br>Das die Presse hat dieses ganz anders wahr genommen,<br>dann ist mir die Idee mit den &#8222;Fakes News&#8220; gekommen.<br><br>Eine andere Meinung, als die meine, will ich nicht h\u00f6ren.<br>Meine &#8222;Wahrheit&#8220; lasse ich mir von keinem zerst\u00f6ren.<br>Ich habe noch nie so viel begeisterte Menschen gesehen,<br>aber das es doch noch Leute gibt, die mich nicht verstehen?<br><br>Corona, diese Pandemie, die habe ich v\u00f6llig untersch\u00e4tzt,<br>\u00fcber das gro\u00dfe Ausma\u00df war selbst ich doch ganz entsetzt.<br>Was ist blo\u00df aus Amerika und aus meinem Volk geworden?<br>Ich lasse doch meine B\u00fcrger durch Corona nicht ermorden.<br><br>Die Wirtschaft herunter zu fahren, das w\u00e4re \u00fcberreagiert!<br>Ich will doch nicht, dass man den Glauben an mich verliert.<br>Mich aber interessiert nur Golf und meine eigene Person,<br>f\u00fcr die L\u00f6sung von den Corona-Problemen war das schon.<br><br>Mit einfacher Entspannungspolitik komme ich nicht zurecht,<br>denn beim entspannen vom Schirm wurde mich fast schlecht.<br>Der Schirm hat sich leider nicht auf Druck wieder entspannt.<br>also habe ich ihn kurzum voll entfaltet in die Ecke verbannt.<br><br>Mit Corona hatte ich mich vielleicht doch nicht angesteckt,<br>aber vielleicht habe ich das Ganze auch selbst &#8222;ausgeheckt&#8220;.<br>Eine leichte Grippe habe ich dann geschickt so verwandelt,<br>als ob es sich um eine Bedrohung meiner Gesundheit handelt.<br><br>So konnte ich dem W\u00e4hler beweisen und das mein Plan,<br>dass jeder Corona-Kranke schnell geheilt werden kann.<br>An meine Gegner die Idee, Desinfektionmittel zu trinken<br>mit der Hoffnung, dass damit die Gegnerzahlen sinken.<br><br>Die Briefwahl ist mit Sicherheit noch nicht sicher genug,<br>wenn die Anderen haben gewonnen, dann war es Betrug.<br>Aber habe ich gewonnen, dann wurde richtig gez\u00e4hlt,<br>dann haben die W\u00e4hler doch den &#8222;Besseren&#8220; gew\u00e4hlt. <br><br>Meine Briefw\u00e4hler sind vom Betrug ausgenommen,<br>dann sind die Wahlzettel richtig bei mit angekommen<br>Ob ich l\u00fcge?: &#8222;Nein, das ist doch meine eigene Realit\u00e4t&#8220;<br>Nur ich will bestimmen, wie herum die Erde sich dreht.<br><br>Ich sehe mich f\u00fcr das Volk als wegweisendes Licht<br>was andere dar\u00fcber denken, interessiert mich nicht.<br>Frauen brauche ich nicht, dass ist doch wohl klar<br>und wenn auch nur als schm\u00fcckendes Accessoir.<br><br>Meinen W\u00e4hlern werde und kann ich alles erz\u00e4hlen,<br>wichtig ist nur, dass sie mich dann auch w\u00e4hlen.<br>Die echte Wahrheit wird auch nur von mir bestimmt,<br>damit man mir das als die echte Wahrheit abnimmt.<br><br><strong>\u00a9<\/strong> Rainer Dambroth &#8211; 03.11.2020 &#8211; <strong><a href=\"https:\/\/www.overline-poetry.de\">www.overline-poetry.de<\/a><\/strong><\/p>\n\n\n\n<p><\/p>\n","protected":false},"excerpt":{"rendered":"<p>Mein Name ist Donald Trump und das ihr es wisst,ich bin der einzig wahre und vollkommene Narzisst.Mein Markenzeichen: die orangene Haut und Haare!Das bin ich, der Trump, und ich bin der einzig Wahre. Kommt von hinten starker Wind mit viel &#8222;Gebraus&#8220;,sind sehr oft meine Haare meinen Gedanken voraus.Meine &#8222;Per\u00fccke&#8220; ist fest mit meinem Kopf verbunden,sonst [&hellip;]<\/p>\n","protected":false},"author":1,"featured_media":0,"parent":0,"menu_order":0,"comment_status":"closed","ping_status":"closed","template":"","meta":{"footnotes":""},"class_list":["post-239","page","type-page","status-publish","hentry"],"jetpack_sharing_enabled":true,"_links":{"self":[{"href":"https:\/\/overline-poetry.de\/index.php\/wp-json\/wp\/v2\/pages\/239","targetHints":{"allow":["GET"]}}],"collection":[{"href":"https:\/\/overline-poetry.de\/index.php\/wp-json\/wp\/v2\/pages"}],"about":[{"href":"https:\/\/overline-poetry.de\/index.php\/wp-json\/wp\/v2\/types\/page"}],"author":[{"embeddable":true,"href":"https:\/\/overline-poetry.de\/index.php\/wp-json\/wp\/v2\/users\/1"}],"replies":[{"embeddable":true,"href":"https:\/\/overline-poetry.de\/index.php\/wp-json\/wp\/v2\/comments?post=239"}],"version-history":[{"count":1,"href":"https:\/\/overline-poetry.de\/index.php\/wp-json\/wp\/v2\/pages\/239\/revisions"}],"predecessor-version":[{"id":243,"href":"https:\/\/overline-poetry.de\/index.php\/wp-json\/wp\/v2\/pages\/239\/revisions\/243"}],"wp:attachment":[{"href":"https:\/\/overline-poetry.de\/index.php\/wp-json\/wp\/v2\/media?parent=239"}],"curies":[{"name":"wp","href":"https:\/\/api.w.org\/{rel}","templated":true}]}}