
{"id":259,"date":"2022-11-29T07:29:00","date_gmt":"2022-11-29T07:29:00","guid":{"rendered":"https:\/\/overline-poetry.de\/?page_id=259"},"modified":"2025-08-26T08:52:23","modified_gmt":"2025-08-26T08:52:23","slug":"soeder-der-freistaat-bayern-und-deutschland","status":"publish","type":"page","link":"https:\/\/overline-poetry.de\/index.php\/soeder-der-freistaat-bayern-und-deutschland\/","title":{"rendered":"S\u00f6der, der Freistaat Bayern und Deutschland"},"content":{"rendered":"\n<p>H\u00f6rt man Ministerpr\u00e4sident Markus S\u00f6der vom \u201eBierstaat Bayern\u201c,<br>die Phrase vom Freistaat Bayern und Deutschland herunter leiern.<br>Ist der \u201eFreistaat Bayern\u201c in den bayrischen K\u00f6pfen so zementiert,<br>dass dieses st\u00e4ndig genannt, aber die Deutschen nicht interessiert.<br><br>Sie sehen sich als den Staat der Zukunft in der deutschen Nation,<br>aber sie \u201eklammern\u201c sich zu sehr an bayrische Werte und Tradition.<br>Markus S\u00f6der sucht Anerkennung als der wahre Ministerpr\u00e4sident,<br>aber er hat die Energiewende in dem Freistaat Bayern \u201everpennt\u201c.<br><br>So h\u00e4ngt er mit seinen Spr\u00fcchen an der \u201escheidenden\u201c Atomkraft,<br>denn er will sie weiterbetreiben und ihm egal, wie man es schafft.<br>Das wir die Uran Brennst\u00e4be aus dubiosen Quellen nur bekommen,<br>dass hat der Ministerpr\u00e4sident von der CSU wohl nicht vernommen.<br><br>Als Alt-Regierung, haben sie sich an Putin und Russland geh\u00e4ngt,<br>ihn als gro\u00dfen Freund der Bayern und Deutschen zu sehr bedr\u00e4ngt.<br>Dadurch wurden der neuen Regierung viele Probleme hinterlassen,<br>aber das scheint in der Erinnerung der Alt-Regierung zu verblassen.<br><br>Mit der hei\u00dfen Luft die er mit seinen \u201eBiertischreden\u201c so verbreitet,<br>er nur bayrischen Biertrinkern gef\u00e4llt, wenn er zum Reden schreitet.<br>Mit Kritik vom Freistaat Bayern an Deutschland wird nicht gespart,<br>dass auch nur, weil die kleine CSU sich hat mit der CDU \u201egepaart\u201c.<br><br>Die gro\u00dfe Schwester CDU sich sch\u00fctzend vor die kleine CSU h\u00e4ngt,<br>damit nicht die kleine Schwester durch die Politik wird abgeh\u00e4ngt.<br>Mit seiner Ablehnung zum B\u00fcrgergeld hat er nicht zur\u00fcck gehalten,<br>er will nicht, dass die neuen Arbeitslosen eine Atempause erhalten.<br><br>Arbeiten muss sich lohnen und darum muss der Abstand gewahrt,<br>aber die, die arbeiten m\u00fcssen, f\u00fcr die wird das \u00dcberleben sehr hart.<br>Wer nicht mit dem Einkommen kann das Auskommen finanzieren,<br>kann man mit den Spr\u00fcchen von S\u00f6der und der CSU nur verlieren.<br><br>Die Schere zwischen Armen und Reichen sich immer weiter spreizt<br>und bei zu niedrigem Einkommen nur noch wenigen die Arbeit reizt.<br>Die politische Kaste aller Parteien ist finanziell sehr gut aufgestellt,<br>deshalb nicht jedem Politiker die Zahlung vom \u201eB\u00fcrgergeld\u201c gef\u00e4llt.<br><br>\u00a9 Rainer Dambroth &#8211; 29.11.2022 &#8211; <strong><a href=\"http:\/\/www.overline-poetry.de\/\">www.overline-poetry.de<\/a><br><\/strong><\/p>\n","protected":false},"excerpt":{"rendered":"<p>H\u00f6rt man Ministerpr\u00e4sident Markus S\u00f6der vom \u201eBierstaat Bayern\u201c,die Phrase vom Freistaat Bayern und Deutschland herunter leiern.Ist der \u201eFreistaat Bayern\u201c in den bayrischen K\u00f6pfen so zementiert,dass dieses st\u00e4ndig genannt, aber die Deutschen nicht interessiert. Sie sehen sich als den Staat der Zukunft in der deutschen Nation,aber sie \u201eklammern\u201c sich zu sehr an bayrische Werte und Tradition.Markus [&hellip;]<\/p>\n","protected":false},"author":1,"featured_media":0,"parent":0,"menu_order":0,"comment_status":"closed","ping_status":"closed","template":"","meta":{"footnotes":""},"class_list":["post-259","page","type-page","status-publish","hentry"],"jetpack_sharing_enabled":true,"_links":{"self":[{"href":"https:\/\/overline-poetry.de\/index.php\/wp-json\/wp\/v2\/pages\/259","targetHints":{"allow":["GET"]}}],"collection":[{"href":"https:\/\/overline-poetry.de\/index.php\/wp-json\/wp\/v2\/pages"}],"about":[{"href":"https:\/\/overline-poetry.de\/index.php\/wp-json\/wp\/v2\/types\/page"}],"author":[{"embeddable":true,"href":"https:\/\/overline-poetry.de\/index.php\/wp-json\/wp\/v2\/users\/1"}],"replies":[{"embeddable":true,"href":"https:\/\/overline-poetry.de\/index.php\/wp-json\/wp\/v2\/comments?post=259"}],"version-history":[{"count":3,"href":"https:\/\/overline-poetry.de\/index.php\/wp-json\/wp\/v2\/pages\/259\/revisions"}],"predecessor-version":[{"id":603,"href":"https:\/\/overline-poetry.de\/index.php\/wp-json\/wp\/v2\/pages\/259\/revisions\/603"}],"wp:attachment":[{"href":"https:\/\/overline-poetry.de\/index.php\/wp-json\/wp\/v2\/media?parent=259"}],"curies":[{"name":"wp","href":"https:\/\/api.w.org\/{rel}","templated":true}]}}