
{"id":272,"date":"2022-08-01T07:52:00","date_gmt":"2022-08-01T07:52:00","guid":{"rendered":"https:\/\/overline-poetry.de\/?page_id=272"},"modified":"2025-01-23T07:56:24","modified_gmt":"2025-01-23T07:56:24","slug":"bayern-und-die-energieversorgungsnot","status":"publish","type":"page","link":"https:\/\/overline-poetry.de\/index.php\/bayern-und-die-energieversorgungsnot\/","title":{"rendered":"Bayern und die Energieversorgungsnot"},"content":{"rendered":"\n<p>Der Ministerpr\u00e4sident vom Freistaat Bayern, Markus S\u00f6der,<br>ist mit seinen Aussagen zu der Energienot doch kein Bl\u00f6der.<br>Die Leute aus dem Norden sollen doch nun endlich \u201efracken\u201c,<br>aber wenn es nicht funktioniert, dann werden sie \u201everrecken\u201c.<br><br>Das Fracking wird aus Sicherheitsgr\u00fcnden so noch nicht gehen,<br>dass will der bayrische Ministerpr\u00e4sident wohl nicht verstehen.<br>In Bayern gibt es doch gen\u00fcgend Fl\u00e4chen f\u00fcr Solar und Wind,<br>aber die Bayern sind mit Genehmigungen nicht so \u201egschwind\u201c.<br><br>Alternative Energien wurden in Bayern doch stets verdr\u00e4ngt,<br>weil man an alt bew\u00e4hrter Energie und an Traditionen h\u00e4ngt.<br>Hier kommt doch der Strom aus der Steckdose an der Wand,<br>aber woher, dass ist den Menschen doch egal im Bayernland.<br><br>Populismus ist in Bayern an Bierfesten doch sehr verbreitet,<br>bevor man als \u201ewiderst\u00e4ndiger Bayer\u201c zur Tat dann schreitet.<br>In Bayern man \u00fcber Gas und Strom nicht ausreichend verf\u00fcgt<br>und Schuld haben nur die Anderen, so man sich selbst bel\u00fcgt.<br><br>Es werden gerne viele \u201eSchmutzeleien\u201c in Bayern ausgetragen,<br>aber f\u00fcr die Zust\u00e4ndigkeit bei der Energie gibt es viele Fragen.<br>Die Bayern f\u00fchlen sich in Berlin nicht gen\u00fcgend repr\u00e4sentiert,<br>so dass der Freistaat Bayern bei Entscheidungen nur verliert.<br><br>Die Bayern wurden in den vergangenen 16 Jahren gut bedacht,<br>denn der Parteienfilz hat f\u00fcr die Bayern vieles m\u00f6glich gemacht.<br>Nur die Stromleitungen aus dem Norden, das sei hier erw\u00e4hnt,<br>wurde von den Bayern vehement unter viel Protest abgelehnt.<br><br>Wenn Markus S\u00f6der muss sich beim bayrischen Volk profilieren,<br>dass sich Bayern als ein Staat im Staat wird dann pr\u00e4sentieren.<br>Mit der Aussage: \u201eBayern und Deutschland\u201c wird differenziert,<br>aber Bayern in Deutschland die Energieversorgungsnot studiert.<br><br><strong>\u00a9<\/strong> Rainer Dambroth &#8211; 01.08.2022 &#8211; <strong><a href=\"http:\/\/www.overline-poetry.de\/\">www.overline-poetry.de<\/a><\/strong><\/p>\n","protected":false},"excerpt":{"rendered":"<p>Der Ministerpr\u00e4sident vom Freistaat Bayern, Markus S\u00f6der,ist mit seinen Aussagen zu der Energienot doch kein Bl\u00f6der.Die Leute aus dem Norden sollen doch nun endlich \u201efracken\u201c,aber wenn es nicht funktioniert, dann werden sie \u201everrecken\u201c. Das Fracking wird aus Sicherheitsgr\u00fcnden so noch nicht gehen,dass will der bayrische Ministerpr\u00e4sident wohl nicht verstehen.In Bayern gibt es doch gen\u00fcgend Fl\u00e4chen [&hellip;]<\/p>\n","protected":false},"author":1,"featured_media":0,"parent":0,"menu_order":0,"comment_status":"closed","ping_status":"closed","template":"","meta":{"footnotes":""},"class_list":["post-272","page","type-page","status-publish","hentry"],"jetpack_sharing_enabled":true,"_links":{"self":[{"href":"https:\/\/overline-poetry.de\/index.php\/wp-json\/wp\/v2\/pages\/272","targetHints":{"allow":["GET"]}}],"collection":[{"href":"https:\/\/overline-poetry.de\/index.php\/wp-json\/wp\/v2\/pages"}],"about":[{"href":"https:\/\/overline-poetry.de\/index.php\/wp-json\/wp\/v2\/types\/page"}],"author":[{"embeddable":true,"href":"https:\/\/overline-poetry.de\/index.php\/wp-json\/wp\/v2\/users\/1"}],"replies":[{"embeddable":true,"href":"https:\/\/overline-poetry.de\/index.php\/wp-json\/wp\/v2\/comments?post=272"}],"version-history":[{"count":1,"href":"https:\/\/overline-poetry.de\/index.php\/wp-json\/wp\/v2\/pages\/272\/revisions"}],"predecessor-version":[{"id":276,"href":"https:\/\/overline-poetry.de\/index.php\/wp-json\/wp\/v2\/pages\/272\/revisions\/276"}],"wp:attachment":[{"href":"https:\/\/overline-poetry.de\/index.php\/wp-json\/wp\/v2\/media?parent=272"}],"curies":[{"name":"wp","href":"https:\/\/api.w.org\/{rel}","templated":true}]}}