
{"id":281,"date":"2021-12-10T08:43:00","date_gmt":"2021-12-10T08:43:00","guid":{"rendered":"https:\/\/overline-poetry.de\/?page_id=281"},"modified":"2025-01-23T09:06:18","modified_gmt":"2025-01-23T09:06:18","slug":"die-orgel-der-alten-bundesregierung","status":"publish","type":"page","link":"https:\/\/overline-poetry.de\/index.php\/die-orgel-der-alten-bundesregierung\/","title":{"rendered":"Die Orgel der alten Bundesregierung"},"content":{"rendered":"\n<p>Ich konnte diese Pfeifent\u00f6ne nicht mehr h\u00f6ren und kann es nicht begreifen,<br>warum t\u00f6nten sie denn nur so schlecht, die T\u00f6ne der Bundesorgelpfeifen.<br>Das Wort \u201ePfeife\u201c oder \u201eOrgelpfeife\u201c ist leider auch schon negativ besetzt<br>und ich hoffe doch, durch diese Satire f\u00fchlt sich keine der Parteien verletzt.<br><br>Von einer konstruktiven Harmonie der Orgel konnte doch nicht die Rede sein,<br>denn durch Misst\u00f6ne einiger Pfeifen t\u00f6nte die Orgel nicht mehr ganz so rein.<br>Durch die Orgelspieler wurden verschiedene Register an der Orgel gezogen,<br>so dass einem die sehr lauten und schr\u00e4gen T\u00f6ne dann um die Ohren flogen.<br><br>Die rechten Pfeifen haben leider schon sehr viel braunen Flugrost angesetzt<br>und man hat ihre Wichtigkeit im gesamten Orgelspiel auch total \u00fcbersch\u00e4tzt.<br>Besser w\u00e4re, wenn man sie, wegen der vielen Misst\u00f6ne aus der Orgel entfernt,<br>denn man hat aus der deutschen Geschichte von rechten T\u00f6nen vieles gelernt.<br><br>Die Pfeifen der linken Seite wurden von russischen Orgelstimmern gestimmt<br>und man ist auch dem zugeneigt und dessen Orgelt\u00f6ne man dann \u00fcbernimmt.<br>Den amerikanischen Orgelstimmern ist man dann auch g\u00e4nzlich abgeneigt,<br>obwohl eine besseres Zusammenspiel mit der Nato wurde einem aufgezeigt.<br><br>Die teuersten Orgelpfeifen musste man aus dem Freistaat Bayern importieren<br>und durch die zu hohen Folgekosten wird sich der Einbau nicht amortisieren.<br>Der Orgelpfeifenlieferant aus Bayern konnte keine besseren Pfeifen entsenden,<br>also blieb einem nichts \u00fcbrig, als diese gelieferten Orgelpfeifen zu verwenden.<br><br>Nach der Wahl wurden die alten Orgelpfeifen durch neue Orgelpfeifen ersetzt,<br>denn sie waren verbraucht und in der Tonabgabe durch Abnutzung \u201everletzt\u201c.<br>Bei der Neubestellung wurden die Pfeifen aus Bayern aus der Orgel entfernt<br>und auch gleich von dem 16-j\u00e4hrigen abgelagerten schwarzen Staub entkernt.<br><br>Die wichtigste Pfeife der Orgel hat in der Vergangenheit leider wenig get\u00f6nt<br>und wird jetzt durch den russischen Orgelstimmer nun auch noch verh\u00f6hnt.<br>Die \u201estille\u201c Rolle hat nun eine neue Pfeife der Neubestellung \u00fcbernommen<br>und es ist so still, als w\u00e4re die bestellte Pfeife noch gar nicht angekommen.<br><br><strong>\u00a9<\/strong> Rainer Dambroth &#8211; 10.12.2021 &#8211; <strong><a href=\"http:\/\/www.overline-poetry.de\/\">www.overline-poetry.de<\/a><\/strong><\/p>\n\n\n\n<p><\/p>\n","protected":false},"excerpt":{"rendered":"<p>Ich konnte diese Pfeifent\u00f6ne nicht mehr h\u00f6ren und kann es nicht begreifen,warum t\u00f6nten sie denn nur so schlecht, die T\u00f6ne der Bundesorgelpfeifen.Das Wort \u201ePfeife\u201c oder \u201eOrgelpfeife\u201c ist leider auch schon negativ besetztund ich hoffe doch, durch diese Satire f\u00fchlt sich keine der Parteien verletzt. Von einer konstruktiven Harmonie der Orgel konnte doch nicht die Rede [&hellip;]<\/p>\n","protected":false},"author":1,"featured_media":0,"parent":0,"menu_order":0,"comment_status":"closed","ping_status":"closed","template":"","meta":{"footnotes":""},"class_list":["post-281","page","type-page","status-publish","hentry"],"jetpack_sharing_enabled":true,"_links":{"self":[{"href":"https:\/\/overline-poetry.de\/index.php\/wp-json\/wp\/v2\/pages\/281","targetHints":{"allow":["GET"]}}],"collection":[{"href":"https:\/\/overline-poetry.de\/index.php\/wp-json\/wp\/v2\/pages"}],"about":[{"href":"https:\/\/overline-poetry.de\/index.php\/wp-json\/wp\/v2\/types\/page"}],"author":[{"embeddable":true,"href":"https:\/\/overline-poetry.de\/index.php\/wp-json\/wp\/v2\/users\/1"}],"replies":[{"embeddable":true,"href":"https:\/\/overline-poetry.de\/index.php\/wp-json\/wp\/v2\/comments?post=281"}],"version-history":[{"count":2,"href":"https:\/\/overline-poetry.de\/index.php\/wp-json\/wp\/v2\/pages\/281\/revisions"}],"predecessor-version":[{"id":292,"href":"https:\/\/overline-poetry.de\/index.php\/wp-json\/wp\/v2\/pages\/281\/revisions\/292"}],"wp:attachment":[{"href":"https:\/\/overline-poetry.de\/index.php\/wp-json\/wp\/v2\/media?parent=281"}],"curies":[{"name":"wp","href":"https:\/\/api.w.org\/{rel}","templated":true}]}}