
{"id":317,"date":"2021-02-15T14:56:00","date_gmt":"2021-02-15T14:56:00","guid":{"rendered":"https:\/\/overline-poetry.de\/?page_id=317"},"modified":"2025-01-26T15:01:12","modified_gmt":"2025-01-26T15:01:12","slug":"baeuerliche-tierhaltung","status":"publish","type":"page","link":"https:\/\/overline-poetry.de\/index.php\/baeuerliche-tierhaltung\/","title":{"rendered":"B\u00e4uerliche Tierhaltung"},"content":{"rendered":"\n<p>Ich versuche seit etlichen Jahren die Landwirte zu bekehren,<br>ohne das Gef\u00fchl zu geben, sie &#8222;von oben herab&#8220; zu belehren.<br>Man kann f\u00fcr gute Qualit\u00e4t verlangen einen h\u00f6heren Preis,<br>so dass sich auszahlt der gr\u00f6ssere Aufwand und der Fleiss.<br><br>Ich sehe eine Chance, in der Tierhaltung neue Wege zu gehen.<br>Warum das nicht &#8222;fruchtet&#8220;, kann ich nicht so ganz verstehen.<br>&#8222;Der Verbraucher w\u00e4re nur an billigen Produkten interessiert&#8220;,<br>darum dieser Gedanke leider noch bei den Landwirten verliert.<br><br>Der Verbraucher sieht nur den Preis, nicht die bessere Qualit\u00e4t,<br>auch wenn es in der Massentierhaltung nicht zum Besten steht.<br>Hatte das Tier in dem b\u00e4uerlichen Betrieb ein besseres Leben,<br>kannst du einen h\u00f6heren Preis f\u00fcr Eier und Fleisch dann geben.<br><br>Ein schonender Schlachtbetrieb ist f\u00fcr das Tier sehr wichtig,<br>sonst ist Fleisch aus Bio- oder Demeterbetrieb auch nichtig. <br>In der &#8222;Schlachtfabrik&#8220; werden die Tiere durch Stress gequ\u00e4lt,<br>weil hier nur St\u00fcck und das einzelne Tier nicht mehr z\u00e4hlt.<br><br>Verkauft der Landwirt im Hofladen oder Markt seine Waren,<br>solltest du auf Haltung und Schlachtung der Tiere beharren.<br>Es wird ihn immer in Erkl\u00e4rungsnot und Bedr\u00e4ngnis bringen<br>und ihn mittelfristig zu einer besseren Tierhaltung zwingen.<br><br>Eine artgerechte Schlachtung gibt es nirgends auf dieser Welt,<br>eine schonende Schlachtung kostet deshalb auch mehr Geld.<br>So hast du, wenn du schon Fleisch isst, nicht bei jedem Bissen,<br>schon vorher &#8222;Bauchschmerzen&#8220; und ein schlechtes Gewissen.<br><br>Der &#8222;normale&#8220; Verbraucher ist leider nicht daran interessiert,<br>was mit den Tieren bei der Aufzucht und Schlachtung passiert.<br>Hauptsache ist, das Fleisch muss billig und auch reichlich sein,<br>ob es das Fleisch vom gequ\u00e4ltes H\u00e4hnchen, Rind oder Schwein.<br><br>Landwirte orientieren sich an markt\u00fcblichen Handelspreisen,<br>wenn sie ihre Tiere mit dem Viehtransport schicken auf Reisen.<br>Solange der Verbraucher wird nur billiges Fleisch akzeptieren,<br>werden wir mit der Hoffnung und dem Begehren nur verlieren.<br><br><strong>\u00a9<\/strong> Rainer Dambroth &#8211; 15.02.2021 &#8211; <strong><a href=\"https:\/\/www.overline-poetry.de\">www.overline-poetry.de<\/a><\/strong><\/p>\n","protected":false},"excerpt":{"rendered":"<p>Ich versuche seit etlichen Jahren die Landwirte zu bekehren,ohne das Gef\u00fchl zu geben, sie &#8222;von oben herab&#8220; zu belehren.Man kann f\u00fcr gute Qualit\u00e4t verlangen einen h\u00f6heren Preis,so dass sich auszahlt der gr\u00f6ssere Aufwand und der Fleiss. Ich sehe eine Chance, in der Tierhaltung neue Wege zu gehen.Warum das nicht &#8222;fruchtet&#8220;, kann ich nicht so ganz [&hellip;]<\/p>\n","protected":false},"author":1,"featured_media":0,"parent":0,"menu_order":0,"comment_status":"closed","ping_status":"closed","template":"","meta":{"footnotes":""},"class_list":["post-317","page","type-page","status-publish","hentry"],"jetpack_sharing_enabled":true,"_links":{"self":[{"href":"https:\/\/overline-poetry.de\/index.php\/wp-json\/wp\/v2\/pages\/317","targetHints":{"allow":["GET"]}}],"collection":[{"href":"https:\/\/overline-poetry.de\/index.php\/wp-json\/wp\/v2\/pages"}],"about":[{"href":"https:\/\/overline-poetry.de\/index.php\/wp-json\/wp\/v2\/types\/page"}],"author":[{"embeddable":true,"href":"https:\/\/overline-poetry.de\/index.php\/wp-json\/wp\/v2\/users\/1"}],"replies":[{"embeddable":true,"href":"https:\/\/overline-poetry.de\/index.php\/wp-json\/wp\/v2\/comments?post=317"}],"version-history":[{"count":1,"href":"https:\/\/overline-poetry.de\/index.php\/wp-json\/wp\/v2\/pages\/317\/revisions"}],"predecessor-version":[{"id":321,"href":"https:\/\/overline-poetry.de\/index.php\/wp-json\/wp\/v2\/pages\/317\/revisions\/321"}],"wp:attachment":[{"href":"https:\/\/overline-poetry.de\/index.php\/wp-json\/wp\/v2\/media?parent=317"}],"curies":[{"name":"wp","href":"https:\/\/api.w.org\/{rel}","templated":true}]}}