
{"id":338,"date":"2020-12-13T17:25:00","date_gmt":"2020-12-13T17:25:00","guid":{"rendered":"https:\/\/overline-poetry.de\/?page_id=338"},"modified":"2025-01-26T17:29:04","modified_gmt":"2025-01-26T17:29:04","slug":"betaeubungsloses-schaechten-halal","status":"publish","type":"page","link":"https:\/\/overline-poetry.de\/index.php\/betaeubungsloses-schaechten-halal\/","title":{"rendered":"Bet\u00e4ubungsloses Sch\u00e4chten (Halal)"},"content":{"rendered":"\n<p>Das \u201ebet\u00e4ubungslose&#8220; <strong>Sch\u00e4chten<\/strong> ist f\u00fcr die Tiere eine H\u00f6llenqual.<br>Tiere k\u00f6nnen nichts \u00e4ndern, aber die <strong>Sch\u00e4chter<\/strong> haben eine Wahl!<br>Es sollte kein Tier ohne die vorangehende Bet\u00e4ubung <strong>gesch\u00e4chtet<\/strong>,<br>sonst werden die <strong>Sch\u00e4chter<\/strong> von den Tiersch\u00fctzern dann ge\u00e4chtet.<br><br>Oder ist es f\u00fcr den <strong>Sch\u00e4chtenden<\/strong> ein Erlebnis, mit zu bekommen,<br>wie einem \u201ehilflos ausblutenden\u201c Tier, sein Leben wird genommen.<br>Bei manchen <strong>Sch\u00e4chter<\/strong> das Ausleben der Perversion zu erkennen,<br>um hier deutlich der Umgang mit den hilflosen Tieren zu benennen.<br><br>Es gibt sogar einen Automaten, bei dem das Tier hinein getrieben.<br>Nach einer Rotation der Trommel, die Tiere auf dem R\u00fccken liegen.<br>Der Kopf des Tieres wird durch eine Mechanik nach hinten gebogen<br>dann wird der rituale \u201eKehlschnitt\u201c durch den <strong>Sch\u00e4chter<\/strong> vollzogen.<br><br>Nirgendwo steht im Talmud geschrieben oder im Koran manifestiert,<br>dass man mit der Bet\u00e4ubung eine Strafe von Gott oder Allah riskiert.<br>Oder Tiere das <strong>Sch\u00e4chten<\/strong> bei vollem Bewusstsein m\u00fcssen erleiden<br>und das Ausbluten qualvoll erleben, sollte der <strong>Sch\u00e4chter<\/strong> vermeiden.<br><br>Ich habe in einem Video eine Reihe von <strong>Schlacht<\/strong>l\u00e4mmern gesehen,<br>die an den K\u00f6pfen verbunden sich wechselseitig gegen\u00fcber stehen.<br>Wenn eines der so verbundenen Tiere in der Reihe \u201espielt verr\u00fcckt\u201c,<br>die gesamte Reihe mit den &#8222;verschn\u00fcrten&#8220; Tieren zur Seite gedr\u00fcckt.<br><br><strong>Schlacht<\/strong>rinder die mit Nasenstricken hoch an eine Leine gebunden,<br>mich innerlich w\u00fctend gemacht, wie die Tiere werden geschunden.<br>Sie k\u00f6nnen sich nicht legen, denn sie sind hoch an dem Strick fixiert.<br>Seitens der <strong>Sch\u00e4chter<\/strong> die Achtung und Respekt vor Tieren verliert.<\/p>\n\n\n\n<p><strong>\u00a9<\/strong> Rainer Dambroth &#8211; 13.12.2020 &#8211; <strong><a href=\"http:\/\/www.overline-poetry.de\/\">www.overline-poetry.de<\/a><\/strong><\/p>\n\n\n\n<p><strong>Anmerkung:<\/strong><br>Laut einer Statistik aus dem Jahr 2020 gibt es rund 3,9 Millionen Milchk\u00fche in Deutschland. Das hei\u00dft, dass etwa genau so viele K\u00e4lber geboren werden und vermarktet werden m\u00fcssen, n\u00e4mlich 3,9 Millionen K\u00e4lber.<\/p>\n\n\n\n<p><\/p>\n","protected":false},"excerpt":{"rendered":"<p>Das \u201ebet\u00e4ubungslose&#8220; Sch\u00e4chten ist f\u00fcr die Tiere eine H\u00f6llenqual.Tiere k\u00f6nnen nichts \u00e4ndern, aber die Sch\u00e4chter haben eine Wahl!Es sollte kein Tier ohne die vorangehende Bet\u00e4ubung gesch\u00e4chtet,sonst werden die Sch\u00e4chter von den Tiersch\u00fctzern dann ge\u00e4chtet. Oder ist es f\u00fcr den Sch\u00e4chtenden ein Erlebnis, mit zu bekommen,wie einem \u201ehilflos ausblutenden\u201c Tier, sein Leben wird genommen.Bei manchen Sch\u00e4chter [&hellip;]<\/p>\n","protected":false},"author":1,"featured_media":0,"parent":0,"menu_order":0,"comment_status":"closed","ping_status":"closed","template":"","meta":{"footnotes":""},"class_list":["post-338","page","type-page","status-publish","hentry"],"jetpack_sharing_enabled":true,"_links":{"self":[{"href":"https:\/\/overline-poetry.de\/index.php\/wp-json\/wp\/v2\/pages\/338","targetHints":{"allow":["GET"]}}],"collection":[{"href":"https:\/\/overline-poetry.de\/index.php\/wp-json\/wp\/v2\/pages"}],"about":[{"href":"https:\/\/overline-poetry.de\/index.php\/wp-json\/wp\/v2\/types\/page"}],"author":[{"embeddable":true,"href":"https:\/\/overline-poetry.de\/index.php\/wp-json\/wp\/v2\/users\/1"}],"replies":[{"embeddable":true,"href":"https:\/\/overline-poetry.de\/index.php\/wp-json\/wp\/v2\/comments?post=338"}],"version-history":[{"count":1,"href":"https:\/\/overline-poetry.de\/index.php\/wp-json\/wp\/v2\/pages\/338\/revisions"}],"predecessor-version":[{"id":342,"href":"https:\/\/overline-poetry.de\/index.php\/wp-json\/wp\/v2\/pages\/338\/revisions\/342"}],"wp:attachment":[{"href":"https:\/\/overline-poetry.de\/index.php\/wp-json\/wp\/v2\/media?parent=338"}],"curies":[{"name":"wp","href":"https:\/\/api.w.org\/{rel}","templated":true}]}}