
{"id":361,"date":"2021-09-28T14:26:00","date_gmt":"2021-09-28T14:26:00","guid":{"rendered":"https:\/\/overline-poetry.de\/?page_id=361"},"modified":"2025-01-28T14:30:00","modified_gmt":"2025-01-28T14:30:00","slug":"ehrenmord-im-namen-der-familie-nur-eine-frau","status":"publish","type":"page","link":"https:\/\/overline-poetry.de\/index.php\/ehrenmord-im-namen-der-familie-nur-eine-frau\/","title":{"rendered":"Ehrenmord &#8211; im Namen der Familie &#8211; &#8222;Nur eine Frau&#8220;"},"content":{"rendered":"\n<p>Den Ehrenmord gibt es nur bei den Menschen anderer Kulturen,<br>bei denen ohne \u201eAufsicht\u201c lebende Frauen beschimpft als Huren.<br>Der Mann darf sich neu verlieben und sich damit neu orientieren,<br>aber die Frauen der anderen Kulturen k\u00f6nnen dabei nur verlieren.<br><br>Ehrenmord, um den guten Namen der Familie nicht zu verlieren,<br>dass andere \u201eschlecht\u201c \u00fcber sie reden, wollen sie nicht riskieren.<br>Aber auch andere haben Probleme und wollen nur gut dastehen<br>und jeder \u201etarnt\u201c sein Familienleben, um Probleme zu umgehen.<br><br>Ich w\u00fcrde darauf dr\u00e4ngen, um so auch die Frauen zu sch\u00fctzen<br>und ein Grundvokabular der Sprache wird ihnen dabei n\u00fctzen.<br>Das bedingt, dass sie zur Schulung und Deutsch lernen m\u00fcssen,<br>und auch nur so selbstbestimmend leben, das sollten sie wissen.<br><br>Die Frauen erleben ihren Alltag in der total h\u00e4uslichen Isolation<br>und m\u00fcssen sie mal zum Amt oder Arzt, dann ist das der Hohn.<br>Der t\u00e4gliche Einkauf funktioniert meistens ohne Kommunikation.<br>Oft erledigt diesen Einkauf auch der Mann und das war es schon.<br><br>Kinder, die in unserer Kultur aufwachsen und zur Schule gehen,<br>k\u00f6nnen vieles besser beurteilen und auch vieles anders sehen.<br>Die Eltern der Kinder dieses Aufwachsen mit Sorge betrachten,<br>wenn sie unsere Lebensart und die westliche Kultur verachten.<br><br>Wenn die Kinder sind zu heiratsf\u00e4higen Menschen herangereift,<br>auch so manches Mal das Familienoberhaupt dann durchgreift.<br>Um so zu verhindern, dass sich \u201evermischen\u201c fremde Kulturen<br>und die jungen Frauen werden dann so ungewollt zu \u201eHuren\u201c.<br><br>Meist wurden in der \u201eHeimat\u201c Kinder miteinander \u201everbandelt\u201c<br>und der \u201eBrautpreis\u201c wurde beim letzten Besuch ausgehandelt.<br>Nach dem \u201eHeimaturlaub\u201c verbleibt das M\u00e4dchen in dem Land<br>und als Grund wird das Einl\u00f6sen des Eheversprechen genannt.<br><br>Ist die unter Zwang geschlossene Ehe f\u00fcr die Frau unertr\u00e4glich<br>weil die k\u00f6rperliche Gewalt wird in dieser Beziehung allt\u00e4glich,<br>so wird die maltr\u00e4tierte Frau, um nicht noch weiter zu leiden,<br>sich gegen eine Fortf\u00fchrung dieser Zwangsheirat entscheiden.<br><br>Fl\u00fcchtet die Frau zu Freunden, Bekannten oder ins Frauenhaus<br>und sieht f\u00fcr die arrangierte Zwangsheirat nach dem Ende aus,<br>dann ruft in der Gesamtfamilie meist die M\u00e4nner auf den Plan,<br>denn dem guten Ruf der Familie wurde gro\u00dfe Schande angetan.<br><br>Mit der T\u00f6tung der Frau wird die Ehre dann wieder hergestellt,<br>so dass es dann dem Umfeld in diesem Kulturkreis auch gef\u00e4llt.<br>Man nimmt in Kauf, dass man in unserer Kultur wird inhaftiert<br>und als T\u00e4ter der J\u00fcngste benannt, so man wenig Haft riskiert.<br><br>Wir haben zugelassen, dass diese Mitmenschen sich isolieren<br>und die logische Folge, dass wir bei Parallelkulturen verlieren.<br>Vieles wurde falsch ausgerichtet und so negativ \u00fcbernommen.<br>Besser ist eine offene Gesellschaft und \u201eHerzlich Willkommen\u201c!<br><br><strong>\u00a9<\/strong> Rainer Dambroth &#8211; 28.09.2021 &#8211; <strong><a href=\"http:\/\/www.overline-poetry.de\/\">www.overline-poetry.de<\/a><\/strong><\/p>\n\n\n\n<p><\/p>\n","protected":false},"excerpt":{"rendered":"<p>Den Ehrenmord gibt es nur bei den Menschen anderer Kulturen,bei denen ohne \u201eAufsicht\u201c lebende Frauen beschimpft als Huren.Der Mann darf sich neu verlieben und sich damit neu orientieren,aber die Frauen der anderen Kulturen k\u00f6nnen dabei nur verlieren. Ehrenmord, um den guten Namen der Familie nicht zu verlieren,dass andere \u201eschlecht\u201c \u00fcber sie reden, wollen sie nicht [&hellip;]<\/p>\n","protected":false},"author":1,"featured_media":0,"parent":0,"menu_order":0,"comment_status":"closed","ping_status":"closed","template":"","meta":{"footnotes":""},"class_list":["post-361","page","type-page","status-publish","hentry"],"jetpack_sharing_enabled":true,"_links":{"self":[{"href":"https:\/\/overline-poetry.de\/index.php\/wp-json\/wp\/v2\/pages\/361","targetHints":{"allow":["GET"]}}],"collection":[{"href":"https:\/\/overline-poetry.de\/index.php\/wp-json\/wp\/v2\/pages"}],"about":[{"href":"https:\/\/overline-poetry.de\/index.php\/wp-json\/wp\/v2\/types\/page"}],"author":[{"embeddable":true,"href":"https:\/\/overline-poetry.de\/index.php\/wp-json\/wp\/v2\/users\/1"}],"replies":[{"embeddable":true,"href":"https:\/\/overline-poetry.de\/index.php\/wp-json\/wp\/v2\/comments?post=361"}],"version-history":[{"count":1,"href":"https:\/\/overline-poetry.de\/index.php\/wp-json\/wp\/v2\/pages\/361\/revisions"}],"predecessor-version":[{"id":365,"href":"https:\/\/overline-poetry.de\/index.php\/wp-json\/wp\/v2\/pages\/361\/revisions\/365"}],"wp:attachment":[{"href":"https:\/\/overline-poetry.de\/index.php\/wp-json\/wp\/v2\/media?parent=361"}],"curies":[{"name":"wp","href":"https:\/\/api.w.org\/{rel}","templated":true}]}}