
{"id":464,"date":"2023-12-13T16:55:00","date_gmt":"2023-12-13T16:55:00","guid":{"rendered":"https:\/\/overline-poetry.de\/?page_id=464"},"modified":"2025-02-06T16:57:23","modified_gmt":"2025-02-06T16:57:23","slug":"bremen-klimaerwaermung-und-deichschutz","status":"publish","type":"page","link":"https:\/\/overline-poetry.de\/index.php\/bremen-klimaerwaermung-und-deichschutz\/","title":{"rendered":"Bremen &#8211; Klimaerw\u00e4rmung und Deichschutz"},"content":{"rendered":"\n<p>Bei zunehmender Klimaerw\u00e4rmung werden einfach die Deiche h\u00f6her gemacht,<br>so die Bremer Logik und als Reaktion auf die Klimaerw\u00e4rmung einfach gedacht.<br>Man erh\u00f6ht nur die Deiche, um die Bremer B\u00fcrger vor Hochwasser zu sch\u00fctzen,<br>aber wenn sich unser Klima weiter so rasant erw\u00e4rmt, wird es nicht viel n\u00fctzen.<br><br>Mit jedem Grad Erderw\u00e4rmung werden die Deiche dann einfach h\u00f6her gebaut,<br>dann man nicht mehr in die Ferne, sondern nur noch gegen die Deiche schaut.<br>Bauten d\u00fcrfen nicht h\u00f6her als der Bremer Dom, damit auf den Dom freie Sicht,<br>aber aufgrund der hohen Deiche, sieht man vom Dom die Spitze dann nicht.<br><br>Fr\u00fcher gab es an den Fl\u00fcssen zu \u00fcberflutende Fl\u00e4chen in den Au\u00dfenbereichen,<br>damit Hochwasser bei Schneeschmelze oder Starkregen konnte ausweichen.<br>Heute werden die als Industrieparks oder f\u00fcr Wohnansiedlungen bereitgestellt,<br>mit herrlichen Blick auf ein Gew\u00e4sser nat\u00fcrlich so auch den Bewohnern gef\u00e4llt.<br><br>Aber wo soll bei einer Schneeschmelze oder Starkregen das viele Wasser hin,<br>so dass es f\u00fcr die Einwohner sicher und erf\u00fcllt seinen zweckdienlichen Sinn?<br>Man kann vielerorts die Folgen einer nicht konsequenten Klimapolitik erleben,<br>wo verantwortliche Menschen handeln, als w\u00fcrde es eine zweite Erde geben.<br><br><strong>\u00a9<\/strong> Rainer Dambroth &#8211; 13.12.2023 &#8211; <strong><a href=\"https:\/\/www.overline-poetry.de\/\">www.overline-poetry.de<\/a><\/strong><\/p>\n","protected":false},"excerpt":{"rendered":"<p>Bei zunehmender Klimaerw\u00e4rmung werden einfach die Deiche h\u00f6her gemacht,so die Bremer Logik und als Reaktion auf die Klimaerw\u00e4rmung einfach gedacht.Man erh\u00f6ht nur die Deiche, um die Bremer B\u00fcrger vor Hochwasser zu sch\u00fctzen,aber wenn sich unser Klima weiter so rasant erw\u00e4rmt, wird es nicht viel n\u00fctzen. Mit jedem Grad Erderw\u00e4rmung werden die Deiche dann einfach h\u00f6her [&hellip;]<\/p>\n","protected":false},"author":1,"featured_media":0,"parent":0,"menu_order":0,"comment_status":"closed","ping_status":"closed","template":"","meta":{"footnotes":""},"class_list":["post-464","page","type-page","status-publish","hentry"],"jetpack_sharing_enabled":true,"_links":{"self":[{"href":"https:\/\/overline-poetry.de\/index.php\/wp-json\/wp\/v2\/pages\/464","targetHints":{"allow":["GET"]}}],"collection":[{"href":"https:\/\/overline-poetry.de\/index.php\/wp-json\/wp\/v2\/pages"}],"about":[{"href":"https:\/\/overline-poetry.de\/index.php\/wp-json\/wp\/v2\/types\/page"}],"author":[{"embeddable":true,"href":"https:\/\/overline-poetry.de\/index.php\/wp-json\/wp\/v2\/users\/1"}],"replies":[{"embeddable":true,"href":"https:\/\/overline-poetry.de\/index.php\/wp-json\/wp\/v2\/comments?post=464"}],"version-history":[{"count":1,"href":"https:\/\/overline-poetry.de\/index.php\/wp-json\/wp\/v2\/pages\/464\/revisions"}],"predecessor-version":[{"id":468,"href":"https:\/\/overline-poetry.de\/index.php\/wp-json\/wp\/v2\/pages\/464\/revisions\/468"}],"wp:attachment":[{"href":"https:\/\/overline-poetry.de\/index.php\/wp-json\/wp\/v2\/media?parent=464"}],"curies":[{"name":"wp","href":"https:\/\/api.w.org\/{rel}","templated":true}]}}