
{"id":472,"date":"2017-11-02T17:26:00","date_gmt":"2017-11-02T17:26:00","guid":{"rendered":"https:\/\/overline-poetry.de\/?page_id=472"},"modified":"2025-02-06T17:38:05","modified_gmt":"2025-02-06T17:38:05","slug":"danke-horst-dieter","status":"publish","type":"page","link":"https:\/\/overline-poetry.de\/index.php\/danke-horst-dieter\/","title":{"rendered":"Danke, Horst-Dieter"},"content":{"rendered":"\n<p>Auf diesem Wege einen Dank an dich, Horst-Dieter,<br>denn die Bassumer Tafel ist lange bei dir ein Mieter.<br>Was von der Stadt Bassum wurde nicht vollbracht,<br>hast du in einer kurzen Zeit doch m\u00f6glich gemacht.<br><br>Wir wurden untergebracht auf deinem Betriebsareal,<br>nachdem die st\u00e4dtische Suche wurde zu einer Qual.<br>Bei st\u00e4dtischen Geb\u00e4uden, wie kann es anders sein,<br>schalteten sich auch gleich \u00c4mter vom Landkreis ein.<br><br>Denn die beh\u00f6rdlichen H\u00fcrden sind zu hoch gelegt<br>und da h\u00e4tte sich doch lange Zeit noch nichts bewegt.<br>Nur weil einer ein Amt inne hat, will er es beleben,<br>wenn auch nur, um die Paragraphen hoch zu heben.<br><br>Das Organisieren von R\u00e4umen ist schon mal schwer,<br>wenn nicht da noch eine Beh\u00f6rde mit Auflagen w\u00e4r.<br>Diese Behinderung sind wir gemeinsam umgangen,<br>sonst w\u00e4ren wir noch in den Paragraphen gefangen.<br><br>F\u00fcr die Bassumer Tafel wurde gesucht ein Ausgabeort<br>auch da du hast reagiert und spontan gehandelt sofort.<br>Die n\u00f6tigen Tafelr\u00e4ume wurden von dir gestellt bereit,<br>denn f\u00fcr solche Begehren hattest Du stets Ohr und Zeit.<br><br>Den Mietpreis, den wir haben m\u00fcndlich ausgemacht,<br>an den Vertrag f\u00fcr die Akten, wurde erst sp\u00e4ter gedacht.<br>Dein Handeln war aufrichtig ehrlich und umkompliziert,<br>ein kurzer Anruf und schon wurde es von dir organisiert.<br><br>Der Platz f\u00fcr die Bassumer Tafel wurde schnell zu klein<br>und gr\u00f6\u00dfere R\u00e4umlichkeiten mu\u00dften f\u00fcr die Ausgabe sein.<br>Sofort wurden von dir R\u00e4ume f\u00fcr die Tafel bereit gemacht<br>und an den hygienischen Bodenbelag wurde auch gedacht.<br><br>Wir suchten f\u00fcr den B\u00fcrgerbus ein Quartier f\u00fcr die Nacht.<br>Das hattest du geh\u00f6rt und f\u00fcr uns auch m\u00f6glich gemacht.<br>Sofort warst du bereit in der Stadt eine Garage zu bauen,<br>ohne nach verf\u00fcgbarem Geld auf unser Konto zu schauen.<br><br>Es gab manchen, der h\u00e4tte dir dein Tun gerne untersagt,<br>aber du bist ein Macher und hattest vorher nicht gefragt.<br>Aus den vielen Steinen, die man hat dir in den Weg gelegt,<br>hast du f\u00fcr die Bassumer B\u00fcrger viel gebaut und bewegt.<br><br>In Deutschland gilt die h\u00f6chste Anerkennung der Neid!<br>Mache weiter so, vielleicht ist es den Neidern bald leid,<br>dir noch weitere &#8222;sinnlose&#8220; Steine in den Weg zu legen, <br>sondern gemeinsam mit dir, f\u00fcr Bassum was zu bewegen.<br><br>Hut ab, Horst-Dieter, was du in den Jahren hast geschafft!<br>Ich w\u00fcnsche dir eine gute Gesundheit und weiter viel Kraft.<br>Du warst mir gegen\u00fcber ehrlich und ich konnte dir trauen<br>und somit konnten wir auf eine gute Freundschaft bauen.<br><br><strong>\u00a9<\/strong> Rainer Dambroth &#8211; 30.11.2017 &#8211; <strong><a href=\"https:\/\/www.overline-poetry.de\">www.overline-poetry.de<\/a><\/strong><\/p>\n","protected":false},"excerpt":{"rendered":"<p>Auf diesem Wege einen Dank an dich, Horst-Dieter,denn die Bassumer Tafel ist lange bei dir ein Mieter.Was von der Stadt Bassum wurde nicht vollbracht,hast du in einer kurzen Zeit doch m\u00f6glich gemacht. Wir wurden untergebracht auf deinem Betriebsareal,nachdem die st\u00e4dtische Suche wurde zu einer Qual.Bei st\u00e4dtischen Geb\u00e4uden, wie kann es anders sein,schalteten sich auch gleich [&hellip;]<\/p>\n","protected":false},"author":1,"featured_media":0,"parent":0,"menu_order":0,"comment_status":"closed","ping_status":"closed","template":"","meta":{"footnotes":""},"class_list":["post-472","page","type-page","status-publish","hentry"],"jetpack_sharing_enabled":true,"_links":{"self":[{"href":"https:\/\/overline-poetry.de\/index.php\/wp-json\/wp\/v2\/pages\/472","targetHints":{"allow":["GET"]}}],"collection":[{"href":"https:\/\/overline-poetry.de\/index.php\/wp-json\/wp\/v2\/pages"}],"about":[{"href":"https:\/\/overline-poetry.de\/index.php\/wp-json\/wp\/v2\/types\/page"}],"author":[{"embeddable":true,"href":"https:\/\/overline-poetry.de\/index.php\/wp-json\/wp\/v2\/users\/1"}],"replies":[{"embeddable":true,"href":"https:\/\/overline-poetry.de\/index.php\/wp-json\/wp\/v2\/comments?post=472"}],"version-history":[{"count":1,"href":"https:\/\/overline-poetry.de\/index.php\/wp-json\/wp\/v2\/pages\/472\/revisions"}],"predecessor-version":[{"id":476,"href":"https:\/\/overline-poetry.de\/index.php\/wp-json\/wp\/v2\/pages\/472\/revisions\/476"}],"wp:attachment":[{"href":"https:\/\/overline-poetry.de\/index.php\/wp-json\/wp\/v2\/media?parent=472"}],"curies":[{"name":"wp","href":"https:\/\/api.w.org\/{rel}","templated":true}]}}