
{"id":479,"date":"2020-12-28T16:44:00","date_gmt":"2020-12-28T16:44:00","guid":{"rendered":"https:\/\/overline-poetry.de\/?page_id=479"},"modified":"2025-02-09T16:47:45","modified_gmt":"2025-02-09T16:47:45","slug":"wer-hat-an-diesem-rad-gedreht-zentralklinik-diepholz-in-borwede","status":"publish","type":"page","link":"https:\/\/overline-poetry.de\/index.php\/wer-hat-an-diesem-rad-gedreht-zentralklinik-diepholz-in-borwede\/","title":{"rendered":"Wer hat an d(ies)em Rad gedreht? Zentralklinik Diepholz in Borwede!"},"content":{"rendered":"\n<p>Planungsstrategisch h\u00e4tten doch Planer und auch die Politik, <br>zu pr\u00fcfen, die Entfernung zu der n\u00e4chsten erreichbaren Klinik.<br>Mit Gutachten zweifel ich und h\u00e4tte man vieles vorher geahnt,<br>denn viele Dinge entwickeln sich anders, wie sie voraus geplant.<br><br>Planungsb\u00fcros erf\u00fcllen nicht immer ihre Aufgabe und ihr Ziel.<br>Ein vorausdenkender Stadtplaner h\u00e4tte da ein besseres &#8222;Spiel&#8220;.<br>Da wird die parallele Existenz von Einkaufsm\u00e4rkten abgefragt.<br>H\u00e4tten sie nur gefragt, denn h\u00e4tte man ihnen das vorher gesagt.<br><br>In neuen Einkaufsm\u00e4rkten habe ich mich schon oft auch gefragt,<br>denn jegliche Planungslogik hat im Markt in der Praxis versagt.<br>Der Planer, der dieses &#8222;verplant&#8220; hat, der kauft selbst nicht ein,<br>denn er muss noch viel &#8222;verplanen&#8220; und kann nicht \u00fcberall sein. <br><br>Die Bertelsmannstiftung empfiehlt Klinikabbau als Konsequenz,<br>Hier hinterfragt man die sachliche und fachliche Kompetenz.<br>Die Anzahl der Kliniken m\u00fcssten sich erheblich reduzieren.<br>Nach dieser Logik m\u00fcssen sich auch die Kranken halbieren.<br><br>Eines doch rechnerisch schon klar und das in jedem Fall,<br>f\u00fcr weniger Patienten brauchen wir auch weniger Personal.<br>Eine Logik, aber ohne sachlichen und fachlichen Verstand<br>so verlaufen sich politischen Planungen sehr oft im Sand.<br><br>Die &#8222;Konkurrenz&#8220; auf der Nachbarschaft sollte man befragen,<br>eines ist klar, auch sie d\u00fcrfen bei den Kosten nicht versagen.<br>Auch die Denkweise und die Lenkung von der &#8222;gro\u00dfen Politik&#8220;,<br>arbeitet nicht immer mit richtigem Gesp\u00fcr und mit Geschick.<br><br>Das ganze Projekt bekommt den &#8222;Anhauch der Strippenzieherei&#8220;.<br>Manches l\u00f6st Kopfsch\u00fctteln aus und &#8222;Gschm\u00e4ckle&#8220; ist auch dabei.<br>In der Politik fehlt oft die vorausschauende strategische Planung.<br>Man bekommt das Gef\u00fchl, als h\u00e4tten Entscheider wenig Ahnung.<br><br>Bei der Windenergie muss es per Gesetz Mindestabst\u00e4nde geben,<br>aber bei der Krankenhausplanung geht es doch &#8222;nur&#8220; um Leben.<br>Bei der Krankenhausplanung sollte es Maximalabst\u00e4nde geben,<br>denn auch die &#8222;fahruntauglichen&#8220; Patienten werden l\u00e4nger leben<br><br>Eine gro\u00dfe Kantine sagt nichts \u00fcber die Qualit\u00e4t der Arbeit aus,<br>denn es gibt Fachbereiche, wie in jedem gro\u00dfen Krankenhaus.<br>Die \u00c4rzte, die haben sich dann in eine Fachrichtung spezialisiert,<br>dass ist auch wichtig, damit der Behandelte nicht dabei verliert<br><br>Denn vieles erscheint wie ein Blick in die Kugel aus Kristall,<br>denn Garantie gibt es auch auf diese Gutachten in keinen Fall.<br>Ich w\u00fcnsche der entscheidenen Politik doch etwas mehr Mut,<br>das k\u00f6nnte funktionieren und tut auch dem &#8222;Steuers\u00e4ckel&#8220; gut.<br><br><strong>\u00a9<\/strong> Rainer Dambroth &#8211; 28.12.2020 &#8211; <strong>\ud83d\udd17<\/strong> <strong><a href=\"https:\/\/www.overline-poetry.de\">www.overline-poetry.de<\/a><\/strong><\/p>\n","protected":false},"excerpt":{"rendered":"<p>Planungsstrategisch h\u00e4tten doch Planer und auch die Politik, zu pr\u00fcfen, die Entfernung zu der n\u00e4chsten erreichbaren Klinik.Mit Gutachten zweifel ich und h\u00e4tte man vieles vorher geahnt,denn viele Dinge entwickeln sich anders, wie sie voraus geplant. Planungsb\u00fcros erf\u00fcllen nicht immer ihre Aufgabe und ihr Ziel.Ein vorausdenkender Stadtplaner h\u00e4tte da ein besseres &#8222;Spiel&#8220;.Da wird die parallele Existenz [&hellip;]<\/p>\n","protected":false},"author":1,"featured_media":0,"parent":0,"menu_order":0,"comment_status":"closed","ping_status":"closed","template":"","meta":{"footnotes":""},"class_list":["post-479","page","type-page","status-publish","hentry"],"jetpack_sharing_enabled":true,"_links":{"self":[{"href":"https:\/\/overline-poetry.de\/index.php\/wp-json\/wp\/v2\/pages\/479","targetHints":{"allow":["GET"]}}],"collection":[{"href":"https:\/\/overline-poetry.de\/index.php\/wp-json\/wp\/v2\/pages"}],"about":[{"href":"https:\/\/overline-poetry.de\/index.php\/wp-json\/wp\/v2\/types\/page"}],"author":[{"embeddable":true,"href":"https:\/\/overline-poetry.de\/index.php\/wp-json\/wp\/v2\/users\/1"}],"replies":[{"embeddable":true,"href":"https:\/\/overline-poetry.de\/index.php\/wp-json\/wp\/v2\/comments?post=479"}],"version-history":[{"count":1,"href":"https:\/\/overline-poetry.de\/index.php\/wp-json\/wp\/v2\/pages\/479\/revisions"}],"predecessor-version":[{"id":483,"href":"https:\/\/overline-poetry.de\/index.php\/wp-json\/wp\/v2\/pages\/479\/revisions\/483"}],"wp:attachment":[{"href":"https:\/\/overline-poetry.de\/index.php\/wp-json\/wp\/v2\/media?parent=479"}],"curies":[{"name":"wp","href":"https:\/\/api.w.org\/{rel}","templated":true}]}}