
{"id":488,"date":"2021-02-27T15:14:00","date_gmt":"2021-02-27T15:14:00","guid":{"rendered":"https:\/\/overline-poetry.de\/?page_id=488"},"modified":"2025-03-18T06:21:13","modified_gmt":"2025-03-18T06:21:13","slug":"undercover-recherchen-in-massentierstaellen","status":"publish","type":"page","link":"https:\/\/overline-poetry.de\/index.php\/undercover-recherchen-in-massentierstaellen\/","title":{"rendered":"Undercover-Recherchen in Massentierst\u00e4llen"},"content":{"rendered":"\n<p>Undercover-Recherchen von den Besitzer nicht gern gesehen, <br>dass kann man bei den aufgezeigten Mi\u00dfst\u00e4nden gut verstehen.<br>Man will doch den Verbrauchern nur die heile Welt suggerieren<br>und mit Mi\u00dfst\u00e4nden wird man bei den Verbrauchern verlieren.<br><br>Von den Verb\u00e4nden spricht man nur von &#8222;vereinzelten F\u00e4llen&#8220;,<br>wo es &#8222;Unregelm\u00e4ssigkeiten&#8220; gibt, in den Gefl\u00fcgelmassenst\u00e4llen.<br>Ein gl\u00e4serner Stall und ein respektvoller Umgang mit den Tieren<br>und keiner braucht Angst zu haben, die Verbraucher zu verlieren.<br><br>Gibt es in Gefl\u00fcgelmassenst\u00e4llen Tierqu\u00e4lereien zu verstecken,<br>dann wird man diese finden und f\u00fcr die \u00d6ffentlichkeit aufdecken.<br>Die Beh\u00f6rden sollten diese Verst\u00f6sse entsprechend auch ahnden,<br>nicht Zeit verschwenden, um nach den &#8222;Aufdeckern&#8220; zu fahnden.<br><br>Ergebnisse einer Undercover-Recherche werden nicht anerkannt<br>und der Grund f\u00fcr diese &#8222;Ausblendung&#8220; wird aber nicht genannt.<br>Solange in den St\u00e4llen die Tiere aus Gewinnsucht gequ\u00e4lt leben,<br>wird es die Undercover-Recherche in den St\u00e4llen weiter geben.<br><br>Diese Recherchen von Beh\u00f6rden und Politik zu kriminalisieren,<br>als h\u00e4tten die Tierqu\u00e4lereien den B\u00fcrger nicht zu interessieren.<br>Diese Handlungen der Stallbesitzer geh\u00f6ren dem B\u00fcrger erkl\u00e4rt,<br>weil sonst nur ein weiter so und der B\u00fcrger nichts davon erf\u00e4hrt.<br><br>Die Verbraucher haben es in ihrer Hand bei der n\u00e4chsten Wahl<br>und dieses Recht sollten sie dann auch nutzen, auf jeden Fall.<br>Es gibt nur noch wenige b\u00e4uerliche Landwirtschaftsbetriebe,<br>wo man noch Werte schafft wird mit Herz, Verstand und Liebe.<br><br>Milch und Fleisch muss wieder bekommen einen guten Preis,<br>damit sich f\u00fcr die b\u00e4uerliche Landwirtschaft lohnt der Fleiss.<br>Gequ\u00e4ltes Fleisch auf dem Tisch, l\u00e4sst den Appetit vergehen!<br>Der Grund daf\u00fcr ist bei den Undercover-Recherchen zu sehen.<br><br><strong>\u00a9<\/strong> Rainer Dambroth &#8211; 27.02.2021 &#8211; <strong><a href=\"https:\/\/www.overline-poetry.de\">www.overline-poetry.de<\/a><\/strong><\/p>\n","protected":false},"excerpt":{"rendered":"<p>Undercover-Recherchen von den Besitzer nicht gern gesehen, dass kann man bei den aufgezeigten Mi\u00dfst\u00e4nden gut verstehen.Man will doch den Verbrauchern nur die heile Welt suggerierenund mit Mi\u00dfst\u00e4nden wird man bei den Verbrauchern verlieren. Von den Verb\u00e4nden spricht man nur von &#8222;vereinzelten F\u00e4llen&#8220;,wo es &#8222;Unregelm\u00e4ssigkeiten&#8220; gibt, in den Gefl\u00fcgelmassenst\u00e4llen.Ein gl\u00e4serner Stall und ein respektvoller Umgang mit [&hellip;]<\/p>\n","protected":false},"author":1,"featured_media":0,"parent":0,"menu_order":0,"comment_status":"closed","ping_status":"closed","template":"","meta":{"footnotes":""},"class_list":["post-488","page","type-page","status-publish","hentry"],"jetpack_sharing_enabled":true,"_links":{"self":[{"href":"https:\/\/overline-poetry.de\/index.php\/wp-json\/wp\/v2\/pages\/488","targetHints":{"allow":["GET"]}}],"collection":[{"href":"https:\/\/overline-poetry.de\/index.php\/wp-json\/wp\/v2\/pages"}],"about":[{"href":"https:\/\/overline-poetry.de\/index.php\/wp-json\/wp\/v2\/types\/page"}],"author":[{"embeddable":true,"href":"https:\/\/overline-poetry.de\/index.php\/wp-json\/wp\/v2\/users\/1"}],"replies":[{"embeddable":true,"href":"https:\/\/overline-poetry.de\/index.php\/wp-json\/wp\/v2\/comments?post=488"}],"version-history":[{"count":1,"href":"https:\/\/overline-poetry.de\/index.php\/wp-json\/wp\/v2\/pages\/488\/revisions"}],"predecessor-version":[{"id":492,"href":"https:\/\/overline-poetry.de\/index.php\/wp-json\/wp\/v2\/pages\/488\/revisions\/492"}],"wp:attachment":[{"href":"https:\/\/overline-poetry.de\/index.php\/wp-json\/wp\/v2\/media?parent=488"}],"curies":[{"name":"wp","href":"https:\/\/api.w.org\/{rel}","templated":true}]}}