
{"id":510,"date":"2025-04-24T09:13:00","date_gmt":"2025-04-24T09:13:00","guid":{"rendered":"https:\/\/overline-poetry.de\/?page_id=510"},"modified":"2025-08-25T09:17:06","modified_gmt":"2025-08-25T09:17:06","slug":"donald-trump-und-der-deal-fuer-den-frieden-in-der-ukraine-diktatfrieden","status":"publish","type":"page","link":"https:\/\/overline-poetry.de\/index.php\/donald-trump-und-der-deal-fuer-den-frieden-in-der-ukraine-diktatfrieden\/","title":{"rendered":"Donald Trump und der Deal f\u00fcr den Frieden in der Ukraine? Diktatfrieden!"},"content":{"rendered":"\n<p><strong>Donald Trump<\/strong> glaubt, er hat f\u00fcr die <strong>Ukraine<\/strong> einen Frieden vermittelt.<br>und als Erfolgsstory <strong>Donald Trump<\/strong> diesen fragw\u00fcrdigen Deal betitelt.<br>Was f\u00fcr ein gro\u00dfer Erfolg, wenn Regionen werden <strong>Putin<\/strong> \u201egeschenkt\u201c?<br><strong>Donald Trump<\/strong> ist eine Kr\u00e4merseele, der nur zu seinem Vorteil denkt.<br><br>Ein Deal bei dem <strong>Russland<\/strong> nur gewinnt und die <strong>Ukraine<\/strong> viel verliert,<br>aber der Krieg in der Ukraine, <strong>Donald Trump<\/strong> nicht mehr interessiert.<br><strong>Donald Trump<\/strong> ist dem Despoten <strong>Putin<\/strong> wohlgesonnen und zu Willen,<br>somit wird er alle W\u00fcnsche von dem <strong>Despoten Putin<\/strong> dann \u201estillen\u201c.<br><br>Die <strong>Ukraine<\/strong> bekommt einen kleinen Landteil von <strong>Russland<\/strong> zur\u00fcck<br>und <strong>Donald Trump<\/strong> spricht f\u00fcr die <strong>Ukraine<\/strong> von einem gro\u00dfen Gl\u00fcck.<br>Die Sicherheitsgarantien sollen nur von <strong>Europa<\/strong> dann \u00fcbernommen<br>und was ist, wenn dem <strong>Putin<\/strong> die Lust auf Krieg wird \u00fcberkommen?<br><br>Das Atomkraftwerk soll dann in Regie von Amerika dann betrieben,<br>so k\u00f6nnte <strong>Donald Trump<\/strong> Strom verkaufen und Preise nach Belieben.<br>Zur Begleichung der \u201eKriegsschulden\u201c wird <strong>Donald Trump<\/strong> es wagen,<br>die <strong>Ukraine<\/strong> soll Sch\u00fcrfrechte <strong>Seltener Erden<\/strong> an Amerika \u00fcbertragen.<br><br>Der <strong>Natobeitritt<\/strong>, wurde zur Friedenssicherung, von <strong>Selensky<\/strong> begehrt,<br>aber soll, auf Wunsch von <strong>Russland<\/strong>, der <strong>Ukraine<\/strong> dauerhaft verwehrt.<br>So kann die <strong>Ukraine<\/strong>, weil ungesch\u00fctzt, von <strong>Putin<\/strong> angegriffen werden,<br>wenn es den <strong>Putin<\/strong> gel\u00fcstet, zu annektieren weitere <strong>ukrainische<\/strong> Erden.<br><br><strong>Donald Trump<\/strong> sieht diesen Deal als L\u00f6sung f\u00fcr das <strong>Ukraine-Problem<\/strong>.<br>Unter diesen Bedingungen betrachtet, nur f\u00fcr <strong>Russland<\/strong> sehr bequem.<br><strong>Donald Trump<\/strong> will, dass die <strong>Ukraine<\/strong> diese Bedingungen so akzeptiert,<br>auch wenn die <strong>Ukraine<\/strong> dabei fast ein F\u00fcnftel ihrer L\u00e4ndereien verliert.<br><br>Ist das die neue Weltordnung, wo sich jeder nehmen kann, was er will<br>und man erwartet, dass der Angegriffene h\u00e4lt ohne Gegenwehr still?<br>Was w\u00fcrde der Dealmaker Pr\u00e4sident <strong>Donald Trump<\/strong> wohl dazu sagen,<br>wenn Angreifer Teile von <strong>Amerika<\/strong> annektieren, dieses ohne zu fragen?<br><br><strong>\u00a9 Rainer Dambroth \u2013 24.04.2025 \u2013 <a href=\"http:\/\/www.overline-poetry.de\/\">www.overline-poetry.de<\/a><\/strong><\/p>\n","protected":false},"excerpt":{"rendered":"<p>Donald Trump glaubt, er hat f\u00fcr die Ukraine einen Frieden vermittelt.und als Erfolgsstory Donald Trump diesen fragw\u00fcrdigen Deal betitelt.Was f\u00fcr ein gro\u00dfer Erfolg, wenn Regionen werden Putin \u201egeschenkt\u201c?Donald Trump ist eine Kr\u00e4merseele, der nur zu seinem Vorteil denkt. Ein Deal bei dem Russland nur gewinnt und die Ukraine viel verliert,aber der Krieg in der Ukraine, [&hellip;]<\/p>\n","protected":false},"author":1,"featured_media":0,"parent":0,"menu_order":0,"comment_status":"closed","ping_status":"closed","template":"","meta":{"footnotes":""},"class_list":["post-510","page","type-page","status-publish","hentry"],"jetpack_sharing_enabled":true,"_links":{"self":[{"href":"https:\/\/overline-poetry.de\/index.php\/wp-json\/wp\/v2\/pages\/510","targetHints":{"allow":["GET"]}}],"collection":[{"href":"https:\/\/overline-poetry.de\/index.php\/wp-json\/wp\/v2\/pages"}],"about":[{"href":"https:\/\/overline-poetry.de\/index.php\/wp-json\/wp\/v2\/types\/page"}],"author":[{"embeddable":true,"href":"https:\/\/overline-poetry.de\/index.php\/wp-json\/wp\/v2\/users\/1"}],"replies":[{"embeddable":true,"href":"https:\/\/overline-poetry.de\/index.php\/wp-json\/wp\/v2\/comments?post=510"}],"version-history":[{"count":1,"href":"https:\/\/overline-poetry.de\/index.php\/wp-json\/wp\/v2\/pages\/510\/revisions"}],"predecessor-version":[{"id":514,"href":"https:\/\/overline-poetry.de\/index.php\/wp-json\/wp\/v2\/pages\/510\/revisions\/514"}],"wp:attachment":[{"href":"https:\/\/overline-poetry.de\/index.php\/wp-json\/wp\/v2\/media?parent=510"}],"curies":[{"name":"wp","href":"https:\/\/api.w.org\/{rel}","templated":true}]}}