
{"id":517,"date":"2025-04-22T12:21:00","date_gmt":"2025-04-22T12:21:00","guid":{"rendered":"https:\/\/overline-poetry.de\/?page_id=517"},"modified":"2025-08-25T12:31:46","modified_gmt":"2025-08-25T12:31:46","slug":"donald-trump-denkt-und-handelt-kindlich-naiv","status":"publish","type":"page","link":"https:\/\/overline-poetry.de\/index.php\/donald-trump-denkt-und-handelt-kindlich-naiv\/","title":{"rendered":"Donald Trump denkt und handelt kindlich naiv"},"content":{"rendered":"\n<p><strong>Donald Trump<\/strong> findet sich als Amerikas Pr\u00e4sident \u201eunersetzbar toll\u201c.<br>Nicht wenige Amerikaner nehmen ihren Pr\u00e4sidenten nicht f\u00fcr voll.<br>Er versprach, den Ukraine Krieg innerhalb 24 Stunden zu beenden<br>und verliert er aus den Augen ein Ziel, l\u00e4sst er es dabei bewenden.<br><br>Hat <strong>Donald Trump<\/strong> geglaubt, per Dekret das Kriegsende zu befehlen?<br>Und k\u00f6nnte sofort auf Putins Bereitschaft, f\u00fcr das Kriegsende, z\u00e4hlen.<br>Wenn jetzt die L\u00f6sung f\u00fcr den Konflikt au\u00dfer seine Reichweite ger\u00e4t,<br>so sagt er: \u201eF\u00fcr eine Einsicht, war es f\u00fcr beide Parteien schon zu sp\u00e4t\u201c.<br><br><strong>Donald Trump<\/strong> sieht noch die Ukraine als Verursacher f\u00fcr den Krieg<br>und Putin musste sich doch verteidigen, gegen einen \u201eUkraine Sieg\u201c.<br>Dem amerikanischen Pinocchio die Nase aus dem Gesichte schnellt,<br>denn mit seiner st\u00e4ndigen L\u00fcgerei, er sich selbst am besten gef\u00e4llt.<br><br>Mit seiner Zollpolitik hat er die Welt in \u201eSchnapp-Atmung\u201c versetzt,<br>aber dabei hat er die Zollgegenreaktionen der L\u00e4nder untersch\u00e4tzt.<br><strong>Donald Trump<\/strong> nicht an die Folgen f\u00fcr den Welthandel nachgedacht.<br>Vielleicht mit Insiderwissen an der B\u00f6rse den gro\u00dfen Deal gemacht?<br><br>Oder ist <strong>Donald Trump<\/strong> so \u201egestrickt\u201c, so er nur an sich noch glaubt<br>und er sich sieht als ein Gewinn f\u00fcr Amerika, so er sich alles erlaubt.<br>Ist <strong>Donald Trump<\/strong> so berechnend, dass er die Welt f\u00fcr verbl\u00f6det h\u00e4lt?<br>Ein \u201eSupermann\u201c f\u00fcr Amerika, aber der nur seinen Anh\u00e4ngern gef\u00e4llt.<br><br>Wenn <strong>Donald Trump<\/strong> beim Reden dann seine Grimassen schneidet,<br>mit verzerrtem Gesicht zeigt, wie der Pr\u00e4sident f\u00fcr Amerika &#8222;leidet&#8220;.<br>Wenn <strong>Donald Trump<\/strong> im &#8222;Wei\u00dfen Haus&#8220; \u00f6ffentlich Dekrete signiert<br>und die Zuschauer wollen nicht begreifen, das Amerika dabei verliert.<br><br><strong>Donald Trump<\/strong>, wenige Tage im Amt und Amerika im Chaos versinkt.<br><strong>Donald Trump<\/strong> l\u00fcgt und betr\u00fcgt, so dass schon \u201ezum Himmel stinkt\u201c.<br><strong>Donald Trump<\/strong>, als Pr\u00e4sident Amerikas erst nur wenige Tage im Amt,<br>aber er sieht sich schon zum <strong>Pr\u00e4sidenten auf Lebenszeit<\/strong> verdammt.<br><br><strong>\u00a9 Rainer Dambroth \u2013 22.04.2025 \u2013 <a href=\"http:\/\/www.overline-poetry.de\/\">www.overline-poetry.de<\/a><br><br><\/strong><em><strong>Aussage Donald Trump: \u201eWenn eine der beiden Parteien (Russland \/ Ukraine) es aus irgendwelchem Grund sehr schwierig macht, werden wir einfach sagen: ihr seid dumm, ihr seid Narren, ihr seid schreckliche Menschen und wir werden es einfach sein lassen\u201c<\/strong><br><\/em><\/p>\n","protected":false},"excerpt":{"rendered":"<p>Donald Trump findet sich als Amerikas Pr\u00e4sident \u201eunersetzbar toll\u201c.Nicht wenige Amerikaner nehmen ihren Pr\u00e4sidenten nicht f\u00fcr voll.Er versprach, den Ukraine Krieg innerhalb 24 Stunden zu beendenund verliert er aus den Augen ein Ziel, l\u00e4sst er es dabei bewenden. Hat Donald Trump geglaubt, per Dekret das Kriegsende zu befehlen?Und k\u00f6nnte sofort auf Putins Bereitschaft, f\u00fcr das [&hellip;]<\/p>\n","protected":false},"author":1,"featured_media":0,"parent":0,"menu_order":0,"comment_status":"closed","ping_status":"closed","template":"","meta":{"footnotes":""},"class_list":["post-517","page","type-page","status-publish","hentry"],"jetpack_sharing_enabled":true,"_links":{"self":[{"href":"https:\/\/overline-poetry.de\/index.php\/wp-json\/wp\/v2\/pages\/517","targetHints":{"allow":["GET"]}}],"collection":[{"href":"https:\/\/overline-poetry.de\/index.php\/wp-json\/wp\/v2\/pages"}],"about":[{"href":"https:\/\/overline-poetry.de\/index.php\/wp-json\/wp\/v2\/types\/page"}],"author":[{"embeddable":true,"href":"https:\/\/overline-poetry.de\/index.php\/wp-json\/wp\/v2\/users\/1"}],"replies":[{"embeddable":true,"href":"https:\/\/overline-poetry.de\/index.php\/wp-json\/wp\/v2\/comments?post=517"}],"version-history":[{"count":1,"href":"https:\/\/overline-poetry.de\/index.php\/wp-json\/wp\/v2\/pages\/517\/revisions"}],"predecessor-version":[{"id":521,"href":"https:\/\/overline-poetry.de\/index.php\/wp-json\/wp\/v2\/pages\/517\/revisions\/521"}],"wp:attachment":[{"href":"https:\/\/overline-poetry.de\/index.php\/wp-json\/wp\/v2\/media?parent=517"}],"curies":[{"name":"wp","href":"https:\/\/api.w.org\/{rel}","templated":true}]}}