
{"id":524,"date":"2025-04-10T12:36:00","date_gmt":"2025-04-10T12:36:00","guid":{"rendered":"https:\/\/overline-poetry.de\/?page_id=524"},"modified":"2025-08-25T12:42:25","modified_gmt":"2025-08-25T12:42:25","slug":"donald-trump-der-dealmaker-sie-kuessen-meinen-arsch-theyre-kissing-my-ass","status":"publish","type":"page","link":"https:\/\/overline-poetry.de\/index.php\/donald-trump-der-dealmaker-sie-kuessen-meinen-arsch-theyre-kissing-my-ass\/","title":{"rendered":"Donald Trump der Dealmaker: \u201eSie k\u00fcssen meinen Arsch\u201c \/ \u201eThey&#8217;re kissing my ass\u201c"},"content":{"rendered":"\n<p><strong>Donald Trump<\/strong>: \u201eSie k\u00fcssen meinen Arsch\u201c, so seine neuste Aussage.<br>Das <strong>Donald Trump<\/strong> damit verbal \u00fcbers Ziel geschossen, keine Frage!<br><strong>Donald Trump<\/strong>: \u201eSie brennen darauf, mit mir einen Deal zu machen\u201c,<br>wenn die Situation nicht so brisant w\u00e4re, w\u00e4re ein Grund zu lachen.<br><br>Eines ist wohl jedem, sogar auch den amerikanischen B\u00fcrgern, klar,<br>mit seinem \u201eper Dekret regieren\u201c, ist <strong>Donald Trump<\/strong> recht sonderbar.<br><strong>Donald Trump<\/strong> mit seinem stets gequ\u00e4lt wirkenden \u201eGrimassenspiel\u201c,<br>glaubt, ein Handelskrieg mit der &#8222;Brechstange&#8220; f\u00fchrt direkt zum Ziel.<br><br>Die Handelsb\u00f6rsen mit einer \u201eBerg und Talfahrt\u201c darauf reagieren,<br>stets die Gefahr, dass durch solche Ansagen, die M\u00e4rkte kollabieren.<br>Die \u201eZeche f\u00fcr diesen Zollkrieg\u201c nur der amerikanische B\u00fcrger zahlt.<br>Die Milliarden kassiert der Staat, mit denen <strong>Donald Trump<\/strong> so prahlt.<br><br>Firmen, die nach Amerika exportieren, wollen in Amerika produzieren<br>Amerikanische Firmen, die exportieren, wollen im Ausland investieren.<br>So wird f\u00fcr Produktion ben\u00f6tigtes Personal dann nur umgeschichtet<br>und der erreichte Zolleffekt f\u00fcr Waren gleich Null, so wird berichtet.<br><br><strong>Donald Trump<\/strong> beim Durchsetzen sich wie ein kleines Kind geb\u00e4rdet,<br>aber durch unkontrolliertes Handeln, er den Weltfrieden gef\u00e4hrdet.<br><strong>Donald Trump<\/strong> seine L\u00fcgen verbreitet, an die er selbst auch glaubt<br>und solange seine W\u00e4hler den L\u00fcgen glauben, er sich alles erlaubt.<br><br><strong>Donald Trump<\/strong> redet gerne sehr viel und auch ohne nachzudenken<br>und so vergisst er, bei seinen endlosen Reden, den Staat zu Lenken.<br><strong>Donald Trump<\/strong> liebt die \u00d6ffentlichkeit und betreibt \u201eEffekthascherei\u201c,<br>denn er sucht Anerkennung und die Portion Selbstsucht auch dabei.<br><br><strong>\u00a9 Rainer Dambroth \u2013 09.04.2025 \u2013 <a href=\"http:\/\/www.overline-poetry.de\/\">www.overline-poetry.de<\/a><\/strong><br><br><strong><a href=\"https:\/\/overline-poetry.de\/wp-admin\/post.php?post=517&amp;action=edit\">Donald Trump denkt und handelt kindlich naiv<\/a><\/strong><br><strong><a href=\"https:\/\/overline-poetry.de\/wp-admin\/post.php?post=510&amp;action=edit\">Donald Trump und der Deal f\u00fcr den Frieden in der Ukraine? Diktatfrieden!<\/a><\/strong><\/p>\n","protected":false},"excerpt":{"rendered":"<p>Donald Trump: \u201eSie k\u00fcssen meinen Arsch\u201c, so seine neuste Aussage.Das Donald Trump damit verbal \u00fcbers Ziel geschossen, keine Frage!Donald Trump: \u201eSie brennen darauf, mit mir einen Deal zu machen\u201c,wenn die Situation nicht so brisant w\u00e4re, w\u00e4re ein Grund zu lachen. Eines ist wohl jedem, sogar auch den amerikanischen B\u00fcrgern, klar,mit seinem \u201eper Dekret regieren\u201c, ist [&hellip;]<\/p>\n","protected":false},"author":1,"featured_media":0,"parent":0,"menu_order":0,"comment_status":"closed","ping_status":"closed","template":"","meta":{"footnotes":""},"class_list":["post-524","page","type-page","status-publish","hentry"],"jetpack_sharing_enabled":true,"_links":{"self":[{"href":"https:\/\/overline-poetry.de\/index.php\/wp-json\/wp\/v2\/pages\/524","targetHints":{"allow":["GET"]}}],"collection":[{"href":"https:\/\/overline-poetry.de\/index.php\/wp-json\/wp\/v2\/pages"}],"about":[{"href":"https:\/\/overline-poetry.de\/index.php\/wp-json\/wp\/v2\/types\/page"}],"author":[{"embeddable":true,"href":"https:\/\/overline-poetry.de\/index.php\/wp-json\/wp\/v2\/users\/1"}],"replies":[{"embeddable":true,"href":"https:\/\/overline-poetry.de\/index.php\/wp-json\/wp\/v2\/comments?post=524"}],"version-history":[{"count":3,"href":"https:\/\/overline-poetry.de\/index.php\/wp-json\/wp\/v2\/pages\/524\/revisions"}],"predecessor-version":[{"id":530,"href":"https:\/\/overline-poetry.de\/index.php\/wp-json\/wp\/v2\/pages\/524\/revisions\/530"}],"wp:attachment":[{"href":"https:\/\/overline-poetry.de\/index.php\/wp-json\/wp\/v2\/media?parent=524"}],"curies":[{"name":"wp","href":"https:\/\/api.w.org\/{rel}","templated":true}]}}