
{"id":535,"date":"2025-05-07T12:58:00","date_gmt":"2025-05-07T12:58:00","guid":{"rendered":"https:\/\/overline-poetry.de\/?page_id=535"},"modified":"2025-08-25T13:50:29","modified_gmt":"2025-08-25T13:50:29","slug":"donald-trump-reagiert-wie-eine-chemotherapie","status":"publish","type":"page","link":"https:\/\/overline-poetry.de\/index.php\/donald-trump-reagiert-wie-eine-chemotherapie\/","title":{"rendered":"Donald Trump re(a)giert wie eine Chemotherapie?"},"content":{"rendered":"\n<p>Ein <strong>Trump<\/strong>-Anh\u00e4nger sein Re(a)gieren mit Chemotherapie vergleicht.<br>Man muss diese Therapie durchleiden, dann wird alles wieder leicht.<br>Sind <strong>Trump<\/strong>-Fans, durch seine Reden und Erscheinung, so verblendet<br>und erahnen nicht, wie diese &#8222;Chemotherapie&#8220; f\u00fcr ihr Amerika endet.<br><br><strong>Donald Trump <\/strong>ist als b\u00f6ses &#8222;Krebs-Geschw\u00fcr&#8220; f\u00fcr Amerika zu sehen,<br>aber wie sie den <strong>Donald Trump<\/strong> verehren, kann man nicht verstehen.<br>Dieser <strong>Trump<\/strong>-Krebs ist bereits in allen Staats-Organen am &#8222;streuen&#8220;<br>und wenn dieser Krebs nicht behandelt, dann wird man es bereuen.<br><br>Egomane <strong>Donald Trump<\/strong>, sieht sich als wichtigste Person der Welt<br>und ihm ist es egal, wie Amerikaner leiden, mit noch weniger Geld.<br>Regierungsmotto: Erst wird geschossen und dann das Ziel anvisiert<br>und wenn wieder einmal daneben &#8222;geschossen&#8220;, nicht interessiert.<br><br>Bei Regierungsfehlern, bekommen die Anderen Schuld zugewiesen,<br>denn <strong>Donald Trump<\/strong> ist unfehlbar, so von ihm sein Ego angepriesen.<br>Die weltweite Zollpolitik funktioniert nicht, so wie von ihm gedacht,<br>bei China Importen, der chinesische Pr\u00e4sident nur dar\u00fcber gelacht.<br><br>Denn <strong>Donald Trump<\/strong> hatte bei seiner Zollpolitik vieles nicht bedacht,<br>auch seine Basecaps \u201eAmerican first\u201c werden doch in China gemacht.<br>Auch Smartphones werden mit Komponenten aus China hergestellt<br>und werden diese zu teuer, dieses dem Verbraucher so nicht gef\u00e4llt.<br><br>Amazon hat diese Zollaufschl\u00e4ge bei seiner Preisliste mit angezeigt.<br>So konnten Verbraucher erkennen, wohin <strong>Donald Trump<\/strong> sich neigt.<br>Dieses von <strong>Donald Trump<\/strong> mit dem Amazon Chef Jeff Bezos gekl\u00e4rt.<br><strong>Donald Trump<\/strong> will nicht, dass der Verbraucher von Pannen erf\u00e4hrt.<br><strong><br>\u00a9 Rainer Dambroth \u2013 02.05.2025 \u2013 <a href=\"http:\/\/www.overline-poetry.de\/\">www.overline-poetry.de<\/a><\/strong><br><br><strong>Die Aussage: &#8222;Donald Trump ist wie eine Chemotherapie&#8220; wurde von einer Donald Trump Anh\u00e4ngerin in einem Fernsehinterview gegeben.<\/strong><\/p>\n","protected":false},"excerpt":{"rendered":"<p>Ein Trump-Anh\u00e4nger sein Re(a)gieren mit Chemotherapie vergleicht.Man muss diese Therapie durchleiden, dann wird alles wieder leicht.Sind Trump-Fans, durch seine Reden und Erscheinung, so verblendetund erahnen nicht, wie diese &#8222;Chemotherapie&#8220; f\u00fcr ihr Amerika endet. Donald Trump ist als b\u00f6ses &#8222;Krebs-Geschw\u00fcr&#8220; f\u00fcr Amerika zu sehen,aber wie sie den Donald Trump verehren, kann man nicht verstehen.Dieser Trump-Krebs ist [&hellip;]<\/p>\n","protected":false},"author":1,"featured_media":0,"parent":0,"menu_order":0,"comment_status":"closed","ping_status":"closed","template":"","meta":{"footnotes":""},"class_list":["post-535","page","type-page","status-publish","hentry"],"jetpack_sharing_enabled":true,"_links":{"self":[{"href":"https:\/\/overline-poetry.de\/index.php\/wp-json\/wp\/v2\/pages\/535","targetHints":{"allow":["GET"]}}],"collection":[{"href":"https:\/\/overline-poetry.de\/index.php\/wp-json\/wp\/v2\/pages"}],"about":[{"href":"https:\/\/overline-poetry.de\/index.php\/wp-json\/wp\/v2\/types\/page"}],"author":[{"embeddable":true,"href":"https:\/\/overline-poetry.de\/index.php\/wp-json\/wp\/v2\/users\/1"}],"replies":[{"embeddable":true,"href":"https:\/\/overline-poetry.de\/index.php\/wp-json\/wp\/v2\/comments?post=535"}],"version-history":[{"count":1,"href":"https:\/\/overline-poetry.de\/index.php\/wp-json\/wp\/v2\/pages\/535\/revisions"}],"predecessor-version":[{"id":539,"href":"https:\/\/overline-poetry.de\/index.php\/wp-json\/wp\/v2\/pages\/535\/revisions\/539"}],"wp:attachment":[{"href":"https:\/\/overline-poetry.de\/index.php\/wp-json\/wp\/v2\/media?parent=535"}],"curies":[{"name":"wp","href":"https:\/\/api.w.org\/{rel}","templated":true}]}}