
{"id":543,"date":"2025-08-01T13:24:00","date_gmt":"2025-08-01T13:24:00","guid":{"rendered":"https:\/\/overline-poetry.de\/?page_id=543"},"modified":"2025-08-25T13:29:58","modified_gmt":"2025-08-25T13:29:58","slug":"es-ist-schon-5-vor-1933-und-wenn-wir-nicht-aufpassen-beginnt-wieder-die-vogelschisszeit","status":"publish","type":"page","link":"https:\/\/overline-poetry.de\/index.php\/es-ist-schon-5-vor-1933-und-wenn-wir-nicht-aufpassen-beginnt-wieder-die-vogelschisszeit\/","title":{"rendered":"Es ist schon 5 vor 1933 und wenn wir nicht aufpassen, beginnt wieder die Vogelschisszeit"},"content":{"rendered":"\n<p>Es ist schon fast unheimlich und \u00fcber den Zuwachs man erschreckt,<br>wenn man die Gruppe der <strong>rechtsextremen Populisten<\/strong> hat entdeckt.<br>Ich m\u00f6chte mit diesen nicht in meiner Nachbarschaft umgeben sein,<br>denn geht es um <strong>Rechtsextremismus<\/strong> und da bleibe ich lieber allein.<br>Funktion\u00e4re der AFD, wieder auf ein nationales Deutschland setzen,<br>mit v\u00f6lkisches Gedankengut, sie sich hoffentlich dann \u00fcbersch\u00e4tzen.<br><br>Dieser Hass sich fremdenfeindlich gegen die Migranten konzentriert.<br>Mit der Frage warum, zeigen sich die <strong>Rechtspopulisten<\/strong> dann irritiert.<br>Die Frage bleibt offen und als Antwort nur Worth\u00fclsen, die gegeben:<br>Migranten schr\u00e4nkten ein, die Wohnumgebung und das Arbeitsleben.<br>Die Migranten bekommen alles, was uns weggenommen, geschenkt.<br>Wurde dieses hinterfragt, bevor man in solchen \u201eSchubladen\u201c denkt.<br><br>Wo werden deutsche B\u00fcrger gegen\u00fcber Migranten hintenan gestellt?<br>Wo werden Migranten bevorzugt und bekommen sogar mehr Geld?<br>Vorgegeben von <strong>AFD<\/strong>-F\u00fchrern, mit Hoffnung, so werden sie gew\u00e4hlt,<br>v\u00f6lkische Hetze, die nur den Anh\u00e4ngern der <strong>Rechtspopulisten<\/strong> gef\u00e4llt.<br>Diese Hetze von der <strong>AFD<\/strong> gezielt gegen\u00fcber den Migranten betrieben.<br>So mobilisieren sie den Mob, hoffen, ihre Anh\u00e4nger werden es lieben.<br><br>In der Gruppe f\u00fchlen sie sich stark, denn hier werden sie gesch\u00fctzt,<br>zeigen sie sich im ungesch\u00fctzten Bereich, diese Gruppe wenig n\u00fctzt.<br>So mancher <strong>Rechtsextreme<\/strong> keine Arbeit f\u00fcr sich findet, das ist wahr,<br>aber wie <strong>Rechtsextreme<\/strong> sich geben, signalisieren sie sich als Gefahr.<br>Denn in \u00f6ffentlichen Raum, m\u00f6chte man <strong>Rechtsextreme<\/strong> nicht sehen,<br>denn so mancher B\u00fcrger wird ihren Auftritt als bedrohlich verstehen.<br><br><strong>\u00a9 Rainer Dambroth \u2013 01.08.2025 \u2013 www.overline-poetry.de<\/strong><br><br><strong>Vogelschisszeit<\/strong><br>AFD-Politiker, Alexander Gauland, verharmlost die Herrschaft der Nationalsozialisten als Vogelschiss in der Geschichte.<br><br><strong>\u201cMan darf nicht warten, bis aus dem Schneeball eine Lawine geworden ist. Man muss den rollenden Schneeball zertreten. Die Lawine h\u00e4lt keiner mehr auf. Sie ruht erst, wenn sie alles unter sich begraben hat.<\/strong>\u201e<strong><br>Erich K\u00e4stner<\/strong><\/p>\n","protected":false},"excerpt":{"rendered":"<p>Es ist schon fast unheimlich und \u00fcber den Zuwachs man erschreckt,wenn man die Gruppe der rechtsextremen Populisten hat entdeckt.Ich m\u00f6chte mit diesen nicht in meiner Nachbarschaft umgeben sein,denn geht es um Rechtsextremismus und da bleibe ich lieber allein.Funktion\u00e4re der AFD, wieder auf ein nationales Deutschland setzen,mit v\u00f6lkisches Gedankengut, sie sich hoffentlich dann \u00fcbersch\u00e4tzen. Dieser Hass [&hellip;]<\/p>\n","protected":false},"author":1,"featured_media":0,"parent":0,"menu_order":0,"comment_status":"closed","ping_status":"closed","template":"","meta":{"footnotes":""},"class_list":["post-543","page","type-page","status-publish","hentry"],"jetpack_sharing_enabled":true,"_links":{"self":[{"href":"https:\/\/overline-poetry.de\/index.php\/wp-json\/wp\/v2\/pages\/543","targetHints":{"allow":["GET"]}}],"collection":[{"href":"https:\/\/overline-poetry.de\/index.php\/wp-json\/wp\/v2\/pages"}],"about":[{"href":"https:\/\/overline-poetry.de\/index.php\/wp-json\/wp\/v2\/types\/page"}],"author":[{"embeddable":true,"href":"https:\/\/overline-poetry.de\/index.php\/wp-json\/wp\/v2\/users\/1"}],"replies":[{"embeddable":true,"href":"https:\/\/overline-poetry.de\/index.php\/wp-json\/wp\/v2\/comments?post=543"}],"version-history":[{"count":1,"href":"https:\/\/overline-poetry.de\/index.php\/wp-json\/wp\/v2\/pages\/543\/revisions"}],"predecessor-version":[{"id":547,"href":"https:\/\/overline-poetry.de\/index.php\/wp-json\/wp\/v2\/pages\/543\/revisions\/547"}],"wp:attachment":[{"href":"https:\/\/overline-poetry.de\/index.php\/wp-json\/wp\/v2\/media?parent=543"}],"curies":[{"name":"wp","href":"https:\/\/api.w.org\/{rel}","templated":true}]}}