
{"id":552,"date":"2025-08-20T13:51:00","date_gmt":"2025-08-20T13:51:00","guid":{"rendered":"https:\/\/overline-poetry.de\/?page_id=552"},"modified":"2025-08-25T13:54:02","modified_gmt":"2025-08-25T13:54:02","slug":"zankapfel-der-regierenden-parteien-buergergeld","status":"publish","type":"page","link":"https:\/\/overline-poetry.de\/index.php\/zankapfel-der-regierenden-parteien-buergergeld\/","title":{"rendered":"Zankapfel der regierenden Parteien: B\u00fcrgergeld"},"content":{"rendered":"\n<p>Wenn einem die Pl\u00e4ne fehlen oder politisch nicht mehr weiter wei\u00df,<br>streitet man \u00fcber das <strong>B\u00fcrgergeld<\/strong> und nennt das dann Arbeitsflei\u00df.<br>Anstatt die akuten Probleml\u00f6sungen endlich einmal durchzusetzen,<br>wird man als billiges Alibi, nur gegen die \u00c4rmsten der Armen hetzen.<br>Bei den &#8222;<strong>zu Reichen<\/strong>&#8220; durch Steuern ihr Verm\u00f6gen etwas zu mindern,<br>daran scheinen die &#8222;<strong>zu Reichen<\/strong>&#8220; die Regierenden massiv zu hindern.<br>Die <strong>CDU\/CSU<\/strong> wollten vieles in der Regierungsarbeit besser machen,<br>aber auch sie streiten in der \u00d6ffentlichkeit, um ganz banale Sachen.<br><br><strong>Alexander Dobrindt<\/strong> leidet unter dem \u201eillegalen Einwanderungswahn\u201c<br>und legt sich sogar mit den Nachbarstaaten, zum Beispiel Polen, an.<br>F\u00fcr den Grenzschutz, durch den Personalaufwand, er Geld verbrennt,<br>er sonst keine L\u00f6sungswege gegen die &#8222;illegale Einwanderung&#8220; kennt.<br>Bisher wurden 80 Millionen Euro f\u00fcr die Grenzsicherung verschossen,<br>nur um 100 Personen nicht hineinzulassen, macht schon verdrossen.<br>Die <strong>CDU\/CSU<\/strong> hatte Zeit, die Einwanderungskonzepte zu \u00fcberdenken.<br>um im europ\u00e4ischen Konsenz, die &#8222;illegale Einwanderung&#8220; zu lenken.<br><br>Die <strong>CDU\/CSU<\/strong> l\u00e4sst sich von der <strong>AFD<\/strong> durch den Bundestag &#8222;treiben&#8220;,<br>wen sie als Bundesrichter einsetzen, mit wem lassen sie besser bleiben.<br>Die <strong>CDU\/CSU<\/strong> lassen sich von der <strong>AFD<\/strong> die rechten Werte aufdiktieren,<br>auch wenn sie dadurch ihre &#8222;christlichen Werte&#8220; weiter noch verlieren.<br>Die <strong>CDU\/CSU<\/strong> versucht die rechten Forderungen der <strong>AFD<\/strong> zu kopieren.<br>Die rechten W\u00e4hler w\u00e4hlen lieber das Original, das sollte interessieren.<br>Die <strong>CDU\/CSU<\/strong> scheint f\u00fcr die Forderungen der <strong>AFD<\/strong> stets offene Ohren,<br>wenn sie so unselbstst\u00e4ndig, was haben sie in der Regierung verloren.<br><br><strong>Markus S\u00f6der<\/strong>, der bayrische Populist, durch seine \u00c4mter gut betucht,<br>nur wieder nach \u201ebilliger Hetze&#8220; gegen die \u00c4rmsten der Armen sucht.<br>Der Abstand von <strong>B\u00fcrgergeld<\/strong> zu den normalen L\u00f6hnen muss gewahrt<br>und wenn <strong>B\u00fcrgergeldempf\u00e4nger<\/strong> verhungern, haben wir Geld gespart.<br>Nat\u00fcrlich gibt es <strong>Schmarotzer,<\/strong> die im System die Schw\u00e4chen kennen,<br>aber Bezieher unter Generalverdacht zu stellen, als falsch zu benennen.<br>Nat\u00fcrlich gibt es <strong>Schmarotzer<\/strong>, die auf Kosten der Allgemeinheit leben,<br>denn auch bei den Politikern, scheint es einige <strong>Schmarotzer<\/strong> zu geben.<br><br><strong>\u00a9 Rainer Dambroth \u2013 20.08.2025 \u2013 www.overline-poetry.de<\/strong><br><br><strong><em>Zankapfel<\/em><\/strong><br><em>&#8222;Zankapfel&#8220; ist ein deutscher Ausdruck, der einen Stritpunkt oder eine strittige Frage bezeichnet, also einen Gegenstand, der zu Meinungsverschiedenheiten f\u00fchrt.<br>Internetfund<\/em><br><br><em><strong>Schmarotzer<\/strong><br>Im \u00fcbertragenen Sinne kann &#8222;Schmarotzer&#8220; auch eine Person bezeichnen, die sich auf Kosten anderer bereichert oder von deren Arbeit oder Ressourcen profitiert, ohne selbst einen angemessenen Beitrag zu leisten.<br>Internetfund<\/em><\/p>\n","protected":false},"excerpt":{"rendered":"<p>Wenn einem die Pl\u00e4ne fehlen oder politisch nicht mehr weiter wei\u00df,streitet man \u00fcber das B\u00fcrgergeld und nennt das dann Arbeitsflei\u00df.Anstatt die akuten Probleml\u00f6sungen endlich einmal durchzusetzen,wird man als billiges Alibi, nur gegen die \u00c4rmsten der Armen hetzen.Bei den &#8222;zu Reichen&#8220; durch Steuern ihr Verm\u00f6gen etwas zu mindern,daran scheinen die &#8222;zu Reichen&#8220; die Regierenden massiv zu [&hellip;]<\/p>\n","protected":false},"author":1,"featured_media":0,"parent":0,"menu_order":0,"comment_status":"closed","ping_status":"closed","template":"","meta":{"footnotes":""},"class_list":["post-552","page","type-page","status-publish","hentry"],"jetpack_sharing_enabled":true,"_links":{"self":[{"href":"https:\/\/overline-poetry.de\/index.php\/wp-json\/wp\/v2\/pages\/552","targetHints":{"allow":["GET"]}}],"collection":[{"href":"https:\/\/overline-poetry.de\/index.php\/wp-json\/wp\/v2\/pages"}],"about":[{"href":"https:\/\/overline-poetry.de\/index.php\/wp-json\/wp\/v2\/types\/page"}],"author":[{"embeddable":true,"href":"https:\/\/overline-poetry.de\/index.php\/wp-json\/wp\/v2\/users\/1"}],"replies":[{"embeddable":true,"href":"https:\/\/overline-poetry.de\/index.php\/wp-json\/wp\/v2\/comments?post=552"}],"version-history":[{"count":1,"href":"https:\/\/overline-poetry.de\/index.php\/wp-json\/wp\/v2\/pages\/552\/revisions"}],"predecessor-version":[{"id":556,"href":"https:\/\/overline-poetry.de\/index.php\/wp-json\/wp\/v2\/pages\/552\/revisions\/556"}],"wp:attachment":[{"href":"https:\/\/overline-poetry.de\/index.php\/wp-json\/wp\/v2\/media?parent=552"}],"curies":[{"name":"wp","href":"https:\/\/api.w.org\/{rel}","templated":true}]}}