
{"id":572,"date":"2025-07-19T15:05:00","date_gmt":"2025-07-19T15:05:00","guid":{"rendered":"https:\/\/overline-poetry.de\/?page_id=572"},"modified":"2025-08-25T15:08:19","modified_gmt":"2025-08-25T15:08:19","slug":"donald-trump-ist-nicht-kalkulierbar","status":"publish","type":"page","link":"https:\/\/overline-poetry.de\/index.php\/donald-trump-ist-nicht-kalkulierbar\/","title":{"rendered":"Donald Trump ist nicht kalkulierbar"},"content":{"rendered":"\n<p>Wenn <strong>Donald Trump<\/strong>, weil aufgefordert, zur Rednerb\u00fchne schreitet,<br>wird au\u00dfer seiner wirren Gestik, viel \u201ehei\u00dfe Luft\u201c von ihm verbreitet.<br>Gestellte Fragen, er mit \u201esinnlosem Geschwafel\u201c geschickt abwehrt,<br>denn er will nicht, dass der Fragende seine Ahnungslosigkeit erf\u00e4hrt.<br><br><strong>Donald Trump<\/strong> ist doch so kindlich naiv und sehr einfach \u201egestrickt\u201c,<br>wenn morgens, als <strong>K\u00f6nig Donald der Erste<\/strong>, sich im Spiegel erblickt.<br>Er vor Ehrfurcht und Demut dann sich vor seinem Ebenbild verneigt,<br>wenn sich der <strong>K\u00f6nig Donald der Erste<\/strong>, ihm als Spiegelbild sich zeigt.<br><br><strong>K\u00f6nig Donald der Erste<\/strong> lebt nicht in einer realen \u201epolitischen Welt\u201c.<br>F\u00fcr ihn z\u00e4hlen nur Deals und nat\u00fcrlich damit fest verbunden: Geld!<br>Fliegt er in ein Land, wo im Krieg f\u00fcr den Frieden muss geschlichtet,<br>kommt zuerst das Gesch\u00e4ft, \u201eDer Deal\u201c, so wurde von ihm berichtet.<br><br>Ihn interessiert nicht, hungernde Menschen oder humanit\u00e4res Leid.<br><strong>Donald Trump<\/strong> interessiert nur das Geld durch Deals, daf\u00fcr hat Zeit.<br>Die Fans der Republikaner <strong>Donald Trump<\/strong> wie einen Guru verehren.<br>Profiteure wollen <strong>Donald Trump<\/strong> sogar mit dem Friedenspreis ehren.<br><br><strong>Donald Trump<\/strong> den Despoten Putin zwar f\u00fcr komplett verr\u00fcckt erkl\u00e4rt,<br>wenn er von dem Angriffskrieg und Gr\u00e4ueltaten in der Ukraine erf\u00e4hrt.<br>Wenn Despot Putin dem <strong>Donald Trump<\/strong> einen Deal vor die Nase h\u00e4lt,<br>wird <strong>Donald Trump<\/strong> so bes\u00e4nftigt, aber nur, wenn der Deal ihm gef\u00e4llt.<br><br>Man erwartet von <strong>Donald Trump<\/strong>, als Regent, keine Ernsthaftigkeit,<br>denn f\u00fcr das Regieren der Vereinigten Staaten, da fehlt ihm die Zeit.<br><strong>Donald Trump<\/strong> interessiert Rezepturen von Coca Cola und Eierpreise.<br>\u201eHoflieferanten\u201c, ohne einen Deal, er mit Z\u00f6llen &#8222;in Schranken weise&#8220;.<br><br>Bei dem <strong>Donald Trump<\/strong> fehlt die Kalkulierbarkeit und die Kontinuit\u00e4t,<br>denn was heute von ihm beschlossen, ab morgen nicht mehr geht!<br>Heute ist man Freund, aber vielleicht morgen wird man zum Feind,<br>weil <strong>K\u00f6nig Donald der Erste<\/strong>, jeden Tag etwas anderes damit meint.<br><br>Als der Hofnarr von Amerika, da hat er sich einen Namen gemacht,<br>\u00fcberall wo <strong>Donald Trump<\/strong> auftaucht, wird herzlich \u00fcber ihn gelacht.<br>Er sich selbst, als den bisher besten Pr\u00e4sidenten Amerikas benennt,<br>weil er die Leistungen der bisherigen Pr\u00e4sidenten nicht anerkennt.<br><br>Die freie Meinung in den Medien wird von <strong>Donald Trump<\/strong> verboten,<br>denn Medienvertreter mit einer anderen Meinung, sind alles Idioten.<br><strong>Donald Trump <\/strong>seinem Namensvetter aus Entenhausen sehr gleicht,<br>auch der &#8222;schnattert&#8220; dahin und hei\u00dfe Luft dem Schnabel entweicht.<br><br><strong>Donald Trump<\/strong> fr\u00fchestens in 10 Jahren zu einem Pr\u00e4sidenten gereift,<br>denn viele Zusammenh\u00e4nge auf dieser Welt, er noch nicht begreift.<br>Nur dann, ist er als Pr\u00e4sident f\u00fcr Amerika schon viel zu alt und senil,<br>so dass man keine sinnvolle Handlung von Ihm noch erwarten will.<br><br><strong>\u00a9 Rainer Dambroth \u2013 19.07.2025 \u2013 www.overline-poetry.de<\/strong><\/p>\n","protected":false},"excerpt":{"rendered":"<p>Wenn Donald Trump, weil aufgefordert, zur Rednerb\u00fchne schreitet,wird au\u00dfer seiner wirren Gestik, viel \u201ehei\u00dfe Luft\u201c von ihm verbreitet.Gestellte Fragen, er mit \u201esinnlosem Geschwafel\u201c geschickt abwehrt,denn er will nicht, dass der Fragende seine Ahnungslosigkeit erf\u00e4hrt. Donald Trump ist doch so kindlich naiv und sehr einfach \u201egestrickt\u201c,wenn morgens, als K\u00f6nig Donald der Erste, sich im Spiegel erblickt.Er [&hellip;]<\/p>\n","protected":false},"author":1,"featured_media":0,"parent":0,"menu_order":0,"comment_status":"closed","ping_status":"closed","template":"","meta":{"footnotes":""},"class_list":["post-572","page","type-page","status-publish","hentry"],"jetpack_sharing_enabled":true,"_links":{"self":[{"href":"https:\/\/overline-poetry.de\/index.php\/wp-json\/wp\/v2\/pages\/572","targetHints":{"allow":["GET"]}}],"collection":[{"href":"https:\/\/overline-poetry.de\/index.php\/wp-json\/wp\/v2\/pages"}],"about":[{"href":"https:\/\/overline-poetry.de\/index.php\/wp-json\/wp\/v2\/types\/page"}],"author":[{"embeddable":true,"href":"https:\/\/overline-poetry.de\/index.php\/wp-json\/wp\/v2\/users\/1"}],"replies":[{"embeddable":true,"href":"https:\/\/overline-poetry.de\/index.php\/wp-json\/wp\/v2\/comments?post=572"}],"version-history":[{"count":1,"href":"https:\/\/overline-poetry.de\/index.php\/wp-json\/wp\/v2\/pages\/572\/revisions"}],"predecessor-version":[{"id":576,"href":"https:\/\/overline-poetry.de\/index.php\/wp-json\/wp\/v2\/pages\/572\/revisions\/576"}],"wp:attachment":[{"href":"https:\/\/overline-poetry.de\/index.php\/wp-json\/wp\/v2\/media?parent=572"}],"curies":[{"name":"wp","href":"https:\/\/api.w.org\/{rel}","templated":true}]}}