
{"id":579,"date":"2025-07-27T15:59:00","date_gmt":"2025-07-27T15:59:00","guid":{"rendered":"https:\/\/overline-poetry.de\/?page_id=579"},"modified":"2025-08-25T16:12:58","modified_gmt":"2025-08-25T16:12:58","slug":"markus-soeder-der-vordraengler-in-den-medien","status":"publish","type":"page","link":"https:\/\/overline-poetry.de\/index.php\/markus-soeder-der-vordraengler-in-den-medien\/","title":{"rendered":"Markus S\u00f6der, der Vordr\u00e4ngler in den Medien"},"content":{"rendered":"\n<p>H\u00e4ltst du eine Wei\u00dfwurst in die Menschenmenge hinein, als K\u00f6der.<br>Holst du den K\u00f6der wieder rein und wer h\u00e4ngt daran, <strong>Markus S\u00f6der<\/strong>.<br>Oder tue so, als wenn du interessante Personen willst fotografieren.<br><strong>Markus S\u00f6der<\/strong>, der wird als Erster, Fotografen f\u00fcr sich interessieren.<br>Am Liebsten l\u00e4sst <strong>Markus S\u00f6der<\/strong> sich beim Fastfood kauen ablichten,<br>aber so kann er, weil mit vollem Mund, nichts Unsinniges berichten.<br><br>Jede Situation, um aufzufallen, wird von dem <strong>Markus S\u00f6der<\/strong> gesucht<br>in der Hoffnung, dass irgendein Medium den <strong>Markus S\u00f6der<\/strong> \u201ebucht\u201c.<br>So werden von <strong>Markus S\u00f6der<\/strong> oft \u201evorschnelle Aussagen\u201c gemacht.<br>Dieses, ohne \u00fcber Konsequenzen der Aussage vorher nachgedacht.<br>Der Mund war schneller, als vom Hirn die Aussage wird kontrolliert.<br>Nur um im Rampenlicht zu stehen, ein solcher Lapsus dann passiert.<br><br>Mit Rufmord wurde eine Nominierung <strong>Brosius-Gersdorf<\/strong> abgelehnt.<br>Das zwar richtig gestellt, aber keine Entschuldigung, hier erw\u00e4hnt.<br>Einige der <strong>CSU <\/strong>wollen R\u00fcckzug und \u00fcber neue Vorschl\u00e4ge sprechen,<br>h\u00f6ren sie nicht den Jubel der <strong>AFD<\/strong>, denn so wird sich dieses r\u00e4chen.<br>Dieses Politikum sollte nicht mehr \u00f6ffentlich benotet und diskutiert,<br>denn mit dieser Gesichtswahrung, die<strong> CSU<\/strong> so mehr Gesicht verliert.<br><br>Ich kann nur <strong>Lars Klingbeil<\/strong> mit der letzten Forderung unterst\u00fctzen,<br>an der Kandidatin festhalten, nicht Stimmungsmacher zu sch\u00fctzen.<br>Eher wurde ich mich der politischen Stimmungsmacher entledigen<br>und der Kirchenleute, die Rufsch\u00e4digung von der Kanzel predigen.<br><strong>Brosius-Gersdorf<\/strong> wurde zum Schutz der Verfassung vorgeschlagen,<br>da \u00fcber jeden Verdacht erhaben, sollte das die <strong>CDU\/CSU<\/strong> mittragen.<br><br><strong>\u00a9 Rainer Dambroth \u2013 27.07.2025 \u2013 www.overline-poetry.de<\/strong><br><br><strong><a href=\"https:\/\/overline-poetry.de\/wp-admin\/post.php?post=201&amp;action=edit\">Markus S\u00f6der vermarktet sich mit Foodporn<\/a><\/strong><br><strong><a href=\"https:\/\/overline-poetry.de\/wp-admin\/post.php?post=552&amp;action=edit\">Zankapfel der regierenden Parteien: B\u00fcrgergeld<\/a><\/strong><br><strong><a href=\"https:\/\/overline-poetry.de\/wp-admin\/post.php?post=308&amp;action=edit\">Bundestagswahl 2025 und das Parteien Gez\u00e4nk<\/a><\/strong><\/p>\n","protected":false},"excerpt":{"rendered":"<p>H\u00e4ltst du eine Wei\u00dfwurst in die Menschenmenge hinein, als K\u00f6der.Holst du den K\u00f6der wieder rein und wer h\u00e4ngt daran, Markus S\u00f6der.Oder tue so, als wenn du interessante Personen willst fotografieren.Markus S\u00f6der, der wird als Erster, Fotografen f\u00fcr sich interessieren.Am Liebsten l\u00e4sst Markus S\u00f6der sich beim Fastfood kauen ablichten,aber so kann er, weil mit vollem Mund, [&hellip;]<\/p>\n","protected":false},"author":1,"featured_media":0,"parent":0,"menu_order":0,"comment_status":"closed","ping_status":"closed","template":"","meta":{"footnotes":""},"class_list":["post-579","page","type-page","status-publish","hentry"],"jetpack_sharing_enabled":true,"_links":{"self":[{"href":"https:\/\/overline-poetry.de\/index.php\/wp-json\/wp\/v2\/pages\/579","targetHints":{"allow":["GET"]}}],"collection":[{"href":"https:\/\/overline-poetry.de\/index.php\/wp-json\/wp\/v2\/pages"}],"about":[{"href":"https:\/\/overline-poetry.de\/index.php\/wp-json\/wp\/v2\/types\/page"}],"author":[{"embeddable":true,"href":"https:\/\/overline-poetry.de\/index.php\/wp-json\/wp\/v2\/users\/1"}],"replies":[{"embeddable":true,"href":"https:\/\/overline-poetry.de\/index.php\/wp-json\/wp\/v2\/comments?post=579"}],"version-history":[{"count":4,"href":"https:\/\/overline-poetry.de\/index.php\/wp-json\/wp\/v2\/pages\/579\/revisions"}],"predecessor-version":[{"id":586,"href":"https:\/\/overline-poetry.de\/index.php\/wp-json\/wp\/v2\/pages\/579\/revisions\/586"}],"wp:attachment":[{"href":"https:\/\/overline-poetry.de\/index.php\/wp-json\/wp\/v2\/media?parent=579"}],"curies":[{"name":"wp","href":"https:\/\/api.w.org\/{rel}","templated":true}]}}