
{"id":590,"date":"2025-08-07T16:22:22","date_gmt":"2025-08-07T16:22:22","guid":{"rendered":"https:\/\/overline-poetry.de\/?page_id=590"},"modified":"2025-08-25T16:25:15","modified_gmt":"2025-08-25T16:25:15","slug":"warum-ist-die-afd-prozentual-so-stark-geworden","status":"publish","type":"page","link":"https:\/\/overline-poetry.de\/index.php\/warum-ist-die-afd-prozentual-so-stark-geworden\/","title":{"rendered":"Warum ist die AFD prozentual so stark geworden?"},"content":{"rendered":"\n<p><strong>Die AFD macht nichts<\/strong>, au\u00dfer die Arbeit der Regierung zu kritisieren,<br>aber ohne ein schl\u00fcssiges Konzept k\u00f6nnen sie nicht besser regieren.<br>Die <strong>AFD<\/strong>, wie <strong>Nazis<\/strong> 1933, gezielt gegen ausl\u00e4ndische B\u00fcrger hetzen<br>und den gewaltbereiten Mob der <strong>AFD<\/strong> dann auf Migranten ansetzen.<br><br><strong>Konzentrierten Hass<\/strong> kann man nicht einfach politisch weg regieren<br>und nur auf eine Sache konzentriert, werden wichtige Dinge verlieren.<br>Die Migrationsdebatte der <strong>AFD<\/strong> ist vorgeschoben ein \u201eScheingefecht\u201c,<br>denn damit macht man nur den &#8222;Unterbelichteten&#8220; der <strong>AFD<\/strong> es recht.<br><br>Die Mitl\u00e4ufer der <strong>AFD<\/strong> nur auf die Spr\u00fcche der <strong>AFD<\/strong>-F\u00fchrung h\u00f6ren.<br>Ohne nachzufragen, lassen sie sich mit Falschinformationen bet\u00f6ren.<br>Das <strong>AFD<\/strong>-Programm ist Remigration und gegen Ausl\u00e4nder hetzen!<br>Wer soll die, in vielen Bereichen, fehlenden Arbeitskr\u00e4fte ersetzen?<br><br><strong>Die AFD macht nichts<\/strong>, au\u00dfer gegen die Regierung zu protestieren,<br>aber nur mit Ausl\u00e4nderfeindlichkeit werden sie nicht besser regieren.<br>Es sind nicht die hellsten Kerzen, die f\u00fcr eine <strong>AFD<\/strong>-Macht \u201ebrennen\u201c,<br>sondern h\u00f6rige \u201eMitl\u00e4ufer\u201c, die die <strong>AFD<\/strong> als Probleml\u00f6ser benennen.<br><br>Die <strong>AFD<\/strong>-Anh\u00e4nger sagen: \u201eSie sollten zeigen, dass sie es k\u00f6nnen\u201c,<br>aber haben sie die Macht, werden sie ihre Forderungen benennen.<br>Wie bei dem Hexenbesen, dem man den Befehl zur Macht gegeben,<br>werden wir dann unerw\u00fcnschte Ver\u00e4nderungen im System erleben.<br><br>In Amerika mit ihrem &#8222;Imperator&#8220;, <strong>Donald Trump<\/strong>, kann man erleben,<br>was passiert, wenn einem <strong>Rechtsextremen<\/strong> die Macht wird gegeben.<br>Auch Ungarn wird von einem <strong>Rechtspopulisten<\/strong> sehr schlecht regiert,<br><strong>Viktor Orban<\/strong> stopft sich die Taschen voll und das Volk dabei verliert.<br><br>Die <strong>AFD<\/strong> sucht die Allianzen zu den autorit\u00e4r regierenden M\u00e4chten,<br>die mit ihrer Herrschaft dann Leid \u00fcber das deutsche Volk br\u00e4chten.<br><strong>Die AFD macht nichts<\/strong>, au\u00dfer sich gegen die Regierung aufzulehnen,<br>wohin das f\u00fchrt, da sollte man die Vogelschissgeschichte erw\u00e4hnen.<br><br><strong>\u00a9 Rainer Dambroth \u2013 07.08.2025 \u2013 www.overline-poetry.de<\/strong><\/p>\n","protected":false},"excerpt":{"rendered":"<p>Die AFD macht nichts, au\u00dfer die Arbeit der Regierung zu kritisieren,aber ohne ein schl\u00fcssiges Konzept k\u00f6nnen sie nicht besser regieren.Die AFD, wie Nazis 1933, gezielt gegen ausl\u00e4ndische B\u00fcrger hetzenund den gewaltbereiten Mob der AFD dann auf Migranten ansetzen. Konzentrierten Hass kann man nicht einfach politisch weg regierenund nur auf eine Sache konzentriert, werden wichtige Dinge [&hellip;]<\/p>\n","protected":false},"author":1,"featured_media":0,"parent":0,"menu_order":0,"comment_status":"closed","ping_status":"closed","template":"","meta":{"footnotes":""},"class_list":["post-590","page","type-page","status-publish","hentry"],"jetpack_sharing_enabled":true,"_links":{"self":[{"href":"https:\/\/overline-poetry.de\/index.php\/wp-json\/wp\/v2\/pages\/590","targetHints":{"allow":["GET"]}}],"collection":[{"href":"https:\/\/overline-poetry.de\/index.php\/wp-json\/wp\/v2\/pages"}],"about":[{"href":"https:\/\/overline-poetry.de\/index.php\/wp-json\/wp\/v2\/types\/page"}],"author":[{"embeddable":true,"href":"https:\/\/overline-poetry.de\/index.php\/wp-json\/wp\/v2\/users\/1"}],"replies":[{"embeddable":true,"href":"https:\/\/overline-poetry.de\/index.php\/wp-json\/wp\/v2\/comments?post=590"}],"version-history":[{"count":1,"href":"https:\/\/overline-poetry.de\/index.php\/wp-json\/wp\/v2\/pages\/590\/revisions"}],"predecessor-version":[{"id":594,"href":"https:\/\/overline-poetry.de\/index.php\/wp-json\/wp\/v2\/pages\/590\/revisions\/594"}],"wp:attachment":[{"href":"https:\/\/overline-poetry.de\/index.php\/wp-json\/wp\/v2\/media?parent=590"}],"curies":[{"name":"wp","href":"https:\/\/api.w.org\/{rel}","templated":true}]}}