
{"id":608,"date":"2025-05-31T16:04:00","date_gmt":"2025-05-31T16:04:00","guid":{"rendered":"https:\/\/overline-poetry.de\/?page_id=608"},"modified":"2025-08-26T16:16:03","modified_gmt":"2025-08-26T16:16:03","slug":"elon-musk-die-ratten-verlassen-das-sinkende-schiff","status":"publish","type":"page","link":"https:\/\/overline-poetry.de\/index.php\/elon-musk-die-ratten-verlassen-das-sinkende-schiff\/","title":{"rendered":"Elon Musk &#8211; Die Ratten verlassen das sinkende Schiff?"},"content":{"rendered":"\n<p><strong>Elon Musk<\/strong> verl\u00e4sst zum Selbstschutz vorzeitig das Regierungsschiff,<br>bevor es, mit weiteren finanziellen Schaden \u201eaufl\u00e4uft, auf ein Riff\u201c.<br>Die Tesla-Auto-Verk\u00e4ufe und Tesla-Aktien in den Abgrund st\u00fcrzen.<br>Das passiert, wenn nach seinem Geschmack, die Politik will w\u00fcrzen.<br><br><strong>Elon Musk<\/strong> hat versucht mit DOGE die Verwaltung zu \u201eschlanken\u201c,<br>aber ein Staat ohne Funktion, die US-B\u00fcrger werden sich bedanken<br>Auch das Gesundheitssystem wird f\u00fcr die B\u00fcrger heruntergefahren,<br>so kann man Kosten und f\u00fcr die armen B\u00fcrger \u201eLebenszeit sparen\u201c.<br><br><strong>Donald Trumps<\/strong> Philosophie: \u201eHauptsache Reiche werden \u00fcberleben\u201c<br>aber ohne die \u201ezahlenden \u00c4rmeren\u201c, kann es keine Reichen geben.<br>So werden f\u00fcr die zu importierenden Waren zu hohe Z\u00f6lle verh\u00e4ngt<br>und die US-B\u00fcrger werden es ihm danken, so <strong>Donald Trump<\/strong> denkt.<br><br>Da die Einfuhrz\u00f6lle die Steuerbeh\u00f6rde Staat als Einnahmen abkassiert<br>und die US-B\u00fcrger werden durch zu hohe Verbraucherpreise br\u00fcskiert.<br>Durch <strong>Donald Trump<\/strong> seine Handelspolitik verlor <strong>Elon Musk<\/strong> viel Geld,<br>aber auch den anderen Superreichen, denen der Verlust nicht gef\u00e4llt.<br><br><strong>Donald Trump<\/strong> sein Verm\u00f6gen vermehrt, durch korruptes Verhalten,<br>denn auch ein 400 Millionen Flugzeug als Geschenk will er behalten.<br>Nach seiner Amtszeit wird es der <strong>Donald-Trump<\/strong>-Stiftung \u00fcbertragen,<br>so braucht der folgende Pr\u00e4sident nicht nach dem Verbleib zu fragen.<\/p>\n\n\n\n<p><strong>Donald Trump<\/strong> hat &#8222;den Ruf&#8220; der Vereinigten Staaten Amerika ruiniert,<br>denn das Land der unbegrenzten M\u00f6glichkeiten nicht mehr interessiert.<br>Bei den Wissenschaftlern werden die staatlichen Zusch\u00fcsse ausgesetzt,<br>auch eine internationale Zusammenarbeit nicht mehr &#8222;wertgesch\u00e4tzt&#8220;.<br><br>An den Universit\u00e4ten werden nur amerikanische Studenten zugelassen<br>und dieses im Land der Forscher und Entdecker, das ist nicht zu fassen.<br>Auch von Touristen wird Amerika zur Zeit als Entdeckerland abgelehnt,<br>denn den Besuchern ist ein Amerikabesuch zu riskant, sei hier erw\u00e4hnt.<br><br>Amerika, ein starkes Land, wird durch <strong>Donald Trump<\/strong> sehr geschw\u00e4cht,<br>denn <strong>Donald Trump<\/strong> sieht bei all seinen Taten, sein Handeln im Recht.<br>Wenn Tollhausbewohner <strong>Donald Trump<\/strong> bleibt in &#8222;Amt und W\u00fcrden&#8220;,<br>liegen f\u00fcr eine kooperative Zusammenarbeit, sehr hoch die &#8222;H\u00fcrden&#8220;.<br><br>\u00a9 Rainer Dambroth \u2013 31.05.2025 \u2013 www.overline-poetry.de<br><br><strong>Tollhaus<\/strong><em><br><\/em><strong><em>Haus, in dem psychotische Menschen von der Gesellschaft abgesondert leben \u201edas Stadion in ein Tollhaus (in eine St\u00e4tte, wo Leute sich wild geb\u00e4rden, ausgelassen feiern) verwandeln\u201c<br>&#8211; Internetfund &#8211;<\/em><\/strong><\/p>\n","protected":false},"excerpt":{"rendered":"<p>Elon Musk verl\u00e4sst zum Selbstschutz vorzeitig das Regierungsschiff,bevor es, mit weiteren finanziellen Schaden \u201eaufl\u00e4uft, auf ein Riff\u201c.Die Tesla-Auto-Verk\u00e4ufe und Tesla-Aktien in den Abgrund st\u00fcrzen.Das passiert, wenn nach seinem Geschmack, die Politik will w\u00fcrzen. Elon Musk hat versucht mit DOGE die Verwaltung zu \u201eschlanken\u201c,aber ein Staat ohne Funktion, die US-B\u00fcrger werden sich bedankenAuch das Gesundheitssystem wird [&hellip;]<\/p>\n","protected":false},"author":1,"featured_media":0,"parent":0,"menu_order":0,"comment_status":"closed","ping_status":"closed","template":"","meta":{"footnotes":""},"class_list":["post-608","page","type-page","status-publish","hentry"],"jetpack_sharing_enabled":true,"_links":{"self":[{"href":"https:\/\/overline-poetry.de\/index.php\/wp-json\/wp\/v2\/pages\/608","targetHints":{"allow":["GET"]}}],"collection":[{"href":"https:\/\/overline-poetry.de\/index.php\/wp-json\/wp\/v2\/pages"}],"about":[{"href":"https:\/\/overline-poetry.de\/index.php\/wp-json\/wp\/v2\/types\/page"}],"author":[{"embeddable":true,"href":"https:\/\/overline-poetry.de\/index.php\/wp-json\/wp\/v2\/users\/1"}],"replies":[{"embeddable":true,"href":"https:\/\/overline-poetry.de\/index.php\/wp-json\/wp\/v2\/comments?post=608"}],"version-history":[{"count":1,"href":"https:\/\/overline-poetry.de\/index.php\/wp-json\/wp\/v2\/pages\/608\/revisions"}],"predecessor-version":[{"id":612,"href":"https:\/\/overline-poetry.de\/index.php\/wp-json\/wp\/v2\/pages\/608\/revisions\/612"}],"wp:attachment":[{"href":"https:\/\/overline-poetry.de\/index.php\/wp-json\/wp\/v2\/media?parent=608"}],"curies":[{"name":"wp","href":"https:\/\/api.w.org\/{rel}","templated":true}]}}